{"id":7322,"date":"2026-02-17T15:14:34","date_gmt":"2026-02-17T14:14:34","guid":{"rendered":"https:\/\/brouwerijdehemel.nl\/?post_type=product&#038;p=7322"},"modified":"2026-04-20T10:09:20","modified_gmt":"2026-04-20T08:09:20","slug":"engelentranen","status":"publish","type":"product","link":"https:\/\/brouwerijdehemel.nl\/de\/produkt\/engelentranen\/","title":{"rendered":"Engelstr\u00e4nen"},"content":{"rendered":"<p>Heaven Angel Tears ist ein Destillat aus Wei\u00dfbier und Orangenschalen. Das Wei\u00dfbier Serafine hat einen milden Geschmack, und beim Brauen dieses Biers werden Orangenschalen hinzugef\u00fcgt. Das Destillat dieses Biers hat den gleichen milden Geschmack und die Orangenaromen, die es kennzeichnen.<\/p>\n<p>Dieser aromatische Orangenlik\u00f6r ist mit hausgemachter Orangentinktur aromatisiert. Das ist ein Konzentrat aus Orangenschalen, das viel Bitterstoffe aus den Schalen enth\u00e4lt und dem Lik\u00f6r einen kr\u00e4ftigen Biss verleiht.<\/p>\n<p>Engelstr\u00e4nen enthalten echtes Gold. Dieses kann einfach getrunken werden. Das Gold gibt keinen Geschmack ab; es ist nur zur Schau. Denn Geschmack ist wichtig, aber das Auge will auch etwas haben.<\/p>\n<p>Alkoholgehalt: 40% vol.<\/p>","protected":false},"excerpt":{"rendered":"<p>Ein Bitterorangenlik\u00f6r, destilliert aus Weizenbier, angereichert mit Orangenschalen.<\/p>","protected":false},"featured_media":7594,"template":"","meta":{"_acf_changed":false},"product_brand":[],"product_cat":[129,19],"product_tag":[],"class_list":{"0":"post-7322","1":"product","2":"type-product","3":"status-publish","4":"has-post-thumbnail","6":"product_cat-distillaten","7":"product_cat-producten","9":"first","10":"instock","11":"taxable","12":"shipping-taxable","13":"purchasable","14":"product-type-simple"},"booking_location":null,"booking_location_type":null,"booking_duration":null,"booking_duration_unit":null,"booking_buffer":null,"booking_cost":null,"booking_resources":null,"exclude_global_add_ons":[],"addons":[],"acf":[],"yoast_head":"<!-- This site is optimized with the Yoast SEO plugin v27.4 - https:\/\/yoast.com\/product\/yoast-seo-wordpress\/ -->\n<title>Engelentranen - Brouwerij de Hemel<\/title>\n<meta name=\"robots\" content=\"index, follow, max-snippet:-1, max-image-preview:large, max-video-preview:-1\" \/>\n<link rel=\"canonical\" href=\"https:\/\/brouwerijdehemel.nl\/de\/produkt\/engelentranen\/\" \/>\n<meta property=\"og:locale\" content=\"de_DE\" \/>\n<meta property=\"og:type\" content=\"article\" \/>\n<meta property=\"og:title\" content=\"Engelentranen - Brouwerij de Hemel\" \/>\n<meta property=\"og:description\" content=\"Een Bittere Sinaasappellikeur gestookt uit witbier, verrijkt met sinaasappelschillen.\" \/>\n<meta property=\"og:url\" content=\"https:\/\/brouwerijdehemel.nl\/de\/produkt\/engelentranen\/\" \/>\n<meta property=\"og:site_name\" content=\"Brouwerij de Hemel\" \/>\n<meta property=\"article:publisher\" content=\"https:\/\/www.facebook.com\/DeHemelBrouwerij\/\" \/>\n<meta property=\"article:modified_time\" content=\"2026-04-20T08:09:20+00:00\" \/>\n<meta property=\"og:image\" content=\"https:\/\/brouwerijdehemel.nl\/wp-content\/uploads\/2026\/03\/webshop-engelentranen.jpg\" \/>\n\t<meta property=\"og:image:width\" content=\"999\" \/>\n\t<meta property=\"og:image:height\" content=\"1386\" \/>\n\t<meta property=\"og:image:type\" content=\"image\/jpeg\" \/>\n<meta name=\"twitter:card\" content=\"summary_large_image\" \/>\n<meta name=\"twitter:label1\" content=\"Gesch\u00e4tzte Lesezeit\" \/>\n\t<meta name=\"twitter:data1\" content=\"1\u00a0Minute\" \/>\n<script type=\"application\/ld+json\" class=\"yoast-schema-graph\">{\"@context\":\"https:\\\/\\\/schema.org\",\"@graph\":[{\"@type\":\"WebPage\",\"@id\":\"https:\\\/\\\/brouwerijdehemel.nl\\\/product\\\/engelentranen\\\/\",\"url\":\"https:\\\/\\\/brouwerijdehemel.nl\\\/product\\\/engelentranen\\\/\",\"name\":\"Engelentranen - Brouwerij de Hemel\",\"isPartOf\":{\"@id\":\"https:\\\/\\\/brouwerijdehemel.nl\\\/#website\"},\"primaryImageOfPage\":{\"@id\":\"https:\\\/\\\/brouwerijdehemel.nl\\\/product\\\/engelentranen\\\/#primaryimage\"},\"image\":{\"@id\":\"https:\\\/\\\/brouwerijdehemel.nl\\\/product\\\/engelentranen\\\/#primaryimage\"},\"thumbnailUrl\":\"https:\\\/\\\/brouwerijdehemel.nl\\\/wp-content\\\/uploads\\\/2026\\\/03\\\/webshop-engelentranen.jpg\",\"datePublished\":\"2026-02-17T14:14:34+00:00\",\"dateModified\":\"2026-04-20T08:09:20+00:00\",\"breadcrumb\":{\"@id\":\"https:\\\/\\\/brouwerijdehemel.nl\\\/product\\\/engelentranen\\\/#breadcrumb\"},\"inLanguage\":\"de\",\"potentialAction\":[{\"@type\":\"ReadAction\",\"target\":[\"https:\\\/\\\/brouwerijdehemel.nl\\\/product\\\/engelentranen\\\/\"]}]},{\"@type\":\"ImageObject\",\"inLanguage\":\"de\",\"@id\":\"https:\\\/\\\/brouwerijdehemel.nl\\\/product\\\/engelentranen\\\/#primaryimage\",\"url\":\"https:\\\/\\\/brouwerijdehemel.nl\\\/wp-content\\\/uploads\\\/2026\\\/03\\\/webshop-engelentranen.jpg\",\"contentUrl\":\"https:\\\/\\\/brouwerijdehemel.nl\\\/wp-content\\\/uploads\\\/2026\\\/03\\\/webshop-engelentranen.jpg\",\"width\":999,\"height\":1386},{\"@type\":\"BreadcrumbList\",\"@id\":\"https:\\\/\\\/brouwerijdehemel.nl\\\/product\\\/engelentranen\\\/#breadcrumb\",\"itemListElement\":[{\"@type\":\"ListItem\",\"position\":1,\"name\":\"Home\",\"item\":\"https:\\\/\\\/brouwerijdehemel.nl\\\/\"},{\"@type\":\"ListItem\",\"position\":2,\"name\":\"Products\",\"item\":\"https:\\\/\\\/brouwerijdehemel.nl\\\/en\\\/shop\\\/\"},{\"@type\":\"ListItem\",\"position\":3,\"name\":\"Engelentranen\"}]},{\"@type\":\"WebSite\",\"@id\":\"https:\\\/\\\/brouwerijdehemel.nl\\\/#website\",\"url\":\"https:\\\/\\\/brouwerijdehemel.nl\\\/\",\"name\":\"Brouwerij de Hemel\",\"description\":\"\",\"publisher\":{\"@id\":\"https:\\\/\\\/brouwerijdehemel.nl\\\/#organization\"},\"potentialAction\":[{\"@type\":\"SearchAction\",\"target\":{\"@type\":\"EntryPoint\",\"urlTemplate\":\"https:\\\/\\\/brouwerijdehemel.nl\\\/?s={search_term_string}\"},\"query-input\":{\"@type\":\"PropertyValueSpecification\",\"valueRequired\":true,\"valueName\":\"search_term_string\"}}],\"inLanguage\":\"de\"},{\"@type\":\"Organization\",\"@id\":\"https:\\\/\\\/brouwerijdehemel.nl\\\/#organization\",\"name\":\"Brouwerij De Hemel\",\"url\":\"https:\\\/\\\/brouwerijdehemel.nl\\\/\",\"logo\":{\"@type\":\"ImageObject\",\"inLanguage\":\"de\",\"@id\":\"https:\\\/\\\/brouwerijdehemel.nl\\\/#\\\/schema\\\/logo\\\/image\\\/\",\"url\":\"https:\\\/\\\/brouwerijdehemel.nl\\\/wp-content\\\/uploads\\\/2023\\\/08\\\/bdh-logo.svg\",\"contentUrl\":\"https:\\\/\\\/brouwerijdehemel.nl\\\/wp-content\\\/uploads\\\/2023\\\/08\\\/bdh-logo.svg\",\"caption\":\"Brouwerij De Hemel\"},\"image\":{\"@id\":\"https:\\\/\\\/brouwerijdehemel.nl\\\/#\\\/schema\\\/logo\\\/image\\\/\"},\"sameAs\":[\"https:\\\/\\\/www.facebook.com\\\/DeHemelBrouwerij\\\/\",\"https:\\\/\\\/www.linkedin.com\\\/company\\\/brouwerij-de-hemel\\\/\",\"https:\\\/\\\/www.instagram.com\\\/de_hemel\\\/\"]}]}<\/script>\n<!-- \/ Yoast SEO plugin. -->","yoast_head_json":{"title":"Engelentranen - Brouwerij de Hemel","robots":{"index":"index","follow":"follow","max-snippet":"max-snippet:-1","max-image-preview":"max-image-preview:large","max-video-preview":"max-video-preview:-1"},"canonical":"https:\/\/brouwerijdehemel.nl\/de\/produkt\/engelentranen\/","og_locale":"de_DE","og_type":"article","og_title":"Engelentranen - Brouwerij de Hemel","og_description":"Een Bittere Sinaasappellikeur gestookt uit witbier, verrijkt met sinaasappelschillen.","og_url":"https:\/\/brouwerijdehemel.nl\/de\/produkt\/engelentranen\/","og_site_name":"Brouwerij de Hemel","article_publisher":"https:\/\/www.facebook.com\/DeHemelBrouwerij\/","article_modified_time":"2026-04-20T08:09:20+00:00","og_image":[{"width":999,"height":1386,"url":"https:\/\/brouwerijdehemel.nl\/wp-content\/uploads\/2026\/03\/webshop-engelentranen.jpg","type":"image\/jpeg"}],"twitter_card":"summary_large_image","twitter_misc":{"Gesch\u00e4tzte Lesezeit":"1\u00a0Minute"},"schema":{"@context":"https:\/\/schema.org","@graph":[{"@type":"WebPage","@id":"https:\/\/brouwerijdehemel.nl\/product\/engelentranen\/","url":"https:\/\/brouwerijdehemel.nl\/product\/engelentranen\/","name":"Engelentranen - Brouwerij de Hemel","isPartOf":{"@id":"https:\/\/brouwerijdehemel.nl\/#website"},"primaryImageOfPage":{"@id":"https:\/\/brouwerijdehemel.nl\/product\/engelentranen\/#primaryimage"},"image":{"@id":"https:\/\/brouwerijdehemel.nl\/product\/engelentranen\/#primaryimage"},"thumbnailUrl":"https:\/\/brouwerijdehemel.nl\/wp-content\/uploads\/2026\/03\/webshop-engelentranen.jpg","datePublished":"2026-02-17T14:14:34+00:00","dateModified":"2026-04-20T08:09:20+00:00","breadcrumb":{"@id":"https:\/\/brouwerijdehemel.nl\/product\/engelentranen\/#breadcrumb"},"inLanguage":"de","potentialAction":[{"@type":"ReadAction","target":["https:\/\/brouwerijdehemel.nl\/product\/engelentranen\/"]}]},{"@type":"ImageObject","inLanguage":"de","@id":"https:\/\/brouwerijdehemel.nl\/product\/engelentranen\/#primaryimage","url":"https:\/\/brouwerijdehemel.nl\/wp-content\/uploads\/2026\/03\/webshop-engelentranen.jpg","contentUrl":"https:\/\/brouwerijdehemel.nl\/wp-content\/uploads\/2026\/03\/webshop-engelentranen.jpg","width":999,"height":1386},{"@type":"BreadcrumbList","@id":"https:\/\/brouwerijdehemel.nl\/product\/engelentranen\/#breadcrumb","itemListElement":[{"@type":"ListItem","position":1,"name":"Home","item":"https:\/\/brouwerijdehemel.nl\/"},{"@type":"ListItem","position":2,"name":"Products","item":"https:\/\/brouwerijdehemel.nl\/en\/shop\/"},{"@type":"ListItem","position":3,"name":"Engelentranen"}]},{"@type":"WebSite","@id":"https:\/\/brouwerijdehemel.nl\/#website","url":"https:\/\/brouwerijdehemel.nl\/","name":"Brouwerij de Hemel","description":"","publisher":{"@id":"https:\/\/brouwerijdehemel.nl\/#organization"},"potentialAction":[{"@type":"SearchAction","target":{"@type":"EntryPoint","urlTemplate":"https:\/\/brouwerijdehemel.nl\/?s={search_term_string}"},"query-input":{"@type":"PropertyValueSpecification","valueRequired":true,"valueName":"search_term_string"}}],"inLanguage":"de"},{"@type":"Organization","@id":"https:\/\/brouwerijdehemel.nl\/#organization","name":"Die Himmelsbrauerei","url":"https:\/\/brouwerijdehemel.nl\/","logo":{"@type":"ImageObject","inLanguage":"de","@id":"https:\/\/brouwerijdehemel.nl\/#\/schema\/logo\/image\/","url":"https:\/\/brouwerijdehemel.nl\/wp-content\/uploads\/2023\/08\/bdh-logo.svg","contentUrl":"https:\/\/brouwerijdehemel.nl\/wp-content\/uploads\/2023\/08\/bdh-logo.svg","caption":"Brouwerij De Hemel"},"image":{"@id":"https:\/\/brouwerijdehemel.nl\/#\/schema\/logo\/image\/"},"sameAs":["https:\/\/www.facebook.com\/DeHemelBrouwerij\/","https:\/\/www.linkedin.com\/company\/brouwerij-de-hemel\/","https:\/\/www.instagram.com\/de_hemel\/"]}]}},"_links":{"self":[{"href":"https:\/\/brouwerijdehemel.nl\/de\/wp-json\/wp\/v2\/product\/7322","targetHints":{"allow":["GET"]}}],"collection":[{"href":"https:\/\/brouwerijdehemel.nl\/de\/wp-json\/wp\/v2\/product"}],"about":[{"href":"https:\/\/brouwerijdehemel.nl\/de\/wp-json\/wp\/v2\/types\/product"}],"wp:featuredmedia":[{"embeddable":true,"href":"https:\/\/brouwerijdehemel.nl\/de\/wp-json\/wp\/v2\/media\/7594"}],"wp:attachment":[{"href":"https:\/\/brouwerijdehemel.nl\/de\/wp-json\/wp\/v2\/media?parent=7322"}],"wp:term":[{"taxonomy":"product_brand","embeddable":true,"href":"https:\/\/brouwerijdehemel.nl\/de\/wp-json\/wp\/v2\/product_brand?post=7322"},{"taxonomy":"product_cat","embeddable":true,"href":"https:\/\/brouwerijdehemel.nl\/de\/wp-json\/wp\/v2\/product_cat?post=7322"},{"taxonomy":"product_tag","embeddable":true,"href":"https:\/\/brouwerijdehemel.nl\/de\/wp-json\/wp\/v2\/product_tag?post=7322"}],"curies":[{"name":"wp","href":"https:\/\/api.w.org\/{rel}","templated":true}]}}