{"id":7059,"date":"2025-12-24T11:55:51","date_gmt":"2025-12-24T10:55:51","guid":{"rendered":"https:\/\/brouwerijdehemel.nl\/?post_type=product&#038;p=7059"},"modified":"2025-12-24T12:05:47","modified_gmt":"2025-12-24T11:05:47","slug":"rondleiding-distilleerderij","status":"publish","type":"product","link":"https:\/\/brouwerijdehemel.nl\/de\/produkt\/rondleiding-distilleerderij\/","title":{"rendered":"F\u00dcHRUNG DURCH DIE BRENNEREI MIT VERKOSTUNG GRUPPEN VON 10 PERSONEN ODER MEHR"},"content":{"rendered":"<p><strong>Was k\u00f6nnen Sie erwarten?<\/strong><br \/>\nBei uns wird nicht nur Bier gebraut: Entdecken Sie die Welt der Lik\u00f6re, des Gins und der Destillation in der Brauerei De Hemel! Besuchen Sie unsere Brennerei, wo Sie in die faszinierende Welt der Destillation eintauchen k\u00f6nnen. <br \/>\nErfahren Sie alles \u00fcber die Geheimnisse des Destillationsprozesses, die sorgf\u00e4ltig ausgew\u00e4hlten Zutaten und die reiche Geschichte unserer Brennerei und Brauerei. Und genie\u00dfen Sie eine Verkostung der Destillate, die wir auf der Basis von Bier hergestellt haben! <br \/>\nKommen Sie vorbei und lassen Sie sich von der Vielfalt der Aromen und Handwerksk\u00fcnste \u00fcberraschen, die wir zu bieten haben.<\/p>\n<p><strong>Gruppen von 10 Personen oder mehr<\/strong>: Reservieren Sie eine Gruppenf\u00fchrung. Jeder Tag in der Woche m\u00f6glich, je nach Verf\u00fcgbarkeit.<br \/> <br \/>\nKosten pro Person: 17,50 \u20ac f\u00fcr eine F\u00fchrung durch die Brennerei mit anschlie\u00dfender Verkostung von 4 himmlischen Destillaten. <\/p>\n<p><strong>Dauer<\/strong>: ca. 1\u20131,5 Stunden.<\/p>\n<p><b>Achtung!<br \/>\nIhre Reservierungsanfrage ist erst dann endg\u00fcltig, wenn sie von der Brauerei best\u00e4tigt worden ist.<\/b><\/p>","protected":false},"excerpt":{"rendered":"<p>Wat kun je verwachten? Er wordt bij ons niet enkel bier gebrouwen: Ontdek de wereld van likeuren, gin en distilleren bij Brouwerij de Hemel! Breng een bezoek aan onze distilleerderij, waar je wordt ondergedompeld in de fascinerende wereld van stoken. Leer alles over de geheimen van het distillatieproces, de zorgvuldig geselecteerde ingredi\u00ebnten en de rijke &#8230; <a title=\"F\u00dcHRUNG DURCH DIE BRENNEREI MIT VERKOSTUNG GRUPPEN VON 10 PERSONEN ODER MEHR\" class=\"read-more\" href=\"https:\/\/brouwerijdehemel.nl\/de\/produkt\/rondleiding-distilleerderij\/\" aria-label=\"Mehr Informationen \u00fcber RONDLEIDING DISTILLEERDERIJ MET PROEVERIJ GROEPEN VAN 10 PERSONEN OF MEER\">Weiterlesen<\/a><\/p>","protected":false},"featured_media":1818,"template":"","meta":{"_acf_changed":false},"product_brand":[],"product_cat":[80],"product_tag":[],"class_list":{"0":"post-7059","1":"product","2":"type-product","3":"status-publish","4":"has-post-thumbnail","6":"product_cat-bezoek-onze-brouwerij","8":"first","9":"instock","10":"virtual","11":"sold-individually","12":"taxable","13":"purchasable","14":"product-type-booking"},"booking_location":"","booking_location_type":"","booking_duration":30,"booking_duration_unit":"minute","booking_buffer":0,"booking_cost":0,"booking_resources":[],"exclude_global_add_ons":false,"addons":[{"name":"Gef\u00fchrte Tour in einer anderen Sprache","type":"checkbox","position":0,"required":false,"title_format":"label","default":"","description_enable":false,"description":"","placeholder_enable":false,"placeholder":"","display":"select","restrictions_type":"any_text","adjust_price":false,"price":"","price_type":"flat_fee","restrictions":false,"min":"0","max":"0","options":[{"label":"Engels","price":"","price_type":"flat_fee","image":0,"visibility":true},{"label":"Duits","price":"","price_type":"flat_fee","image":0,"visibility":true}],"id":1697054130},{"name":"Anmerkungen:","type":"custom_textarea","position":1,"required":false,"title_format":"label","default":"","description_enable":false,"description":"","placeholder_enable":false,"placeholder":"","display":"select","restrictions_type":"any_text","adjust_price":false,"price":"","price_type":"flat_fee","restrictions":false,"min":"0","max":"0","options":[],"id":1697055818}],"acf":[],"yoast_head":"<!-- This site is optimized with the Yoast SEO plugin v27.4 - https:\/\/yoast.com\/product\/yoast-seo-wordpress\/ -->\n<title>RONDLEIDING DISTILLEERDERIJ MET PROEVERIJ GROEPEN VAN 10 PERSONEN OF MEER - Brouwerij de Hemel<\/title>\n<meta name=\"robots\" content=\"index, follow, max-snippet:-1, max-image-preview:large, max-video-preview:-1\" \/>\n<link rel=\"canonical\" href=\"https:\/\/brouwerijdehemel.nl\/de\/produkt\/rondleiding-distilleerderij\/\" \/>\n<meta property=\"og:locale\" content=\"de_DE\" \/>\n<meta property=\"og:type\" content=\"article\" \/>\n<meta property=\"og:title\" content=\"RONDLEIDING DISTILLEERDERIJ MET PROEVERIJ GROEPEN VAN 10 PERSONEN OF MEER - Brouwerij de Hemel\" \/>\n<meta property=\"og:description\" content=\"Wat kun je verwachten? Er wordt bij ons niet enkel bier gebrouwen: Ontdek de wereld van likeuren, gin en distilleren bij Brouwerij de Hemel! Breng een bezoek aan onze distilleerderij, waar je wordt ondergedompeld in de fascinerende wereld van stoken. Leer alles over de geheimen van het distillatieproces, de zorgvuldig geselecteerde ingredi\u00ebnten en de rijke ... Weiterlesen\" \/>\n<meta property=\"og:url\" content=\"https:\/\/brouwerijdehemel.nl\/de\/produkt\/rondleiding-distilleerderij\/\" \/>\n<meta property=\"og:site_name\" content=\"Brouwerij de Hemel\" \/>\n<meta property=\"article:publisher\" content=\"https:\/\/www.facebook.com\/DeHemelBrouwerij\/\" \/>\n<meta property=\"article:modified_time\" content=\"2025-12-24T11:05:47+00:00\" \/>\n<meta property=\"og:image\" content=\"https:\/\/brouwerijdehemel.nl\/wp-content\/uploads\/2023\/09\/Brouwerij-de-Hemel-RONDLEIDING-MET-PROEVERIJ.png\" \/>\n\t<meta property=\"og:image:width\" content=\"630\" \/>\n\t<meta property=\"og:image:height\" content=\"700\" \/>\n\t<meta property=\"og:image:type\" content=\"image\/png\" \/>\n<meta name=\"twitter:card\" content=\"summary_large_image\" \/>\n<meta name=\"twitter:label1\" content=\"Gesch\u00e4tzte Lesezeit\" \/>\n\t<meta name=\"twitter:data1\" content=\"1\u00a0Minute\" \/>\n<script type=\"application\/ld+json\" class=\"yoast-schema-graph\">{\"@context\":\"https:\\\/\\\/schema.org\",\"@graph\":[{\"@type\":\"WebPage\",\"@id\":\"https:\\\/\\\/brouwerijdehemel.nl\\\/product\\\/rondleiding-distilleerderij\\\/\",\"url\":\"https:\\\/\\\/brouwerijdehemel.nl\\\/product\\\/rondleiding-distilleerderij\\\/\",\"name\":\"RONDLEIDING DISTILLEERDERIJ MET PROEVERIJ GROEPEN VAN 10 PERSONEN OF MEER - Brouwerij de Hemel\",\"isPartOf\":{\"@id\":\"https:\\\/\\\/brouwerijdehemel.nl\\\/#website\"},\"primaryImageOfPage\":{\"@id\":\"https:\\\/\\\/brouwerijdehemel.nl\\\/product\\\/rondleiding-distilleerderij\\\/#primaryimage\"},\"image\":{\"@id\":\"https:\\\/\\\/brouwerijdehemel.nl\\\/product\\\/rondleiding-distilleerderij\\\/#primaryimage\"},\"thumbnailUrl\":\"https:\\\/\\\/brouwerijdehemel.nl\\\/wp-content\\\/uploads\\\/2023\\\/09\\\/Brouwerij-de-Hemel-RONDLEIDING-MET-PROEVERIJ.png\",\"datePublished\":\"2025-12-24T10:55:51+00:00\",\"dateModified\":\"2025-12-24T11:05:47+00:00\",\"breadcrumb\":{\"@id\":\"https:\\\/\\\/brouwerijdehemel.nl\\\/product\\\/rondleiding-distilleerderij\\\/#breadcrumb\"},\"inLanguage\":\"de\",\"potentialAction\":[{\"@type\":\"ReadAction\",\"target\":[\"https:\\\/\\\/brouwerijdehemel.nl\\\/product\\\/rondleiding-distilleerderij\\\/\"]}]},{\"@type\":\"ImageObject\",\"inLanguage\":\"de\",\"@id\":\"https:\\\/\\\/brouwerijdehemel.nl\\\/product\\\/rondleiding-distilleerderij\\\/#primaryimage\",\"url\":\"https:\\\/\\\/brouwerijdehemel.nl\\\/wp-content\\\/uploads\\\/2023\\\/09\\\/Brouwerij-de-Hemel-RONDLEIDING-MET-PROEVERIJ.png\",\"contentUrl\":\"https:\\\/\\\/brouwerijdehemel.nl\\\/wp-content\\\/uploads\\\/2023\\\/09\\\/Brouwerij-de-Hemel-RONDLEIDING-MET-PROEVERIJ.png\",\"width\":630,\"height\":700},{\"@type\":\"BreadcrumbList\",\"@id\":\"https:\\\/\\\/brouwerijdehemel.nl\\\/product\\\/rondleiding-distilleerderij\\\/#breadcrumb\",\"itemListElement\":[{\"@type\":\"ListItem\",\"position\":1,\"name\":\"Home\",\"item\":\"https:\\\/\\\/brouwerijdehemel.nl\\\/\"},{\"@type\":\"ListItem\",\"position\":2,\"name\":\"Products\",\"item\":\"https:\\\/\\\/brouwerijdehemel.nl\\\/en\\\/shop\\\/\"},{\"@type\":\"ListItem\",\"position\":3,\"name\":\"RONDLEIDING DISTILLEERDERIJ MET PROEVERIJ GROEPEN VAN 10 PERSONEN OF MEER\"}]},{\"@type\":\"WebSite\",\"@id\":\"https:\\\/\\\/brouwerijdehemel.nl\\\/#website\",\"url\":\"https:\\\/\\\/brouwerijdehemel.nl\\\/\",\"name\":\"Brouwerij de Hemel\",\"description\":\"\",\"publisher\":{\"@id\":\"https:\\\/\\\/brouwerijdehemel.nl\\\/#organization\"},\"potentialAction\":[{\"@type\":\"SearchAction\",\"target\":{\"@type\":\"EntryPoint\",\"urlTemplate\":\"https:\\\/\\\/brouwerijdehemel.nl\\\/?s={search_term_string}\"},\"query-input\":{\"@type\":\"PropertyValueSpecification\",\"valueRequired\":true,\"valueName\":\"search_term_string\"}}],\"inLanguage\":\"de\"},{\"@type\":\"Organization\",\"@id\":\"https:\\\/\\\/brouwerijdehemel.nl\\\/#organization\",\"name\":\"Brouwerij De Hemel\",\"url\":\"https:\\\/\\\/brouwerijdehemel.nl\\\/\",\"logo\":{\"@type\":\"ImageObject\",\"inLanguage\":\"de\",\"@id\":\"https:\\\/\\\/brouwerijdehemel.nl\\\/#\\\/schema\\\/logo\\\/image\\\/\",\"url\":\"https:\\\/\\\/brouwerijdehemel.nl\\\/wp-content\\\/uploads\\\/2023\\\/08\\\/bdh-logo.svg\",\"contentUrl\":\"https:\\\/\\\/brouwerijdehemel.nl\\\/wp-content\\\/uploads\\\/2023\\\/08\\\/bdh-logo.svg\",\"caption\":\"Brouwerij De Hemel\"},\"image\":{\"@id\":\"https:\\\/\\\/brouwerijdehemel.nl\\\/#\\\/schema\\\/logo\\\/image\\\/\"},\"sameAs\":[\"https:\\\/\\\/www.facebook.com\\\/DeHemelBrouwerij\\\/\",\"https:\\\/\\\/www.linkedin.com\\\/company\\\/brouwerij-de-hemel\\\/\",\"https:\\\/\\\/www.instagram.com\\\/de_hemel\\\/\"]}]}<\/script>\n<!-- \/ Yoast SEO plugin. -->","yoast_head_json":{"title":"RONDLEIDING DISTILLEERDERIJ MET PROEVERIJ GROEPEN VAN 10 PERSONEN OF MEER - Brouwerij de Hemel","robots":{"index":"index","follow":"follow","max-snippet":"max-snippet:-1","max-image-preview":"max-image-preview:large","max-video-preview":"max-video-preview:-1"},"canonical":"https:\/\/brouwerijdehemel.nl\/de\/produkt\/rondleiding-distilleerderij\/","og_locale":"de_DE","og_type":"article","og_title":"RONDLEIDING DISTILLEERDERIJ MET PROEVERIJ GROEPEN VAN 10 PERSONEN OF MEER - Brouwerij de Hemel","og_description":"Wat kun je verwachten? Er wordt bij ons niet enkel bier gebrouwen: Ontdek de wereld van likeuren, gin en distilleren bij Brouwerij de Hemel! Breng een bezoek aan onze distilleerderij, waar je wordt ondergedompeld in de fascinerende wereld van stoken. Leer alles over de geheimen van het distillatieproces, de zorgvuldig geselecteerde ingredi\u00ebnten en de rijke ... Weiterlesen","og_url":"https:\/\/brouwerijdehemel.nl\/de\/produkt\/rondleiding-distilleerderij\/","og_site_name":"Brouwerij de Hemel","article_publisher":"https:\/\/www.facebook.com\/DeHemelBrouwerij\/","article_modified_time":"2025-12-24T11:05:47+00:00","og_image":[{"width":630,"height":700,"url":"https:\/\/brouwerijdehemel.nl\/wp-content\/uploads\/2023\/09\/Brouwerij-de-Hemel-RONDLEIDING-MET-PROEVERIJ.png","type":"image\/png"}],"twitter_card":"summary_large_image","twitter_misc":{"Gesch\u00e4tzte Lesezeit":"1\u00a0Minute"},"schema":{"@context":"https:\/\/schema.org","@graph":[{"@type":"WebPage","@id":"https:\/\/brouwerijdehemel.nl\/product\/rondleiding-distilleerderij\/","url":"https:\/\/brouwerijdehemel.nl\/product\/rondleiding-distilleerderij\/","name":"RONDLEIDING DISTILLEERDERIJ MET PROEVERIJ GROEPEN VAN 10 PERSONEN OF MEER - Brouwerij de Hemel","isPartOf":{"@id":"https:\/\/brouwerijdehemel.nl\/#website"},"primaryImageOfPage":{"@id":"https:\/\/brouwerijdehemel.nl\/product\/rondleiding-distilleerderij\/#primaryimage"},"image":{"@id":"https:\/\/brouwerijdehemel.nl\/product\/rondleiding-distilleerderij\/#primaryimage"},"thumbnailUrl":"https:\/\/brouwerijdehemel.nl\/wp-content\/uploads\/2023\/09\/Brouwerij-de-Hemel-RONDLEIDING-MET-PROEVERIJ.png","datePublished":"2025-12-24T10:55:51+00:00","dateModified":"2025-12-24T11:05:47+00:00","breadcrumb":{"@id":"https:\/\/brouwerijdehemel.nl\/product\/rondleiding-distilleerderij\/#breadcrumb"},"inLanguage":"de","potentialAction":[{"@type":"ReadAction","target":["https:\/\/brouwerijdehemel.nl\/product\/rondleiding-distilleerderij\/"]}]},{"@type":"ImageObject","inLanguage":"de","@id":"https:\/\/brouwerijdehemel.nl\/product\/rondleiding-distilleerderij\/#primaryimage","url":"https:\/\/brouwerijdehemel.nl\/wp-content\/uploads\/2023\/09\/Brouwerij-de-Hemel-RONDLEIDING-MET-PROEVERIJ.png","contentUrl":"https:\/\/brouwerijdehemel.nl\/wp-content\/uploads\/2023\/09\/Brouwerij-de-Hemel-RONDLEIDING-MET-PROEVERIJ.png","width":630,"height":700},{"@type":"BreadcrumbList","@id":"https:\/\/brouwerijdehemel.nl\/product\/rondleiding-distilleerderij\/#breadcrumb","itemListElement":[{"@type":"ListItem","position":1,"name":"Home","item":"https:\/\/brouwerijdehemel.nl\/"},{"@type":"ListItem","position":2,"name":"Products","item":"https:\/\/brouwerijdehemel.nl\/en\/shop\/"},{"@type":"ListItem","position":3,"name":"RONDLEIDING DISTILLEERDERIJ MET PROEVERIJ GROEPEN VAN 10 PERSONEN OF MEER"}]},{"@type":"WebSite","@id":"https:\/\/brouwerijdehemel.nl\/#website","url":"https:\/\/brouwerijdehemel.nl\/","name":"Brouwerij de Hemel","description":"","publisher":{"@id":"https:\/\/brouwerijdehemel.nl\/#organization"},"potentialAction":[{"@type":"SearchAction","target":{"@type":"EntryPoint","urlTemplate":"https:\/\/brouwerijdehemel.nl\/?s={search_term_string}"},"query-input":{"@type":"PropertyValueSpecification","valueRequired":true,"valueName":"search_term_string"}}],"inLanguage":"de"},{"@type":"Organization","@id":"https:\/\/brouwerijdehemel.nl\/#organization","name":"Die Himmelsbrauerei","url":"https:\/\/brouwerijdehemel.nl\/","logo":{"@type":"ImageObject","inLanguage":"de","@id":"https:\/\/brouwerijdehemel.nl\/#\/schema\/logo\/image\/","url":"https:\/\/brouwerijdehemel.nl\/wp-content\/uploads\/2023\/08\/bdh-logo.svg","contentUrl":"https:\/\/brouwerijdehemel.nl\/wp-content\/uploads\/2023\/08\/bdh-logo.svg","caption":"Brouwerij De Hemel"},"image":{"@id":"https:\/\/brouwerijdehemel.nl\/#\/schema\/logo\/image\/"},"sameAs":["https:\/\/www.facebook.com\/DeHemelBrouwerij\/","https:\/\/www.linkedin.com\/company\/brouwerij-de-hemel\/","https:\/\/www.instagram.com\/de_hemel\/"]}]}},"_links":{"self":[{"href":"https:\/\/brouwerijdehemel.nl\/de\/wp-json\/wp\/v2\/product\/7059","targetHints":{"allow":["GET"]}}],"collection":[{"href":"https:\/\/brouwerijdehemel.nl\/de\/wp-json\/wp\/v2\/product"}],"about":[{"href":"https:\/\/brouwerijdehemel.nl\/de\/wp-json\/wp\/v2\/types\/product"}],"wp:featuredmedia":[{"embeddable":true,"href":"https:\/\/brouwerijdehemel.nl\/de\/wp-json\/wp\/v2\/media\/1818"}],"wp:attachment":[{"href":"https:\/\/brouwerijdehemel.nl\/de\/wp-json\/wp\/v2\/media?parent=7059"}],"wp:term":[{"taxonomy":"product_brand","embeddable":true,"href":"https:\/\/brouwerijdehemel.nl\/de\/wp-json\/wp\/v2\/product_brand?post=7059"},{"taxonomy":"product_cat","embeddable":true,"href":"https:\/\/brouwerijdehemel.nl\/de\/wp-json\/wp\/v2\/product_cat?post=7059"},{"taxonomy":"product_tag","embeddable":true,"href":"https:\/\/brouwerijdehemel.nl\/de\/wp-json\/wp\/v2\/product_tag?post=7059"}],"curies":[{"name":"wp","href":"https:\/\/api.w.org\/{rel}","templated":true}]}}