{"id":4429,"date":"2024-11-01T13:14:23","date_gmt":"2024-11-01T12:14:23","guid":{"rendered":"https:\/\/brouwerijdehemel.nl\/?post_type=product&#038;p=4429"},"modified":"2026-03-24T14:46:29","modified_gmt":"2026-03-24T13:46:29","slug":"nieuw-ligt-75cl","status":"publish","type":"product","link":"https:\/\/brouwerijdehemel.nl\/de\/produkt\/nieuw-ligt-75cl\/","title":{"rendered":"Nieuw Ligt 75cl"},"content":{"rendered":"<p>Dunkles Bier mit Aromen von Trockenfr\u00fcchten, ger\u00f6stetem Zucker und Gew\u00fcrzen. Gekennzeichnet durch die samtige Weichheit des hohen Alkoholgehalts. K\u00f6stlich am Kamin oder an der Getr\u00e4nketafel. Langsam zu genie\u00dfen.<\/p>\n<p>Ein schwerer Junge, voller Geschmack und Alkohol. S\u00fc\u00df im Geschmack und doch eines der Biere von De Hemel, das am meisten Hopfen verwendet (nur schmeckt man wegen des s\u00fc\u00dfen, w\u00fcrzigen Geschmacks nicht so viel von den Bitterstoffen des Hopfens). <\/p>\n<p>Dieses Bier geh\u00f6rt zu den Klassikern unserer Brauerei und wurde bei der Dutch Beer Challenge wiederholt mit All-Colour-Medaillen ausgezeichnet!<\/p>\n<p>Eine tolle Flasche zum Verschenken, Teilen oder f\u00fcr den gro\u00dfen Durst!<\/p>","protected":false},"excerpt":{"rendered":"<p>Gerstewijn, 10%. <br \/>\nSchweres, dunkles Bier mit Aromen von Trockenfr\u00fcchten, ger\u00f6stetem Zucker und Gew\u00fcrzen. <\/p>","protected":false},"featured_media":4422,"template":"","meta":{"_acf_changed":false},"product_brand":[],"product_cat":[18],"product_tag":[],"class_list":{"0":"post-4429","1":"product","2":"type-product","3":"status-publish","4":"has-post-thumbnail","6":"product_cat-bieren","8":"first","9":"instock","10":"taxable","11":"shipping-taxable","12":"purchasable","13":"product-type-simple"},"booking_location":null,"booking_location_type":null,"booking_duration":null,"booking_duration_unit":null,"booking_buffer":null,"booking_cost":null,"booking_resources":null,"exclude_global_add_ons":[],"addons":[],"acf":[],"yoast_head":"<!-- This site is optimized with the Yoast SEO plugin v27.4 - https:\/\/yoast.com\/product\/yoast-seo-wordpress\/ -->\n<title>Nieuw Ligt 75cl - Brouwerij de Hemel<\/title>\n<meta name=\"robots\" content=\"index, follow, max-snippet:-1, max-image-preview:large, max-video-preview:-1\" \/>\n<link rel=\"canonical\" href=\"https:\/\/brouwerijdehemel.nl\/de\/produkt\/nieuw-ligt-75cl\/\" \/>\n<meta property=\"og:locale\" content=\"de_DE\" \/>\n<meta property=\"og:type\" content=\"article\" \/>\n<meta property=\"og:title\" content=\"Nieuw Ligt 75cl - Brouwerij de Hemel\" \/>\n<meta property=\"og:description\" content=\"Gerstewijn, 10%.  Zwaar donker bier, vol met smaken van gedroogd fruit, gebrande suiker en kruiden.\" \/>\n<meta property=\"og:url\" content=\"https:\/\/brouwerijdehemel.nl\/de\/produkt\/nieuw-ligt-75cl\/\" \/>\n<meta property=\"og:site_name\" content=\"Brouwerij de Hemel\" \/>\n<meta property=\"article:publisher\" content=\"https:\/\/www.facebook.com\/DeHemelBrouwerij\/\" \/>\n<meta property=\"article:modified_time\" content=\"2026-03-24T13:46:29+00:00\" \/>\n<meta property=\"og:image\" content=\"https:\/\/brouwerijdehemel.nl\/wp-content\/uploads\/2023\/10\/nl75_webshop.jpg\" \/>\n\t<meta property=\"og:image:width\" content=\"999\" \/>\n\t<meta property=\"og:image:height\" content=\"1386\" \/>\n\t<meta property=\"og:image:type\" content=\"image\/jpeg\" \/>\n<meta name=\"twitter:card\" content=\"summary_large_image\" \/>\n<meta name=\"twitter:label1\" content=\"Gesch\u00e4tzte Lesezeit\" \/>\n\t<meta name=\"twitter:data1\" content=\"1\u00a0Minute\" \/>\n<script type=\"application\/ld+json\" class=\"yoast-schema-graph\">{\"@context\":\"https:\\\/\\\/schema.org\",\"@graph\":[{\"@type\":\"WebPage\",\"@id\":\"https:\\\/\\\/brouwerijdehemel.nl\\\/product\\\/nieuw-ligt-75cl\\\/\",\"url\":\"https:\\\/\\\/brouwerijdehemel.nl\\\/product\\\/nieuw-ligt-75cl\\\/\",\"name\":\"Nieuw Ligt 75cl - Brouwerij de Hemel\",\"isPartOf\":{\"@id\":\"https:\\\/\\\/brouwerijdehemel.nl\\\/#website\"},\"primaryImageOfPage\":{\"@id\":\"https:\\\/\\\/brouwerijdehemel.nl\\\/product\\\/nieuw-ligt-75cl\\\/#primaryimage\"},\"image\":{\"@id\":\"https:\\\/\\\/brouwerijdehemel.nl\\\/product\\\/nieuw-ligt-75cl\\\/#primaryimage\"},\"thumbnailUrl\":\"https:\\\/\\\/brouwerijdehemel.nl\\\/wp-content\\\/uploads\\\/2023\\\/10\\\/nl75_webshop.jpg\",\"datePublished\":\"2024-11-01T12:14:23+00:00\",\"dateModified\":\"2026-03-24T13:46:29+00:00\",\"breadcrumb\":{\"@id\":\"https:\\\/\\\/brouwerijdehemel.nl\\\/product\\\/nieuw-ligt-75cl\\\/#breadcrumb\"},\"inLanguage\":\"de\",\"potentialAction\":[{\"@type\":\"ReadAction\",\"target\":[\"https:\\\/\\\/brouwerijdehemel.nl\\\/product\\\/nieuw-ligt-75cl\\\/\"]}]},{\"@type\":\"ImageObject\",\"inLanguage\":\"de\",\"@id\":\"https:\\\/\\\/brouwerijdehemel.nl\\\/product\\\/nieuw-ligt-75cl\\\/#primaryimage\",\"url\":\"https:\\\/\\\/brouwerijdehemel.nl\\\/wp-content\\\/uploads\\\/2023\\\/10\\\/nl75_webshop.jpg\",\"contentUrl\":\"https:\\\/\\\/brouwerijdehemel.nl\\\/wp-content\\\/uploads\\\/2023\\\/10\\\/nl75_webshop.jpg\",\"width\":999,\"height\":1386},{\"@type\":\"BreadcrumbList\",\"@id\":\"https:\\\/\\\/brouwerijdehemel.nl\\\/product\\\/nieuw-ligt-75cl\\\/#breadcrumb\",\"itemListElement\":[{\"@type\":\"ListItem\",\"position\":1,\"name\":\"Home\",\"item\":\"https:\\\/\\\/brouwerijdehemel.nl\\\/\"},{\"@type\":\"ListItem\",\"position\":2,\"name\":\"Products\",\"item\":\"https:\\\/\\\/brouwerijdehemel.nl\\\/en\\\/shop\\\/\"},{\"@type\":\"ListItem\",\"position\":3,\"name\":\"Nieuw Ligt 75cl\"}]},{\"@type\":\"WebSite\",\"@id\":\"https:\\\/\\\/brouwerijdehemel.nl\\\/#website\",\"url\":\"https:\\\/\\\/brouwerijdehemel.nl\\\/\",\"name\":\"Brouwerij de Hemel\",\"description\":\"\",\"publisher\":{\"@id\":\"https:\\\/\\\/brouwerijdehemel.nl\\\/#organization\"},\"potentialAction\":[{\"@type\":\"SearchAction\",\"target\":{\"@type\":\"EntryPoint\",\"urlTemplate\":\"https:\\\/\\\/brouwerijdehemel.nl\\\/?s={search_term_string}\"},\"query-input\":{\"@type\":\"PropertyValueSpecification\",\"valueRequired\":true,\"valueName\":\"search_term_string\"}}],\"inLanguage\":\"de\"},{\"@type\":\"Organization\",\"@id\":\"https:\\\/\\\/brouwerijdehemel.nl\\\/#organization\",\"name\":\"Brouwerij De Hemel\",\"url\":\"https:\\\/\\\/brouwerijdehemel.nl\\\/\",\"logo\":{\"@type\":\"ImageObject\",\"inLanguage\":\"de\",\"@id\":\"https:\\\/\\\/brouwerijdehemel.nl\\\/#\\\/schema\\\/logo\\\/image\\\/\",\"url\":\"https:\\\/\\\/brouwerijdehemel.nl\\\/wp-content\\\/uploads\\\/2023\\\/08\\\/bdh-logo.svg\",\"contentUrl\":\"https:\\\/\\\/brouwerijdehemel.nl\\\/wp-content\\\/uploads\\\/2023\\\/08\\\/bdh-logo.svg\",\"caption\":\"Brouwerij De Hemel\"},\"image\":{\"@id\":\"https:\\\/\\\/brouwerijdehemel.nl\\\/#\\\/schema\\\/logo\\\/image\\\/\"},\"sameAs\":[\"https:\\\/\\\/www.facebook.com\\\/DeHemelBrouwerij\\\/\",\"https:\\\/\\\/www.linkedin.com\\\/company\\\/brouwerij-de-hemel\\\/\",\"https:\\\/\\\/www.instagram.com\\\/de_hemel\\\/\"]}]}<\/script>\n<!-- \/ Yoast SEO plugin. -->","yoast_head_json":{"title":"Nieuw Ligt 75cl - Brouwerij de Hemel","robots":{"index":"index","follow":"follow","max-snippet":"max-snippet:-1","max-image-preview":"max-image-preview:large","max-video-preview":"max-video-preview:-1"},"canonical":"https:\/\/brouwerijdehemel.nl\/de\/produkt\/nieuw-ligt-75cl\/","og_locale":"de_DE","og_type":"article","og_title":"Nieuw Ligt 75cl - Brouwerij de Hemel","og_description":"Gerstewijn, 10%.  Zwaar donker bier, vol met smaken van gedroogd fruit, gebrande suiker en kruiden.","og_url":"https:\/\/brouwerijdehemel.nl\/de\/produkt\/nieuw-ligt-75cl\/","og_site_name":"Brouwerij de Hemel","article_publisher":"https:\/\/www.facebook.com\/DeHemelBrouwerij\/","article_modified_time":"2026-03-24T13:46:29+00:00","og_image":[{"width":999,"height":1386,"url":"https:\/\/brouwerijdehemel.nl\/wp-content\/uploads\/2023\/10\/nl75_webshop.jpg","type":"image\/jpeg"}],"twitter_card":"summary_large_image","twitter_misc":{"Gesch\u00e4tzte Lesezeit":"1\u00a0Minute"},"schema":{"@context":"https:\/\/schema.org","@graph":[{"@type":"WebPage","@id":"https:\/\/brouwerijdehemel.nl\/product\/nieuw-ligt-75cl\/","url":"https:\/\/brouwerijdehemel.nl\/product\/nieuw-ligt-75cl\/","name":"Nieuw Ligt 75cl - Brouwerij de Hemel","isPartOf":{"@id":"https:\/\/brouwerijdehemel.nl\/#website"},"primaryImageOfPage":{"@id":"https:\/\/brouwerijdehemel.nl\/product\/nieuw-ligt-75cl\/#primaryimage"},"image":{"@id":"https:\/\/brouwerijdehemel.nl\/product\/nieuw-ligt-75cl\/#primaryimage"},"thumbnailUrl":"https:\/\/brouwerijdehemel.nl\/wp-content\/uploads\/2023\/10\/nl75_webshop.jpg","datePublished":"2024-11-01T12:14:23+00:00","dateModified":"2026-03-24T13:46:29+00:00","breadcrumb":{"@id":"https:\/\/brouwerijdehemel.nl\/product\/nieuw-ligt-75cl\/#breadcrumb"},"inLanguage":"de","potentialAction":[{"@type":"ReadAction","target":["https:\/\/brouwerijdehemel.nl\/product\/nieuw-ligt-75cl\/"]}]},{"@type":"ImageObject","inLanguage":"de","@id":"https:\/\/brouwerijdehemel.nl\/product\/nieuw-ligt-75cl\/#primaryimage","url":"https:\/\/brouwerijdehemel.nl\/wp-content\/uploads\/2023\/10\/nl75_webshop.jpg","contentUrl":"https:\/\/brouwerijdehemel.nl\/wp-content\/uploads\/2023\/10\/nl75_webshop.jpg","width":999,"height":1386},{"@type":"BreadcrumbList","@id":"https:\/\/brouwerijdehemel.nl\/product\/nieuw-ligt-75cl\/#breadcrumb","itemListElement":[{"@type":"ListItem","position":1,"name":"Home","item":"https:\/\/brouwerijdehemel.nl\/"},{"@type":"ListItem","position":2,"name":"Products","item":"https:\/\/brouwerijdehemel.nl\/en\/shop\/"},{"@type":"ListItem","position":3,"name":"Nieuw Ligt 75cl"}]},{"@type":"WebSite","@id":"https:\/\/brouwerijdehemel.nl\/#website","url":"https:\/\/brouwerijdehemel.nl\/","name":"Brouwerij de Hemel","description":"","publisher":{"@id":"https:\/\/brouwerijdehemel.nl\/#organization"},"potentialAction":[{"@type":"SearchAction","target":{"@type":"EntryPoint","urlTemplate":"https:\/\/brouwerijdehemel.nl\/?s={search_term_string}"},"query-input":{"@type":"PropertyValueSpecification","valueRequired":true,"valueName":"search_term_string"}}],"inLanguage":"de"},{"@type":"Organization","@id":"https:\/\/brouwerijdehemel.nl\/#organization","name":"Die Himmelsbrauerei","url":"https:\/\/brouwerijdehemel.nl\/","logo":{"@type":"ImageObject","inLanguage":"de","@id":"https:\/\/brouwerijdehemel.nl\/#\/schema\/logo\/image\/","url":"https:\/\/brouwerijdehemel.nl\/wp-content\/uploads\/2023\/08\/bdh-logo.svg","contentUrl":"https:\/\/brouwerijdehemel.nl\/wp-content\/uploads\/2023\/08\/bdh-logo.svg","caption":"Brouwerij De Hemel"},"image":{"@id":"https:\/\/brouwerijdehemel.nl\/#\/schema\/logo\/image\/"},"sameAs":["https:\/\/www.facebook.com\/DeHemelBrouwerij\/","https:\/\/www.linkedin.com\/company\/brouwerij-de-hemel\/","https:\/\/www.instagram.com\/de_hemel\/"]}]}},"_links":{"self":[{"href":"https:\/\/brouwerijdehemel.nl\/de\/wp-json\/wp\/v2\/product\/4429","targetHints":{"allow":["GET"]}}],"collection":[{"href":"https:\/\/brouwerijdehemel.nl\/de\/wp-json\/wp\/v2\/product"}],"about":[{"href":"https:\/\/brouwerijdehemel.nl\/de\/wp-json\/wp\/v2\/types\/product"}],"wp:featuredmedia":[{"embeddable":true,"href":"https:\/\/brouwerijdehemel.nl\/de\/wp-json\/wp\/v2\/media\/4422"}],"wp:attachment":[{"href":"https:\/\/brouwerijdehemel.nl\/de\/wp-json\/wp\/v2\/media?parent=4429"}],"wp:term":[{"taxonomy":"product_brand","embeddable":true,"href":"https:\/\/brouwerijdehemel.nl\/de\/wp-json\/wp\/v2\/product_brand?post=4429"},{"taxonomy":"product_cat","embeddable":true,"href":"https:\/\/brouwerijdehemel.nl\/de\/wp-json\/wp\/v2\/product_cat?post=4429"},{"taxonomy":"product_tag","embeddable":true,"href":"https:\/\/brouwerijdehemel.nl\/de\/wp-json\/wp\/v2\/product_tag?post=4429"}],"curies":[{"name":"wp","href":"https:\/\/api.w.org\/{rel}","templated":true}]}}