{"id":3706,"date":"2024-07-24T15:00:16","date_gmt":"2024-07-24T13:00:16","guid":{"rendered":"https:\/\/brouwerijdehemel.nl\/?post_type=product&#038;p=3706"},"modified":"2025-01-06T13:26:47","modified_gmt":"2025-01-06T12:26:47","slug":"tegoedbon","status":"publish","type":"product","link":"https:\/\/brouwerijdehemel.nl\/de\/produkt\/tegoedbon\/","title":{"rendered":"Gutschein Gef\u00fchrte Tour mit Bierverkostung"},"content":{"rendered":"<p>Das ideale Geschenk f\u00fcr jeden Bierliebhaber: ein Gutschein f\u00fcr eine F\u00fchrung mit Bierverkostung in der Brauerei!<\/p>\n<ul>\n<li><strong>Die G\u00fcltigkeit:<\/strong><br \/>\nDie Gutschein-Tour mit Bierverkostung ist ab dem Kaufdatum ein Jahr lang g\u00fcltig. Das bedeutet, dass der gl\u00fcckliche Empf\u00e4nger gen\u00fcgend Zeit hat, um ein Datum zu w\u00e4hlen.<\/li>\n<li><strong>Verwendung:<\/strong><br \/>\nDie Voucher Tour mit Bierverkostung bietet Zugang f\u00fcr 1 Person, kann aber leicht auf mehrere Personen ausgeweitet werden, wenn Sie den Artikel mehrmals bestellen. <em>Wenn Sie einzelne Gutscheine w\u00fcnschen, geben Sie dies bitte bei der Bestellung an, andernfalls wird 1 Gutschein f\u00fcr die Anzahl der gemeinsam gekauften Personen erstellt.<\/em><br \/>\n<a href=\"https:\/\/brouwerijdehemel.nl\/de\/produkt\/rondleiding-met-proeverij\/\">Mit dem Code auf dem Gutschein kann eine kostenlose Reservierung \u00fcber unser Online-Reservierungssystem auf unserer Website vorgenommen werden.<\/a> Jeden Samstag um 14.00 und 16.00 Uhr gibt es eine gef\u00fchrte Tour.<br \/>\nBitte beachten Sie, dass der Gutschein physisch ist und per Post verschickt wird. Sollte dies zu lange dauern, lassen Sie es uns bitte wissen und wir werden Ihnen den Code digital zur Verf\u00fcgung stellen.<\/li>\n<li><strong>Nicht gegen Bargeld einl\u00f6sbar:<\/strong><br \/>\nBitte beachten Sie, dass der Gutschein f\u00fcr die Tour mit Bierverkostung nicht gegen Bargeld eingel\u00f6st werden kann.<!--more--><\/li>\n<\/ul>","protected":false},"excerpt":{"rendered":"<p>Verschenken Sie eine gef\u00fchrte Tour mit Bierverkostung!<\/p>","protected":false},"featured_media":2054,"template":"","meta":{"_acf_changed":false},"product_brand":[],"product_cat":[32],"product_tag":[],"class_list":{"0":"post-3706","1":"product","2":"type-product","3":"status-publish","4":"has-post-thumbnail","6":"product_cat-cadeaus","7":"product_shipping_class-brievenbus","9":"first","10":"instock","11":"taxable","12":"shipping-taxable","13":"purchasable","14":"product-type-simple"},"booking_location":null,"booking_location_type":null,"booking_duration":null,"booking_duration_unit":null,"booking_buffer":null,"booking_cost":null,"booking_resources":null,"exclude_global_add_ons":[],"addons":[],"acf":[],"yoast_head":"<!-- This site is optimized with the Yoast SEO plugin v27.4 - https:\/\/yoast.com\/product\/yoast-seo-wordpress\/ -->\n<title>Tegoedbon Rondleiding met bierproeverij - Brouwerij de Hemel<\/title>\n<meta name=\"robots\" content=\"index, follow, max-snippet:-1, max-image-preview:large, max-video-preview:-1\" \/>\n<link rel=\"canonical\" href=\"http:\/\/brouwerijdehemel.nl\/de\/produkt\/tegoedbon\/\" \/>\n<meta property=\"og:locale\" content=\"de_DE\" \/>\n<meta property=\"og:type\" content=\"article\" \/>\n<meta property=\"og:title\" content=\"Tegoedbon Rondleiding met bierproeverij - Brouwerij de Hemel\" \/>\n<meta property=\"og:description\" content=\"Geef een Rondleiding met Bierproeverij cadeau!\" \/>\n<meta property=\"og:url\" content=\"http:\/\/brouwerijdehemel.nl\/de\/produkt\/tegoedbon\/\" \/>\n<meta property=\"og:site_name\" content=\"Brouwerij de Hemel\" \/>\n<meta property=\"article:publisher\" content=\"https:\/\/www.facebook.com\/DeHemelBrouwerij\/\" \/>\n<meta property=\"article:modified_time\" content=\"2025-01-06T12:26:47+00:00\" \/>\n<meta property=\"og:image\" content=\"https:\/\/brouwerijdehemel.nl\/wp-content\/uploads\/2023\/10\/Cadeaukaart.jpg\" \/>\n\t<meta property=\"og:image:width\" content=\"368\" \/>\n\t<meta property=\"og:image:height\" content=\"513\" \/>\n\t<meta property=\"og:image:type\" content=\"image\/jpeg\" \/>\n<meta name=\"twitter:card\" content=\"summary_large_image\" \/>\n<meta name=\"twitter:label1\" content=\"Gesch\u00e4tzte Lesezeit\" \/>\n\t<meta name=\"twitter:data1\" content=\"2\u00a0Minuten\" \/>\n<script type=\"application\/ld+json\" class=\"yoast-schema-graph\">{\"@context\":\"https:\\\/\\\/schema.org\",\"@graph\":[{\"@type\":\"WebPage\",\"@id\":\"http:\\\/\\\/brouwerijdehemel.nl\\\/de\\\/produkt\\\/tegoedbon\\\/\",\"url\":\"http:\\\/\\\/brouwerijdehemel.nl\\\/de\\\/produkt\\\/tegoedbon\\\/\",\"name\":\"Tegoedbon Rondleiding met bierproeverij - Brouwerij de Hemel\",\"isPartOf\":{\"@id\":\"https:\\\/\\\/brouwerijdehemel.nl\\\/#website\"},\"primaryImageOfPage\":{\"@id\":\"http:\\\/\\\/brouwerijdehemel.nl\\\/de\\\/produkt\\\/tegoedbon\\\/#primaryimage\"},\"image\":{\"@id\":\"http:\\\/\\\/brouwerijdehemel.nl\\\/de\\\/produkt\\\/tegoedbon\\\/#primaryimage\"},\"thumbnailUrl\":\"https:\\\/\\\/brouwerijdehemel.nl\\\/wp-content\\\/uploads\\\/2023\\\/10\\\/Cadeaukaart.jpg\",\"datePublished\":\"2024-07-24T13:00:16+00:00\",\"dateModified\":\"2025-01-06T12:26:47+00:00\",\"breadcrumb\":{\"@id\":\"http:\\\/\\\/brouwerijdehemel.nl\\\/de\\\/produkt\\\/tegoedbon\\\/#breadcrumb\"},\"inLanguage\":\"de\",\"potentialAction\":[{\"@type\":\"ReadAction\",\"target\":[\"http:\\\/\\\/brouwerijdehemel.nl\\\/de\\\/produkt\\\/tegoedbon\\\/\"]}]},{\"@type\":\"ImageObject\",\"inLanguage\":\"de\",\"@id\":\"http:\\\/\\\/brouwerijdehemel.nl\\\/de\\\/produkt\\\/tegoedbon\\\/#primaryimage\",\"url\":\"https:\\\/\\\/brouwerijdehemel.nl\\\/wp-content\\\/uploads\\\/2023\\\/10\\\/Cadeaukaart.jpg\",\"contentUrl\":\"https:\\\/\\\/brouwerijdehemel.nl\\\/wp-content\\\/uploads\\\/2023\\\/10\\\/Cadeaukaart.jpg\",\"width\":368,\"height\":513},{\"@type\":\"BreadcrumbList\",\"@id\":\"http:\\\/\\\/brouwerijdehemel.nl\\\/de\\\/produkt\\\/tegoedbon\\\/#breadcrumb\",\"itemListElement\":[{\"@type\":\"ListItem\",\"position\":1,\"name\":\"Home\",\"item\":\"https:\\\/\\\/brouwerijdehemel.nl\\\/\"},{\"@type\":\"ListItem\",\"position\":2,\"name\":\"Products\",\"item\":\"https:\\\/\\\/brouwerijdehemel.nl\\\/en\\\/shop\\\/\"},{\"@type\":\"ListItem\",\"position\":3,\"name\":\"Tegoedbon Rondleiding met bierproeverij\"}]},{\"@type\":\"WebSite\",\"@id\":\"https:\\\/\\\/brouwerijdehemel.nl\\\/#website\",\"url\":\"https:\\\/\\\/brouwerijdehemel.nl\\\/\",\"name\":\"Brouwerij de Hemel\",\"description\":\"\",\"publisher\":{\"@id\":\"https:\\\/\\\/brouwerijdehemel.nl\\\/#organization\"},\"potentialAction\":[{\"@type\":\"SearchAction\",\"target\":{\"@type\":\"EntryPoint\",\"urlTemplate\":\"https:\\\/\\\/brouwerijdehemel.nl\\\/?s={search_term_string}\"},\"query-input\":{\"@type\":\"PropertyValueSpecification\",\"valueRequired\":true,\"valueName\":\"search_term_string\"}}],\"inLanguage\":\"de\"},{\"@type\":\"Organization\",\"@id\":\"https:\\\/\\\/brouwerijdehemel.nl\\\/#organization\",\"name\":\"Brouwerij De Hemel\",\"url\":\"https:\\\/\\\/brouwerijdehemel.nl\\\/\",\"logo\":{\"@type\":\"ImageObject\",\"inLanguage\":\"de\",\"@id\":\"https:\\\/\\\/brouwerijdehemel.nl\\\/#\\\/schema\\\/logo\\\/image\\\/\",\"url\":\"https:\\\/\\\/brouwerijdehemel.nl\\\/wp-content\\\/uploads\\\/2023\\\/08\\\/bdh-logo.svg\",\"contentUrl\":\"https:\\\/\\\/brouwerijdehemel.nl\\\/wp-content\\\/uploads\\\/2023\\\/08\\\/bdh-logo.svg\",\"caption\":\"Brouwerij De Hemel\"},\"image\":{\"@id\":\"https:\\\/\\\/brouwerijdehemel.nl\\\/#\\\/schema\\\/logo\\\/image\\\/\"},\"sameAs\":[\"https:\\\/\\\/www.facebook.com\\\/DeHemelBrouwerij\\\/\",\"https:\\\/\\\/www.linkedin.com\\\/company\\\/brouwerij-de-hemel\\\/\",\"https:\\\/\\\/www.instagram.com\\\/de_hemel\\\/\"]}]}<\/script>\n<!-- \/ Yoast SEO plugin. -->","yoast_head_json":{"title":"Gutschein F\u00fchrung mit Bierverkostung - Brewery de Hemel","robots":{"index":"index","follow":"follow","max-snippet":"max-snippet:-1","max-image-preview":"max-image-preview:large","max-video-preview":"max-video-preview:-1"},"canonical":"http:\/\/brouwerijdehemel.nl\/de\/produkt\/tegoedbon\/","og_locale":"de_DE","og_type":"article","og_title":"Tegoedbon Rondleiding met bierproeverij - Brouwerij de Hemel","og_description":"Geef een Rondleiding met Bierproeverij cadeau!","og_url":"http:\/\/brouwerijdehemel.nl\/de\/produkt\/tegoedbon\/","og_site_name":"Brouwerij de Hemel","article_publisher":"https:\/\/www.facebook.com\/DeHemelBrouwerij\/","article_modified_time":"2025-01-06T12:26:47+00:00","og_image":[{"width":368,"height":513,"url":"https:\/\/brouwerijdehemel.nl\/wp-content\/uploads\/2023\/10\/Cadeaukaart.jpg","type":"image\/jpeg"}],"twitter_card":"summary_large_image","twitter_misc":{"Gesch\u00e4tzte Lesezeit":"2\u00a0Minuten"},"schema":{"@context":"https:\/\/schema.org","@graph":[{"@type":"WebPage","@id":"http:\/\/brouwerijdehemel.nl\/de\/produkt\/tegoedbon\/","url":"http:\/\/brouwerijdehemel.nl\/de\/produkt\/tegoedbon\/","name":"Gutschein F\u00fchrung mit Bierverkostung - Brewery de Hemel","isPartOf":{"@id":"https:\/\/brouwerijdehemel.nl\/#website"},"primaryImageOfPage":{"@id":"http:\/\/brouwerijdehemel.nl\/de\/produkt\/tegoedbon\/#primaryimage"},"image":{"@id":"http:\/\/brouwerijdehemel.nl\/de\/produkt\/tegoedbon\/#primaryimage"},"thumbnailUrl":"https:\/\/brouwerijdehemel.nl\/wp-content\/uploads\/2023\/10\/Cadeaukaart.jpg","datePublished":"2024-07-24T13:00:16+00:00","dateModified":"2025-01-06T12:26:47+00:00","breadcrumb":{"@id":"http:\/\/brouwerijdehemel.nl\/de\/produkt\/tegoedbon\/#breadcrumb"},"inLanguage":"de","potentialAction":[{"@type":"ReadAction","target":["http:\/\/brouwerijdehemel.nl\/de\/produkt\/tegoedbon\/"]}]},{"@type":"ImageObject","inLanguage":"de","@id":"http:\/\/brouwerijdehemel.nl\/de\/produkt\/tegoedbon\/#primaryimage","url":"https:\/\/brouwerijdehemel.nl\/wp-content\/uploads\/2023\/10\/Cadeaukaart.jpg","contentUrl":"https:\/\/brouwerijdehemel.nl\/wp-content\/uploads\/2023\/10\/Cadeaukaart.jpg","width":368,"height":513},{"@type":"BreadcrumbList","@id":"http:\/\/brouwerijdehemel.nl\/de\/produkt\/tegoedbon\/#breadcrumb","itemListElement":[{"@type":"ListItem","position":1,"name":"Home","item":"https:\/\/brouwerijdehemel.nl\/"},{"@type":"ListItem","position":2,"name":"Products","item":"https:\/\/brouwerijdehemel.nl\/en\/shop\/"},{"@type":"ListItem","position":3,"name":"Tegoedbon Rondleiding met bierproeverij"}]},{"@type":"WebSite","@id":"https:\/\/brouwerijdehemel.nl\/#website","url":"https:\/\/brouwerijdehemel.nl\/","name":"Brouwerij de Hemel","description":"","publisher":{"@id":"https:\/\/brouwerijdehemel.nl\/#organization"},"potentialAction":[{"@type":"SearchAction","target":{"@type":"EntryPoint","urlTemplate":"https:\/\/brouwerijdehemel.nl\/?s={search_term_string}"},"query-input":{"@type":"PropertyValueSpecification","valueRequired":true,"valueName":"search_term_string"}}],"inLanguage":"de"},{"@type":"Organization","@id":"https:\/\/brouwerijdehemel.nl\/#organization","name":"Die Himmelsbrauerei","url":"https:\/\/brouwerijdehemel.nl\/","logo":{"@type":"ImageObject","inLanguage":"de","@id":"https:\/\/brouwerijdehemel.nl\/#\/schema\/logo\/image\/","url":"https:\/\/brouwerijdehemel.nl\/wp-content\/uploads\/2023\/08\/bdh-logo.svg","contentUrl":"https:\/\/brouwerijdehemel.nl\/wp-content\/uploads\/2023\/08\/bdh-logo.svg","caption":"Brouwerij De Hemel"},"image":{"@id":"https:\/\/brouwerijdehemel.nl\/#\/schema\/logo\/image\/"},"sameAs":["https:\/\/www.facebook.com\/DeHemelBrouwerij\/","https:\/\/www.linkedin.com\/company\/brouwerij-de-hemel\/","https:\/\/www.instagram.com\/de_hemel\/"]}]}},"_links":{"self":[{"href":"https:\/\/brouwerijdehemel.nl\/de\/wp-json\/wp\/v2\/product\/3706","targetHints":{"allow":["GET"]}}],"collection":[{"href":"https:\/\/brouwerijdehemel.nl\/de\/wp-json\/wp\/v2\/product"}],"about":[{"href":"https:\/\/brouwerijdehemel.nl\/de\/wp-json\/wp\/v2\/types\/product"}],"wp:featuredmedia":[{"embeddable":true,"href":"https:\/\/brouwerijdehemel.nl\/de\/wp-json\/wp\/v2\/media\/2054"}],"wp:attachment":[{"href":"https:\/\/brouwerijdehemel.nl\/de\/wp-json\/wp\/v2\/media?parent=3706"}],"wp:term":[{"taxonomy":"product_brand","embeddable":true,"href":"https:\/\/brouwerijdehemel.nl\/de\/wp-json\/wp\/v2\/product_brand?post=3706"},{"taxonomy":"product_cat","embeddable":true,"href":"https:\/\/brouwerijdehemel.nl\/de\/wp-json\/wp\/v2\/product_cat?post=3706"},{"taxonomy":"product_tag","embeddable":true,"href":"https:\/\/brouwerijdehemel.nl\/de\/wp-json\/wp\/v2\/product_tag?post=3706"}],"curies":[{"name":"wp","href":"https:\/\/api.w.org\/{rel}","templated":true}]}}