{"id":1539,"date":"2023-09-11T16:27:14","date_gmt":"2023-09-11T14:27:14","guid":{"rendered":"https:\/\/brouwerijdehemel.clarq.nl\/?post_type=product&#038;p=1539"},"modified":"2024-12-06T13:27:37","modified_gmt":"2024-12-06T12:27:37","slug":"stadswandeling-door-nijmegen-rondleiding-met-bierproeverij","status":"publish","type":"product","link":"https:\/\/brouwerijdehemel.nl\/de\/produkt\/stadswandeling-door-nijmegen-rondleiding-met-bierproeverij\/","title":{"rendered":"STADTSPAZIERGANG DURCH NIJMEGEN &amp; F\u00dcHRUNG MIT BIERVERKOSTUNG"},"content":{"rendered":"<p>Cecile von <em>Bei Nimwegen<\/em> bietet mehrere thematische Spazierg\u00e4nge an. Kombinieren Sie einen Stadtspaziergang mit einer Besichtigung und Bierverkostung in unserer Brauerei!<\/p>\n<p>Gruppen k\u00f6nnen die Brauerei die ganze Woche \u00fcber nach Vereinbarung besuchen. Nach der Besichtigung werden Sie 6 oder 10 Himmlische Bieren verkosten.<\/p>\n<p>Auf dem historischen Spaziergang <em>Nijmegen Altstadt<\/em> besuchen Sie die Orte mit den besten Geschichten und die eine oder andere \u00fcberraschende Ecke von Nijmegen. Beenden Sie den Tag in der Brauerei und probieren Sie die \u00e4ltesten Spezialbiere von Nimwegen.<\/p>\n<p>Kosten Stadtf\u00fchrung 125 \u20ac pro Gruppe. Preis Tour mit Verkostung in der Brauerei ab 15 \u20ac pro Person. Gesamtpreis ab 27,50 \u20ac pro Person, abh\u00e4ngig von den gew\u00e4hlten Optionen und der Gruppengr\u00f6\u00dfe. Gesamtdauer des Pakets 3-4,5 Stunden. Ma\u00dfgeschneiderte Arrangements in Absprache.<\/p>\n<p><b>Achtung!<br \/>\nIhre Reservierungsanfrage ist erst dann endg\u00fcltig, wenn sie von der Brauerei best\u00e4tigt worden ist.<\/b><\/p>","protected":false},"excerpt":{"rendered":"<p>Cecile von Door Nijmegen bietet verschiedene thematische Spazierg\u00e4nge an. Kombinieren Sie einen Stadtspaziergang mit einer F\u00fchrung und einer Bierverkostung in unserer Brauerei! Gruppen k\u00f6nnen die ganze Woche \u00fcber nach Vereinbarung die Brauerei besuchen. Nach der F\u00fchrung verkosten Sie 6 oder 10 Heavenly-Biere. Auf dem historischen Spaziergang Nijmegen Oude Stad besuchen Sie Orte mit ... <a title=\"STADTSPAZIERGANG DURCH NIJMEGEN &amp; F\u00dcHRUNG MIT BIERVERKOSTUNG\" class=\"read-more\" href=\"https:\/\/brouwerijdehemel.nl\/de\/produkt\/stadswandeling-door-nijmegen-rondleiding-met-bierproeverij\/\" aria-label=\"Mehr Informationen \u00fcber STADSWANDELING DOOR NIJMEGEN &amp; RONDLEIDING WITH BEERPROEVERY\">Weiterlesen<\/a><\/p>","protected":false},"featured_media":1817,"template":"","meta":{"_acf_changed":false},"product_brand":[],"product_cat":[80],"product_tag":[],"class_list":{"0":"post-1539","1":"product","2":"type-product","3":"status-publish","4":"has-post-thumbnail","6":"product_cat-bezoek-onze-brouwerij","8":"first","9":"instock","10":"virtual","11":"sold-individually","12":"taxable","13":"purchasable","14":"product-type-booking"},"booking_location":"","booking_location_type":"","booking_duration":30,"booking_duration_unit":"minute","booking_buffer":0,"booking_cost":0,"booking_resources":[],"exclude_global_add_ons":false,"addons":[{"name":"W\u00e4hlen Sie die Anzahl der k\u00f6stlichen Biere, die Sie probieren m\u00f6chten","type":"multiple_choice","position":0,"required":true,"title_format":"label","default":"","description_enable":false,"description":"","placeholder_enable":false,"placeholder":"","display":"select","restrictions_type":"any_text","adjust_price":false,"price":"","price_type":"flat_fee","restrictions":false,"min":"0","max":"0","options":[{"label":"6 bieren","price":"","price_type":"flat_fee","image":0,"visibility":true},{"label":"10 bieren","price":"","price_type":"flat_fee","image":0,"visibility":true}],"id":1694449777},{"name":"Auch lecker mit Verkostung","type":"checkbox","position":1,"required":false,"title_format":"label","default":"","description_enable":false,"description":"","placeholder_enable":false,"placeholder":"","display":"select","restrictions_type":"any_text","adjust_price":false,"price":"","price_type":"flat_fee","restrictions":false,"min":"0","max":"0","options":[{"label":"Inclusief gemengde borrelhapjes","price":"","price_type":"flat_fee","image":0,"visibility":true}],"id":1694449778}],"acf":[],"yoast_head":"<!-- This site is optimized with the Yoast SEO plugin v27.4 - https:\/\/yoast.com\/product\/yoast-seo-wordpress\/ -->\n<title>STADSWANDELING DOOR NIJMEGEN &amp; RONDLEIDING MET BIERPROEVERIJ - Brouwerij de Hemel<\/title>\n<meta name=\"robots\" content=\"index, follow, max-snippet:-1, max-image-preview:large, max-video-preview:-1\" \/>\n<link rel=\"canonical\" href=\"http:\/\/brouwerijdehemel.nl\/de\/produkt\/stadswandeling-door-nijmegen-rondleiding-met-bierproeverij\/\" \/>\n<meta property=\"og:locale\" content=\"de_DE\" \/>\n<meta property=\"og:type\" content=\"article\" \/>\n<meta property=\"og:title\" content=\"STADSWANDELING DOOR NIJMEGEN &amp; RONDLEIDING MET BIERPROEVERIJ - Brouwerij de Hemel\" \/>\n<meta property=\"og:description\" content=\"Cecile van Door Nijmegen biedt verschillende themawandelingen aan. Combineer een wandeling in de stad met een rondleiding en bierproeverij in onze brouwerij! Groepen kunnen op afspraak de hele week terecht voor een brouwerijbezoek. Na de rondleiding proeven jullie 6 of 10 Hemelse bieren. Bij de historische wandeling Nijmegen Oude Stad bezoek je plekken met de ... Weiterlesen\" \/>\n<meta property=\"og:url\" content=\"http:\/\/brouwerijdehemel.nl\/de\/produkt\/stadswandeling-door-nijmegen-rondleiding-met-bierproeverij\/\" \/>\n<meta property=\"og:site_name\" content=\"Brouwerij de Hemel\" \/>\n<meta property=\"article:publisher\" content=\"https:\/\/www.facebook.com\/DeHemelBrouwerij\/\" \/>\n<meta property=\"article:modified_time\" content=\"2024-12-06T12:27:37+00:00\" \/>\n<meta property=\"og:image\" content=\"https:\/\/brouwerijdehemel.nl\/wp-content\/uploads\/2023\/09\/Brouwerij-de-Hemel-STADSWANDELING-DOOR-NIJMEGEN-RONDLEIDING-MET-BIERPROEVERIJ.png\" \/>\n\t<meta property=\"og:image:width\" content=\"630\" \/>\n\t<meta property=\"og:image:height\" content=\"700\" \/>\n\t<meta property=\"og:image:type\" content=\"image\/png\" \/>\n<meta name=\"twitter:card\" content=\"summary_large_image\" \/>\n<meta name=\"twitter:label1\" content=\"Gesch\u00e4tzte Lesezeit\" \/>\n\t<meta name=\"twitter:data1\" content=\"1\u00a0Minute\" \/>\n<script type=\"application\/ld+json\" class=\"yoast-schema-graph\">{\"@context\":\"https:\\\/\\\/schema.org\",\"@graph\":[{\"@type\":\"WebPage\",\"@id\":\"http:\\\/\\\/brouwerijdehemel.nl\\\/de\\\/produkt\\\/stadswandeling-door-nijmegen-rondleiding-met-bierproeverij\\\/\",\"url\":\"http:\\\/\\\/brouwerijdehemel.nl\\\/de\\\/produkt\\\/stadswandeling-door-nijmegen-rondleiding-met-bierproeverij\\\/\",\"name\":\"STADSWANDELING DOOR NIJMEGEN & RONDLEIDING MET BIERPROEVERIJ - Brouwerij de Hemel\",\"isPartOf\":{\"@id\":\"https:\\\/\\\/brouwerijdehemel.nl\\\/#website\"},\"primaryImageOfPage\":{\"@id\":\"http:\\\/\\\/brouwerijdehemel.nl\\\/de\\\/produkt\\\/stadswandeling-door-nijmegen-rondleiding-met-bierproeverij\\\/#primaryimage\"},\"image\":{\"@id\":\"http:\\\/\\\/brouwerijdehemel.nl\\\/de\\\/produkt\\\/stadswandeling-door-nijmegen-rondleiding-met-bierproeverij\\\/#primaryimage\"},\"thumbnailUrl\":\"https:\\\/\\\/brouwerijdehemel.nl\\\/wp-content\\\/uploads\\\/2023\\\/09\\\/Brouwerij-de-Hemel-STADSWANDELING-DOOR-NIJMEGEN-RONDLEIDING-MET-BIERPROEVERIJ.png\",\"datePublished\":\"2023-09-11T14:27:14+00:00\",\"dateModified\":\"2024-12-06T12:27:37+00:00\",\"breadcrumb\":{\"@id\":\"http:\\\/\\\/brouwerijdehemel.nl\\\/de\\\/produkt\\\/stadswandeling-door-nijmegen-rondleiding-met-bierproeverij\\\/#breadcrumb\"},\"inLanguage\":\"de\",\"potentialAction\":[{\"@type\":\"ReadAction\",\"target\":[\"http:\\\/\\\/brouwerijdehemel.nl\\\/de\\\/produkt\\\/stadswandeling-door-nijmegen-rondleiding-met-bierproeverij\\\/\"]}]},{\"@type\":\"ImageObject\",\"inLanguage\":\"de\",\"@id\":\"http:\\\/\\\/brouwerijdehemel.nl\\\/de\\\/produkt\\\/stadswandeling-door-nijmegen-rondleiding-met-bierproeverij\\\/#primaryimage\",\"url\":\"https:\\\/\\\/brouwerijdehemel.nl\\\/wp-content\\\/uploads\\\/2023\\\/09\\\/Brouwerij-de-Hemel-STADSWANDELING-DOOR-NIJMEGEN-RONDLEIDING-MET-BIERPROEVERIJ.png\",\"contentUrl\":\"https:\\\/\\\/brouwerijdehemel.nl\\\/wp-content\\\/uploads\\\/2023\\\/09\\\/Brouwerij-de-Hemel-STADSWANDELING-DOOR-NIJMEGEN-RONDLEIDING-MET-BIERPROEVERIJ.png\",\"width\":630,\"height\":700},{\"@type\":\"BreadcrumbList\",\"@id\":\"http:\\\/\\\/brouwerijdehemel.nl\\\/de\\\/produkt\\\/stadswandeling-door-nijmegen-rondleiding-met-bierproeverij\\\/#breadcrumb\",\"itemListElement\":[{\"@type\":\"ListItem\",\"position\":1,\"name\":\"Home\",\"item\":\"https:\\\/\\\/brouwerijdehemel.nl\\\/\"},{\"@type\":\"ListItem\",\"position\":2,\"name\":\"Products\",\"item\":\"https:\\\/\\\/brouwerijdehemel.nl\\\/en\\\/shop\\\/\"},{\"@type\":\"ListItem\",\"position\":3,\"name\":\"STADSWANDELING DOOR NIJMEGEN &#038; RONDLEIDING MET BIERPROEVERIJ\"}]},{\"@type\":\"WebSite\",\"@id\":\"https:\\\/\\\/brouwerijdehemel.nl\\\/#website\",\"url\":\"https:\\\/\\\/brouwerijdehemel.nl\\\/\",\"name\":\"Brouwerij de Hemel\",\"description\":\"\",\"publisher\":{\"@id\":\"https:\\\/\\\/brouwerijdehemel.nl\\\/#organization\"},\"potentialAction\":[{\"@type\":\"SearchAction\",\"target\":{\"@type\":\"EntryPoint\",\"urlTemplate\":\"https:\\\/\\\/brouwerijdehemel.nl\\\/?s={search_term_string}\"},\"query-input\":{\"@type\":\"PropertyValueSpecification\",\"valueRequired\":true,\"valueName\":\"search_term_string\"}}],\"inLanguage\":\"de\"},{\"@type\":\"Organization\",\"@id\":\"https:\\\/\\\/brouwerijdehemel.nl\\\/#organization\",\"name\":\"Brouwerij De Hemel\",\"url\":\"https:\\\/\\\/brouwerijdehemel.nl\\\/\",\"logo\":{\"@type\":\"ImageObject\",\"inLanguage\":\"de\",\"@id\":\"https:\\\/\\\/brouwerijdehemel.nl\\\/#\\\/schema\\\/logo\\\/image\\\/\",\"url\":\"https:\\\/\\\/brouwerijdehemel.nl\\\/wp-content\\\/uploads\\\/2023\\\/08\\\/bdh-logo.svg\",\"contentUrl\":\"https:\\\/\\\/brouwerijdehemel.nl\\\/wp-content\\\/uploads\\\/2023\\\/08\\\/bdh-logo.svg\",\"caption\":\"Brouwerij De Hemel\"},\"image\":{\"@id\":\"https:\\\/\\\/brouwerijdehemel.nl\\\/#\\\/schema\\\/logo\\\/image\\\/\"},\"sameAs\":[\"https:\\\/\\\/www.facebook.com\\\/DeHemelBrouwerij\\\/\",\"https:\\\/\\\/www.linkedin.com\\\/company\\\/brouwerij-de-hemel\\\/\",\"https:\\\/\\\/www.instagram.com\\\/de_hemel\\\/\"]}]}<\/script>\n<!-- \/ Yoast SEO plugin. -->","yoast_head_json":{"title":"CITYWALK BY NIJMEGEN &amp; F\u00fchrung mit Bierverkostung - Brouwerij de Hemel","robots":{"index":"index","follow":"follow","max-snippet":"max-snippet:-1","max-image-preview":"max-image-preview:large","max-video-preview":"max-video-preview:-1"},"canonical":"http:\/\/brouwerijdehemel.nl\/de\/produkt\/stadswandeling-door-nijmegen-rondleiding-met-bierproeverij\/","og_locale":"de_DE","og_type":"article","og_title":"STADSWANDELING DOOR NIJMEGEN & RONDLEIDING MET BIERPROEVERIJ - Brouwerij de Hemel","og_description":"Cecile van Door Nijmegen biedt verschillende themawandelingen aan. Combineer een wandeling in de stad met een rondleiding en bierproeverij in onze brouwerij! Groepen kunnen op afspraak de hele week terecht voor een brouwerijbezoek. Na de rondleiding proeven jullie 6 of 10 Hemelse bieren. Bij de historische wandeling Nijmegen Oude Stad bezoek je plekken met de ... Weiterlesen","og_url":"http:\/\/brouwerijdehemel.nl\/de\/produkt\/stadswandeling-door-nijmegen-rondleiding-met-bierproeverij\/","og_site_name":"Brouwerij de Hemel","article_publisher":"https:\/\/www.facebook.com\/DeHemelBrouwerij\/","article_modified_time":"2024-12-06T12:27:37+00:00","og_image":[{"width":630,"height":700,"url":"https:\/\/brouwerijdehemel.nl\/wp-content\/uploads\/2023\/09\/Brouwerij-de-Hemel-STADSWANDELING-DOOR-NIJMEGEN-RONDLEIDING-MET-BIERPROEVERIJ.png","type":"image\/png"}],"twitter_card":"summary_large_image","twitter_misc":{"Gesch\u00e4tzte Lesezeit":"1\u00a0Minute"},"schema":{"@context":"https:\/\/schema.org","@graph":[{"@type":"WebPage","@id":"http:\/\/brouwerijdehemel.nl\/de\/produkt\/stadswandeling-door-nijmegen-rondleiding-met-bierproeverij\/","url":"http:\/\/brouwerijdehemel.nl\/de\/produkt\/stadswandeling-door-nijmegen-rondleiding-met-bierproeverij\/","name":"CITYWALK BY NIJMEGEN &amp; F\u00fchrung mit Bierverkostung - Brouwerij de Hemel","isPartOf":{"@id":"https:\/\/brouwerijdehemel.nl\/#website"},"primaryImageOfPage":{"@id":"http:\/\/brouwerijdehemel.nl\/de\/produkt\/stadswandeling-door-nijmegen-rondleiding-met-bierproeverij\/#primaryimage"},"image":{"@id":"http:\/\/brouwerijdehemel.nl\/de\/produkt\/stadswandeling-door-nijmegen-rondleiding-met-bierproeverij\/#primaryimage"},"thumbnailUrl":"https:\/\/brouwerijdehemel.nl\/wp-content\/uploads\/2023\/09\/Brouwerij-de-Hemel-STADSWANDELING-DOOR-NIJMEGEN-RONDLEIDING-MET-BIERPROEVERIJ.png","datePublished":"2023-09-11T14:27:14+00:00","dateModified":"2024-12-06T12:27:37+00:00","breadcrumb":{"@id":"http:\/\/brouwerijdehemel.nl\/de\/produkt\/stadswandeling-door-nijmegen-rondleiding-met-bierproeverij\/#breadcrumb"},"inLanguage":"de","potentialAction":[{"@type":"ReadAction","target":["http:\/\/brouwerijdehemel.nl\/de\/produkt\/stadswandeling-door-nijmegen-rondleiding-met-bierproeverij\/"]}]},{"@type":"ImageObject","inLanguage":"de","@id":"http:\/\/brouwerijdehemel.nl\/de\/produkt\/stadswandeling-door-nijmegen-rondleiding-met-bierproeverij\/#primaryimage","url":"https:\/\/brouwerijdehemel.nl\/wp-content\/uploads\/2023\/09\/Brouwerij-de-Hemel-STADSWANDELING-DOOR-NIJMEGEN-RONDLEIDING-MET-BIERPROEVERIJ.png","contentUrl":"https:\/\/brouwerijdehemel.nl\/wp-content\/uploads\/2023\/09\/Brouwerij-de-Hemel-STADSWANDELING-DOOR-NIJMEGEN-RONDLEIDING-MET-BIERPROEVERIJ.png","width":630,"height":700},{"@type":"BreadcrumbList","@id":"http:\/\/brouwerijdehemel.nl\/de\/produkt\/stadswandeling-door-nijmegen-rondleiding-met-bierproeverij\/#breadcrumb","itemListElement":[{"@type":"ListItem","position":1,"name":"Home","item":"https:\/\/brouwerijdehemel.nl\/"},{"@type":"ListItem","position":2,"name":"Products","item":"https:\/\/brouwerijdehemel.nl\/en\/shop\/"},{"@type":"ListItem","position":3,"name":"STADSWANDELING DOOR NIJMEGEN &#038; RONDLEIDING MET BIERPROEVERIJ"}]},{"@type":"WebSite","@id":"https:\/\/brouwerijdehemel.nl\/#website","url":"https:\/\/brouwerijdehemel.nl\/","name":"Brouwerij de Hemel","description":"","publisher":{"@id":"https:\/\/brouwerijdehemel.nl\/#organization"},"potentialAction":[{"@type":"SearchAction","target":{"@type":"EntryPoint","urlTemplate":"https:\/\/brouwerijdehemel.nl\/?s={search_term_string}"},"query-input":{"@type":"PropertyValueSpecification","valueRequired":true,"valueName":"search_term_string"}}],"inLanguage":"de"},{"@type":"Organization","@id":"https:\/\/brouwerijdehemel.nl\/#organization","name":"Die Himmelsbrauerei","url":"https:\/\/brouwerijdehemel.nl\/","logo":{"@type":"ImageObject","inLanguage":"de","@id":"https:\/\/brouwerijdehemel.nl\/#\/schema\/logo\/image\/","url":"https:\/\/brouwerijdehemel.nl\/wp-content\/uploads\/2023\/08\/bdh-logo.svg","contentUrl":"https:\/\/brouwerijdehemel.nl\/wp-content\/uploads\/2023\/08\/bdh-logo.svg","caption":"Brouwerij De Hemel"},"image":{"@id":"https:\/\/brouwerijdehemel.nl\/#\/schema\/logo\/image\/"},"sameAs":["https:\/\/www.facebook.com\/DeHemelBrouwerij\/","https:\/\/www.linkedin.com\/company\/brouwerij-de-hemel\/","https:\/\/www.instagram.com\/de_hemel\/"]}]}},"_links":{"self":[{"href":"https:\/\/brouwerijdehemel.nl\/de\/wp-json\/wp\/v2\/product\/1539","targetHints":{"allow":["GET"]}}],"collection":[{"href":"https:\/\/brouwerijdehemel.nl\/de\/wp-json\/wp\/v2\/product"}],"about":[{"href":"https:\/\/brouwerijdehemel.nl\/de\/wp-json\/wp\/v2\/types\/product"}],"wp:featuredmedia":[{"embeddable":true,"href":"https:\/\/brouwerijdehemel.nl\/de\/wp-json\/wp\/v2\/media\/1817"}],"wp:attachment":[{"href":"https:\/\/brouwerijdehemel.nl\/de\/wp-json\/wp\/v2\/media?parent=1539"}],"wp:term":[{"taxonomy":"product_brand","embeddable":true,"href":"https:\/\/brouwerijdehemel.nl\/de\/wp-json\/wp\/v2\/product_brand?post=1539"},{"taxonomy":"product_cat","embeddable":true,"href":"https:\/\/brouwerijdehemel.nl\/de\/wp-json\/wp\/v2\/product_cat?post=1539"},{"taxonomy":"product_tag","embeddable":true,"href":"https:\/\/brouwerijdehemel.nl\/de\/wp-json\/wp\/v2\/product_tag?post=1539"}],"curies":[{"name":"wp","href":"https:\/\/api.w.org\/{rel}","templated":true}]}}