{"id":1519,"date":"2023-09-11T11:58:15","date_gmt":"2023-09-11T09:58:15","guid":{"rendered":"https:\/\/brouwerijdehemel.clarq.nl\/?post_type=product&#038;p=1519"},"modified":"2024-12-06T13:27:44","modified_gmt":"2024-12-06T12:27:44","slug":"stadswandeling-nymatours-rondleiding-met-bierproeverij","status":"publish","type":"product","link":"https:\/\/brouwerijdehemel.nl\/de\/produkt\/stadswandeling-nymatours-rondleiding-met-bierproeverij\/","title":{"rendered":"STADTRUNDFAHRT NYMATOURS &amp; F\u00dcHRUNG MIT BIERVERKOSTUNG"},"content":{"rendered":"<p>Kombinieren Sie unsere Tour mit Verkostung mit einem Paket von Nymatours. Machen Sie eine selbstst\u00e4ndige Audiotour oder schlie\u00dfen Sie sich einer gef\u00fchrten Wander- oder Radtour an!<\/p>\n<p>Die Preise von Nymatours liegen bei 119,95 \u20ac pro Gruppe f\u00fcr einen gef\u00fchrten Spaziergang und 15 \u20ac pro Person f\u00fcr die Brauereif\u00fchrung mit Bierverkostung von 6 Bieren. Individuelle Audiotour, gefolgt von einer F\u00fchrung mit Bierverkostung von 6 Bieren f\u00fcr 39,95 \u20ac pro Person. Ma\u00dfgeschneiderte Arrangements in Absprache.<\/p>\n<p><b>Achtung!<br \/>\nIhre Reservierungsanfrage ist erst dann endg\u00fcltig, wenn sie von der Brauerei best\u00e4tigt worden ist.<\/b><\/p>","protected":false},"excerpt":{"rendered":"<p>Kombinieren Sie unsere Tour mit Verkostung mit einem Paket von Nymatours. Machen Sie eine Audio-Tour unabh\u00e4ngig oder schlie\u00dfen Sie sich einer gef\u00fchrten Wanderung oder Radtour an! Der Preis von Nymatours betr\u00e4gt ab 119,95 \u20ac pro Gruppe f\u00fcr eine gef\u00fchrte Wanderung und 15 \u20ac pro Person f\u00fcr die Brauereif\u00fchrung mit Bierverkostung von 6 Bieren. Individuelle Audiotour, gefolgt von ... <a title=\"STADTRUNDFAHRT NYMATOURS &amp; F\u00dcHRUNG MIT BIERVERKOSTUNG\" class=\"read-more\" href=\"https:\/\/brouwerijdehemel.nl\/de\/produkt\/stadswandeling-nymatours-rondleiding-met-bierproeverij\/\" aria-label=\"Mehr Informationen \u00fcber STADSWANDING NYMATOURS &amp; GEF\u00dcHRTE TOUR MIT BIERPROEVERY\">Weiterlesen<\/a><\/p>","protected":false},"featured_media":708,"template":"","meta":{"_acf_changed":false},"product_brand":[],"product_cat":[80],"product_tag":[],"class_list":{"0":"post-1519","1":"product","2":"type-product","3":"status-publish","4":"has-post-thumbnail","6":"product_cat-bezoek-onze-brouwerij","8":"first","9":"instock","10":"virtual","11":"sold-individually","12":"taxable","13":"purchasable","14":"product-type-booking"},"booking_location":"","booking_location_type":"","booking_duration":30,"booking_duration_unit":"minute","booking_buffer":0,"booking_cost":0,"booking_resources":[],"exclude_global_add_ons":false,"addons":[{"name":"W\u00e4hlen Sie die Anzahl der k\u00f6stlichen Biere, die Sie probieren m\u00f6chten","type":"multiple_choice","position":0,"required":true,"title_format":"label","default":"","description_enable":false,"description":"","placeholder_enable":false,"placeholder":"","display":"select","restrictions_type":"any_text","adjust_price":false,"price":"","price_type":"flat_fee","restrictions":false,"min":"0","max":"0","options":[{"label":"6 bieren","price":"","price_type":"flat_fee","image":0,"visibility":true},{"label":"10 bieren","price":"","price_type":"flat_fee","image":0,"visibility":true}],"id":1694449829},{"name":"Auch lecker mit Verkostung","type":"checkbox","position":1,"required":false,"title_format":"label","default":"","description_enable":false,"description":"","placeholder_enable":false,"placeholder":"","display":"select","restrictions_type":"any_text","adjust_price":false,"price":"","price_type":"flat_fee","restrictions":false,"min":"0","max":"0","options":[{"label":"Inclusief gemengde borrelhapjes","price":"","price_type":"flat_fee","image":0,"visibility":true}],"id":1694449830}],"acf":[],"yoast_head":"<!-- This site is optimized with the Yoast SEO plugin v27.4 - https:\/\/yoast.com\/product\/yoast-seo-wordpress\/ -->\n<title>STADSWANDELING NYMATOURS &amp; RONDLEIDING MET BIERPROEVERIJ - Brouwerij de Hemel<\/title>\n<meta name=\"robots\" content=\"index, follow, max-snippet:-1, max-image-preview:large, max-video-preview:-1\" \/>\n<link rel=\"canonical\" href=\"http:\/\/brouwerijdehemel.nl\/de\/produkt\/stadswandeling-nymatours-rondleiding-met-bierproeverij\/\" \/>\n<meta property=\"og:locale\" content=\"de_DE\" \/>\n<meta property=\"og:type\" content=\"article\" \/>\n<meta property=\"og:title\" content=\"STADSWANDELING NYMATOURS &amp; RONDLEIDING MET BIERPROEVERIJ - Brouwerij de Hemel\" \/>\n<meta property=\"og:description\" content=\"Combineer onze rondleiding met proeverij met een arrangement van Nymatours. Neem zelfstandig een audiotour of ga met gids mee wandelen of fietsen! De prijs voor Nymatours is vanaf \u20ac119,95 per groep voor een wandeling met gids &amp; \u20ac15,- per persoon voor de rondleiding door de Brouwerij met bierproeverij van 6 bieren. Individuele audiotour gevolgd door ... Weiterlesen\" \/>\n<meta property=\"og:url\" content=\"http:\/\/brouwerijdehemel.nl\/de\/produkt\/stadswandeling-nymatours-rondleiding-met-bierproeverij\/\" \/>\n<meta property=\"og:site_name\" content=\"Brouwerij de Hemel\" \/>\n<meta property=\"article:publisher\" content=\"https:\/\/www.facebook.com\/DeHemelBrouwerij\/\" \/>\n<meta property=\"article:modified_time\" content=\"2024-12-06T12:27:44+00:00\" \/>\n<meta property=\"og:image\" content=\"https:\/\/brouwerijdehemel.nl\/wp-content\/uploads\/2023\/07\/Arrangement3.png\" \/>\n\t<meta property=\"og:image:width\" content=\"503\" \/>\n\t<meta property=\"og:image:height\" content=\"295\" \/>\n\t<meta property=\"og:image:type\" content=\"image\/png\" \/>\n<meta name=\"twitter:card\" content=\"summary_large_image\" \/>\n<meta name=\"twitter:label1\" content=\"Gesch\u00e4tzte Lesezeit\" \/>\n\t<meta name=\"twitter:data1\" content=\"1\u00a0Minute\" \/>\n<script type=\"application\/ld+json\" class=\"yoast-schema-graph\">{\"@context\":\"https:\\\/\\\/schema.org\",\"@graph\":[{\"@type\":\"WebPage\",\"@id\":\"http:\\\/\\\/brouwerijdehemel.nl\\\/de\\\/produkt\\\/stadswandeling-nymatours-rondleiding-met-bierproeverij\\\/\",\"url\":\"http:\\\/\\\/brouwerijdehemel.nl\\\/de\\\/produkt\\\/stadswandeling-nymatours-rondleiding-met-bierproeverij\\\/\",\"name\":\"STADSWANDELING NYMATOURS & RONDLEIDING MET BIERPROEVERIJ - Brouwerij de Hemel\",\"isPartOf\":{\"@id\":\"https:\\\/\\\/brouwerijdehemel.nl\\\/#website\"},\"primaryImageOfPage\":{\"@id\":\"http:\\\/\\\/brouwerijdehemel.nl\\\/de\\\/produkt\\\/stadswandeling-nymatours-rondleiding-met-bierproeverij\\\/#primaryimage\"},\"image\":{\"@id\":\"http:\\\/\\\/brouwerijdehemel.nl\\\/de\\\/produkt\\\/stadswandeling-nymatours-rondleiding-met-bierproeverij\\\/#primaryimage\"},\"thumbnailUrl\":\"https:\\\/\\\/brouwerijdehemel.nl\\\/wp-content\\\/uploads\\\/2023\\\/07\\\/Arrangement3.png\",\"datePublished\":\"2023-09-11T09:58:15+00:00\",\"dateModified\":\"2024-12-06T12:27:44+00:00\",\"breadcrumb\":{\"@id\":\"http:\\\/\\\/brouwerijdehemel.nl\\\/de\\\/produkt\\\/stadswandeling-nymatours-rondleiding-met-bierproeverij\\\/#breadcrumb\"},\"inLanguage\":\"de\",\"potentialAction\":[{\"@type\":\"ReadAction\",\"target\":[\"http:\\\/\\\/brouwerijdehemel.nl\\\/de\\\/produkt\\\/stadswandeling-nymatours-rondleiding-met-bierproeverij\\\/\"]}]},{\"@type\":\"ImageObject\",\"inLanguage\":\"de\",\"@id\":\"http:\\\/\\\/brouwerijdehemel.nl\\\/de\\\/produkt\\\/stadswandeling-nymatours-rondleiding-met-bierproeverij\\\/#primaryimage\",\"url\":\"https:\\\/\\\/brouwerijdehemel.nl\\\/wp-content\\\/uploads\\\/2023\\\/07\\\/Arrangement3.png\",\"contentUrl\":\"https:\\\/\\\/brouwerijdehemel.nl\\\/wp-content\\\/uploads\\\/2023\\\/07\\\/Arrangement3.png\",\"width\":503,\"height\":295},{\"@type\":\"BreadcrumbList\",\"@id\":\"http:\\\/\\\/brouwerijdehemel.nl\\\/de\\\/produkt\\\/stadswandeling-nymatours-rondleiding-met-bierproeverij\\\/#breadcrumb\",\"itemListElement\":[{\"@type\":\"ListItem\",\"position\":1,\"name\":\"Home\",\"item\":\"https:\\\/\\\/brouwerijdehemel.nl\\\/\"},{\"@type\":\"ListItem\",\"position\":2,\"name\":\"Products\",\"item\":\"https:\\\/\\\/brouwerijdehemel.nl\\\/en\\\/shop\\\/\"},{\"@type\":\"ListItem\",\"position\":3,\"name\":\"STADSWANDELING NYMATOURS &#038; RONDLEIDING MET BIERPROEVERIJ\"}]},{\"@type\":\"WebSite\",\"@id\":\"https:\\\/\\\/brouwerijdehemel.nl\\\/#website\",\"url\":\"https:\\\/\\\/brouwerijdehemel.nl\\\/\",\"name\":\"Brouwerij de Hemel\",\"description\":\"\",\"publisher\":{\"@id\":\"https:\\\/\\\/brouwerijdehemel.nl\\\/#organization\"},\"potentialAction\":[{\"@type\":\"SearchAction\",\"target\":{\"@type\":\"EntryPoint\",\"urlTemplate\":\"https:\\\/\\\/brouwerijdehemel.nl\\\/?s={search_term_string}\"},\"query-input\":{\"@type\":\"PropertyValueSpecification\",\"valueRequired\":true,\"valueName\":\"search_term_string\"}}],\"inLanguage\":\"de\"},{\"@type\":\"Organization\",\"@id\":\"https:\\\/\\\/brouwerijdehemel.nl\\\/#organization\",\"name\":\"Brouwerij De Hemel\",\"url\":\"https:\\\/\\\/brouwerijdehemel.nl\\\/\",\"logo\":{\"@type\":\"ImageObject\",\"inLanguage\":\"de\",\"@id\":\"https:\\\/\\\/brouwerijdehemel.nl\\\/#\\\/schema\\\/logo\\\/image\\\/\",\"url\":\"https:\\\/\\\/brouwerijdehemel.nl\\\/wp-content\\\/uploads\\\/2023\\\/08\\\/bdh-logo.svg\",\"contentUrl\":\"https:\\\/\\\/brouwerijdehemel.nl\\\/wp-content\\\/uploads\\\/2023\\\/08\\\/bdh-logo.svg\",\"caption\":\"Brouwerij De Hemel\"},\"image\":{\"@id\":\"https:\\\/\\\/brouwerijdehemel.nl\\\/#\\\/schema\\\/logo\\\/image\\\/\"},\"sameAs\":[\"https:\\\/\\\/www.facebook.com\\\/DeHemelBrouwerij\\\/\",\"https:\\\/\\\/www.linkedin.com\\\/company\\\/brouwerij-de-hemel\\\/\",\"https:\\\/\\\/www.instagram.com\\\/de_hemel\\\/\"]}]}<\/script>\n<!-- \/ Yoast SEO plugin. -->","yoast_head_json":{"title":"CITY WALK NYMATOURS &amp; GEF\u00dcHRTE TOUR MIT BIERVERKOSTUNG - Brauerei de Hemel","robots":{"index":"index","follow":"follow","max-snippet":"max-snippet:-1","max-image-preview":"max-image-preview:large","max-video-preview":"max-video-preview:-1"},"canonical":"http:\/\/brouwerijdehemel.nl\/de\/produkt\/stadswandeling-nymatours-rondleiding-met-bierproeverij\/","og_locale":"de_DE","og_type":"article","og_title":"STADSWANDELING NYMATOURS & RONDLEIDING MET BIERPROEVERIJ - Brouwerij de Hemel","og_description":"Combineer onze rondleiding met proeverij met een arrangement van Nymatours. Neem zelfstandig een audiotour of ga met gids mee wandelen of fietsen! De prijs voor Nymatours is vanaf \u20ac119,95 per groep voor een wandeling met gids &amp; \u20ac15,- per persoon voor de rondleiding door de Brouwerij met bierproeverij van 6 bieren. Individuele audiotour gevolgd door ... Weiterlesen","og_url":"http:\/\/brouwerijdehemel.nl\/de\/produkt\/stadswandeling-nymatours-rondleiding-met-bierproeverij\/","og_site_name":"Brouwerij de Hemel","article_publisher":"https:\/\/www.facebook.com\/DeHemelBrouwerij\/","article_modified_time":"2024-12-06T12:27:44+00:00","og_image":[{"width":503,"height":295,"url":"https:\/\/brouwerijdehemel.nl\/wp-content\/uploads\/2023\/07\/Arrangement3.png","type":"image\/png"}],"twitter_card":"summary_large_image","twitter_misc":{"Gesch\u00e4tzte Lesezeit":"1\u00a0Minute"},"schema":{"@context":"https:\/\/schema.org","@graph":[{"@type":"WebPage","@id":"http:\/\/brouwerijdehemel.nl\/de\/produkt\/stadswandeling-nymatours-rondleiding-met-bierproeverij\/","url":"http:\/\/brouwerijdehemel.nl\/de\/produkt\/stadswandeling-nymatours-rondleiding-met-bierproeverij\/","name":"CITY WALK NYMATOURS &amp; GEF\u00dcHRTE TOUR MIT BIERVERKOSTUNG - Brauerei de Hemel","isPartOf":{"@id":"https:\/\/brouwerijdehemel.nl\/#website"},"primaryImageOfPage":{"@id":"http:\/\/brouwerijdehemel.nl\/de\/produkt\/stadswandeling-nymatours-rondleiding-met-bierproeverij\/#primaryimage"},"image":{"@id":"http:\/\/brouwerijdehemel.nl\/de\/produkt\/stadswandeling-nymatours-rondleiding-met-bierproeverij\/#primaryimage"},"thumbnailUrl":"https:\/\/brouwerijdehemel.nl\/wp-content\/uploads\/2023\/07\/Arrangement3.png","datePublished":"2023-09-11T09:58:15+00:00","dateModified":"2024-12-06T12:27:44+00:00","breadcrumb":{"@id":"http:\/\/brouwerijdehemel.nl\/de\/produkt\/stadswandeling-nymatours-rondleiding-met-bierproeverij\/#breadcrumb"},"inLanguage":"de","potentialAction":[{"@type":"ReadAction","target":["http:\/\/brouwerijdehemel.nl\/de\/produkt\/stadswandeling-nymatours-rondleiding-met-bierproeverij\/"]}]},{"@type":"ImageObject","inLanguage":"de","@id":"http:\/\/brouwerijdehemel.nl\/de\/produkt\/stadswandeling-nymatours-rondleiding-met-bierproeverij\/#primaryimage","url":"https:\/\/brouwerijdehemel.nl\/wp-content\/uploads\/2023\/07\/Arrangement3.png","contentUrl":"https:\/\/brouwerijdehemel.nl\/wp-content\/uploads\/2023\/07\/Arrangement3.png","width":503,"height":295},{"@type":"BreadcrumbList","@id":"http:\/\/brouwerijdehemel.nl\/de\/produkt\/stadswandeling-nymatours-rondleiding-met-bierproeverij\/#breadcrumb","itemListElement":[{"@type":"ListItem","position":1,"name":"Home","item":"https:\/\/brouwerijdehemel.nl\/"},{"@type":"ListItem","position":2,"name":"Products","item":"https:\/\/brouwerijdehemel.nl\/en\/shop\/"},{"@type":"ListItem","position":3,"name":"STADSWANDELING NYMATOURS &#038; RONDLEIDING MET BIERPROEVERIJ"}]},{"@type":"WebSite","@id":"https:\/\/brouwerijdehemel.nl\/#website","url":"https:\/\/brouwerijdehemel.nl\/","name":"Brouwerij de Hemel","description":"","publisher":{"@id":"https:\/\/brouwerijdehemel.nl\/#organization"},"potentialAction":[{"@type":"SearchAction","target":{"@type":"EntryPoint","urlTemplate":"https:\/\/brouwerijdehemel.nl\/?s={search_term_string}"},"query-input":{"@type":"PropertyValueSpecification","valueRequired":true,"valueName":"search_term_string"}}],"inLanguage":"de"},{"@type":"Organization","@id":"https:\/\/brouwerijdehemel.nl\/#organization","name":"Die Himmelsbrauerei","url":"https:\/\/brouwerijdehemel.nl\/","logo":{"@type":"ImageObject","inLanguage":"de","@id":"https:\/\/brouwerijdehemel.nl\/#\/schema\/logo\/image\/","url":"https:\/\/brouwerijdehemel.nl\/wp-content\/uploads\/2023\/08\/bdh-logo.svg","contentUrl":"https:\/\/brouwerijdehemel.nl\/wp-content\/uploads\/2023\/08\/bdh-logo.svg","caption":"Brouwerij De Hemel"},"image":{"@id":"https:\/\/brouwerijdehemel.nl\/#\/schema\/logo\/image\/"},"sameAs":["https:\/\/www.facebook.com\/DeHemelBrouwerij\/","https:\/\/www.linkedin.com\/company\/brouwerij-de-hemel\/","https:\/\/www.instagram.com\/de_hemel\/"]}]}},"_links":{"self":[{"href":"https:\/\/brouwerijdehemel.nl\/de\/wp-json\/wp\/v2\/product\/1519","targetHints":{"allow":["GET"]}}],"collection":[{"href":"https:\/\/brouwerijdehemel.nl\/de\/wp-json\/wp\/v2\/product"}],"about":[{"href":"https:\/\/brouwerijdehemel.nl\/de\/wp-json\/wp\/v2\/types\/product"}],"wp:featuredmedia":[{"embeddable":true,"href":"https:\/\/brouwerijdehemel.nl\/de\/wp-json\/wp\/v2\/media\/708"}],"wp:attachment":[{"href":"https:\/\/brouwerijdehemel.nl\/de\/wp-json\/wp\/v2\/media?parent=1519"}],"wp:term":[{"taxonomy":"product_brand","embeddable":true,"href":"https:\/\/brouwerijdehemel.nl\/de\/wp-json\/wp\/v2\/product_brand?post=1519"},{"taxonomy":"product_cat","embeddable":true,"href":"https:\/\/brouwerijdehemel.nl\/de\/wp-json\/wp\/v2\/product_cat?post=1519"},{"taxonomy":"product_tag","embeddable":true,"href":"https:\/\/brouwerijdehemel.nl\/de\/wp-json\/wp\/v2\/product_tag?post=1519"}],"curies":[{"name":"wp","href":"https:\/\/api.w.org\/{rel}","templated":true}]}}