{"id":1445,"date":"2023-09-01T14:33:04","date_gmt":"2023-09-01T12:33:04","guid":{"rendered":"https:\/\/brouwerijdehemel.clarq.nl\/?post_type=product&#038;p=1445"},"modified":"2025-11-12T15:36:32","modified_gmt":"2025-11-12T14:36:32","slug":"rondleiding-met-proeverij-groepen-van-10-personen-of-meer","status":"publish","type":"product","link":"https:\/\/brouwerijdehemel.nl\/de\/produkt\/rondleiding-met-proeverij-groepen-van-10-personen-of-meer\/","title":{"rendered":"GEF\u00dcHRTE BESICHTIGUNGEN MIT VERKOSTUNG F\u00dcR GRUPPEN AB 10 PERSONEN"},"content":{"rendered":"<p><strong>Was k\u00f6nnen Sie erwarten?<\/strong><br \/>\nEntdecken Sie die Welt der Bierspezialit\u00e4ten, des Bierbrauens und der Brauerei de Hemel! Besuchen Sie unsere Brauerei, wo Sie in die faszinierende Welt des Bieres eintauchen k\u00f6nnen. Erfahren Sie alles \u00fcber die Geheimnisse des Brauprozesses, die sorgf\u00e4ltig ausgew\u00e4hlten Zutaten und die reiche Geschichte unserer Brauerei. Aber das ist noch nicht alles! Entdecken Sie die Kunst der Destillation und erfahren Sie, wie wir Essig und Senf herstellen. Lassen Sie sich \u00fcberraschen von der Vielfalt der Geschmacksrichtungen und des Handwerks, die wir zu bieten haben.<\/p>\n<p><strong>Gruppen von 10 Personen oder mehr<\/strong>: Reservieren Sie eine Gruppenf\u00fchrung. Jeder Tag in der Woche m\u00f6glich, je nach Verf\u00fcgbarkeit.<br \/> <br \/>\nKosten pro Person: 17,50 \u20ac f\u00fcr eine F\u00fchrung durch die Brauerei und eine anschlie\u00dfende Verkostung von 6 Heavenly-Bieren. <br \/>\nErweitern Sie die Gruppenreise mit einer Getr\u00e4nkekarte. F\u00fcr 6 \u20ac pro Person erhalten Sie eine gemischte Getr\u00e4nkekarte mit der Verkostung.<br \/> <br \/>\nOder nehmen Sie an einer gef\u00fchrten Tour mit einer umfangreichen Verkostung von 9 Bieren + 1 selbstgebrautem Lik\u00f6r oder Gin f\u00fcr 22 \u20ac pro Person teil.<\/p>\n<p><strong>Dauer<\/strong>: ca. 1,5 Stunden f\u00fcr eine F\u00fchrung mit Verkostung von 6 Bieren und 2,5 Stunden f\u00fcr eine ausf\u00fchrliche Verkostung.<\/p>\n<p><a href=\"https:\/\/brouwerijdehemel.nl\/de\/produkt\/rondleiding-met-proeverij\/\"><b>Unternehmen mit weniger als 10 Mitarbeitern? Klicken Sie hier!<\/b><\/a><\/p>\n<p><b>Achtung!<br \/>\nIhre Reservierungsanfrage ist erst dann endg\u00fcltig, wenn sie von der Brauerei best\u00e4tigt worden ist.<\/b><\/p>","protected":false},"excerpt":{"rendered":"<p>Was Sie erwartet. Entdecken Sie die Welt der Bierspezialit\u00e4ten, des Bierbrauens und der Brewery de Hemel! Besuchen Sie unsere Brauerei, wo Sie in die faszinierende Welt des Bieres eintauchen k\u00f6nnen. Erfahren Sie alles \u00fcber die Geheimnisse des Brauprozesses, die sorgf\u00e4ltig ausgew\u00e4hlten Zutaten und die reiche Geschichte unserer Brauerei. Aber das ist noch nicht alles! ... <a title=\"GEF\u00dcHRTE BESICHTIGUNGEN MIT VERKOSTUNG F\u00dcR GRUPPEN AB 10 PERSONEN\" class=\"read-more\" href=\"https:\/\/brouwerijdehemel.nl\/de\/produkt\/rondleiding-met-proeverij-groepen-van-10-personen-of-meer\/\" aria-label=\"Mehr Informationen \u00fcber RONDLEIDING MIT PROEVERY-GRUPPEN VON 10 PERSONEN ODER MEHR\">Weiterlesen<\/a><\/p>","protected":false},"featured_media":1818,"template":"","meta":{"_acf_changed":false},"product_brand":[],"product_cat":[80],"product_tag":[],"class_list":{"0":"post-1445","1":"product","2":"type-product","3":"status-publish","4":"has-post-thumbnail","6":"product_cat-bezoek-onze-brouwerij","8":"first","9":"instock","10":"virtual","11":"sold-individually","12":"taxable","13":"purchasable","14":"product-type-booking"},"booking_location":"","booking_location_type":"","booking_duration":30,"booking_duration_unit":"minute","booking_buffer":0,"booking_cost":0,"booking_resources":[],"exclude_global_add_ons":false,"addons":{"0":{"name":"W\u00e4hlen Sie die Art der Verkostung","type":"multiple_choice","position":0,"required":true,"title_format":"label","default":"","description_enable":false,"description":"","placeholder_enable":false,"placeholder":"","display":"select","restrictions_type":"any_text","adjust_price":false,"price":"","price_type":"flat_fee","restrictions":false,"min":"0","max":"0","options":[{"label":"Standaard: 6 bieren voor \u20ac17,50 pp","price":"","price_type":"flat_fee","image":0,"visibility":true},{"label":"Uitgebreid: 9 bieren + 1 huisgestookte likeur\/jenever voor \u20ac22,- pp","price":"","price_type":"flat_fee","image":0,"visibility":true}],"id":1694433269},"3":{"name":"Auch lecker mit Verkostung","type":"checkbox","position":1,"required":false,"title_format":"label","default":"","description_enable":false,"description":"","placeholder_enable":false,"placeholder":"","display":"select","restrictions_type":"any_text","adjust_price":false,"price":"","price_type":"flat_fee","restrictions":false,"min":"0","max":"0","options":[{"label":"Inclusief gemengde borrelhapjes voor \u20ac6,- pp","price":"","price_type":"flat_fee","image":0,"visibility":true}],"id":1694433052},"1":{"name":"Gef\u00fchrte Tour in einer anderen Sprache","type":"checkbox","position":2,"required":false,"title_format":"label","default":"","description_enable":false,"description":"","placeholder_enable":false,"placeholder":"","display":"select","restrictions_type":"any_text","adjust_price":false,"price":"","price_type":"flat_fee","restrictions":false,"min":"0","max":"0","options":[{"label":"Engels","price":"","price_type":"flat_fee","image":0,"visibility":true},{"label":"Duits","price":"","price_type":"flat_fee","image":0,"visibility":true}],"id":1697054130},"2":{"name":"Anmerkungen:","type":"custom_textarea","position":3,"required":false,"title_format":"label","default":"","description_enable":false,"description":"","placeholder_enable":false,"placeholder":"","display":"select","restrictions_type":"any_text","adjust_price":false,"price":"","price_type":"flat_fee","restrictions":false,"min":"0","max":"0","options":[],"id":1697055818}},"acf":[],"yoast_head":"<!-- This site is optimized with the Yoast SEO plugin v27.4 - https:\/\/yoast.com\/product\/yoast-seo-wordpress\/ -->\n<title>RONDLEIDING MET PROEVERIJ GROEPEN VAN 10 PERSONEN OF MEER - Brouwerij de Hemel<\/title>\n<meta name=\"robots\" content=\"index, follow, max-snippet:-1, max-image-preview:large, max-video-preview:-1\" \/>\n<link rel=\"canonical\" href=\"https:\/\/brouwerijdehemel.nl\/de\/produkt\/rondleiding-met-proeverij-groepen-van-10-personen-of-meer\/\" \/>\n<meta property=\"og:locale\" content=\"de_DE\" \/>\n<meta property=\"og:type\" content=\"article\" \/>\n<meta property=\"og:title\" content=\"RONDLEIDING MET PROEVERIJ GROEPEN VAN 10 PERSONEN OF MEER - Brouwerij de Hemel\" \/>\n<meta property=\"og:description\" content=\"Wat kun je verwachten? Ontdek de wereld van speciaalbier, brouwen en Brouwerij de Hemel! Breng een bezoek aan onze brouwerij, waar je wordt ondergedompeld in de fascinerende wereld van bier. Leer alles over de geheimen van het brouwproces, de zorgvuldig geselecteerde ingredi\u00ebnten en de rijke geschiedenis van onze brouwerij. Maar dat is nog niet alles! ... Weiterlesen\" \/>\n<meta property=\"og:url\" content=\"https:\/\/brouwerijdehemel.nl\/de\/produkt\/rondleiding-met-proeverij-groepen-van-10-personen-of-meer\/\" \/>\n<meta property=\"og:site_name\" content=\"Brouwerij de Hemel\" \/>\n<meta property=\"article:publisher\" content=\"https:\/\/www.facebook.com\/DeHemelBrouwerij\/\" \/>\n<meta property=\"article:modified_time\" content=\"2025-11-12T14:36:32+00:00\" \/>\n<meta property=\"og:image\" content=\"https:\/\/brouwerijdehemel.nl\/wp-content\/uploads\/2023\/09\/Brouwerij-de-Hemel-RONDLEIDING-MET-PROEVERIJ.png\" \/>\n\t<meta property=\"og:image:width\" content=\"630\" \/>\n\t<meta property=\"og:image:height\" content=\"700\" \/>\n\t<meta property=\"og:image:type\" content=\"image\/png\" \/>\n<meta name=\"twitter:card\" content=\"summary_large_image\" \/>\n<meta name=\"twitter:label1\" content=\"Gesch\u00e4tzte Lesezeit\" \/>\n\t<meta name=\"twitter:data1\" content=\"2\u00a0Minuten\" \/>\n<script type=\"application\/ld+json\" class=\"yoast-schema-graph\">{\"@context\":\"https:\\\/\\\/schema.org\",\"@graph\":[{\"@type\":\"WebPage\",\"@id\":\"https:\\\/\\\/brouwerijdehemel.nl\\\/product\\\/rondleiding-met-proeverij-groepen-van-10-personen-of-meer\\\/\",\"url\":\"https:\\\/\\\/brouwerijdehemel.nl\\\/product\\\/rondleiding-met-proeverij-groepen-van-10-personen-of-meer\\\/\",\"name\":\"RONDLEIDING MET PROEVERIJ GROEPEN VAN 10 PERSONEN OF MEER - Brouwerij de Hemel\",\"isPartOf\":{\"@id\":\"https:\\\/\\\/brouwerijdehemel.nl\\\/#website\"},\"primaryImageOfPage\":{\"@id\":\"https:\\\/\\\/brouwerijdehemel.nl\\\/product\\\/rondleiding-met-proeverij-groepen-van-10-personen-of-meer\\\/#primaryimage\"},\"image\":{\"@id\":\"https:\\\/\\\/brouwerijdehemel.nl\\\/product\\\/rondleiding-met-proeverij-groepen-van-10-personen-of-meer\\\/#primaryimage\"},\"thumbnailUrl\":\"https:\\\/\\\/brouwerijdehemel.nl\\\/wp-content\\\/uploads\\\/2023\\\/09\\\/Brouwerij-de-Hemel-RONDLEIDING-MET-PROEVERIJ.png\",\"datePublished\":\"2023-09-01T12:33:04+00:00\",\"dateModified\":\"2025-11-12T14:36:32+00:00\",\"breadcrumb\":{\"@id\":\"https:\\\/\\\/brouwerijdehemel.nl\\\/product\\\/rondleiding-met-proeverij-groepen-van-10-personen-of-meer\\\/#breadcrumb\"},\"inLanguage\":\"de\",\"potentialAction\":[{\"@type\":\"ReadAction\",\"target\":[\"https:\\\/\\\/brouwerijdehemel.nl\\\/product\\\/rondleiding-met-proeverij-groepen-van-10-personen-of-meer\\\/\"]}]},{\"@type\":\"ImageObject\",\"inLanguage\":\"de\",\"@id\":\"https:\\\/\\\/brouwerijdehemel.nl\\\/product\\\/rondleiding-met-proeverij-groepen-van-10-personen-of-meer\\\/#primaryimage\",\"url\":\"https:\\\/\\\/brouwerijdehemel.nl\\\/wp-content\\\/uploads\\\/2023\\\/09\\\/Brouwerij-de-Hemel-RONDLEIDING-MET-PROEVERIJ.png\",\"contentUrl\":\"https:\\\/\\\/brouwerijdehemel.nl\\\/wp-content\\\/uploads\\\/2023\\\/09\\\/Brouwerij-de-Hemel-RONDLEIDING-MET-PROEVERIJ.png\",\"width\":630,\"height\":700},{\"@type\":\"BreadcrumbList\",\"@id\":\"https:\\\/\\\/brouwerijdehemel.nl\\\/product\\\/rondleiding-met-proeverij-groepen-van-10-personen-of-meer\\\/#breadcrumb\",\"itemListElement\":[{\"@type\":\"ListItem\",\"position\":1,\"name\":\"Home\",\"item\":\"https:\\\/\\\/brouwerijdehemel.nl\\\/\"},{\"@type\":\"ListItem\",\"position\":2,\"name\":\"Products\",\"item\":\"https:\\\/\\\/brouwerijdehemel.nl\\\/en\\\/shop\\\/\"},{\"@type\":\"ListItem\",\"position\":3,\"name\":\"RONDLEIDING MET PROEVERIJ GROEPEN VAN 10 PERSONEN OF MEER\"}]},{\"@type\":\"WebSite\",\"@id\":\"https:\\\/\\\/brouwerijdehemel.nl\\\/#website\",\"url\":\"https:\\\/\\\/brouwerijdehemel.nl\\\/\",\"name\":\"Brouwerij de Hemel\",\"description\":\"\",\"publisher\":{\"@id\":\"https:\\\/\\\/brouwerijdehemel.nl\\\/#organization\"},\"potentialAction\":[{\"@type\":\"SearchAction\",\"target\":{\"@type\":\"EntryPoint\",\"urlTemplate\":\"https:\\\/\\\/brouwerijdehemel.nl\\\/?s={search_term_string}\"},\"query-input\":{\"@type\":\"PropertyValueSpecification\",\"valueRequired\":true,\"valueName\":\"search_term_string\"}}],\"inLanguage\":\"de\"},{\"@type\":\"Organization\",\"@id\":\"https:\\\/\\\/brouwerijdehemel.nl\\\/#organization\",\"name\":\"Brouwerij De Hemel\",\"url\":\"https:\\\/\\\/brouwerijdehemel.nl\\\/\",\"logo\":{\"@type\":\"ImageObject\",\"inLanguage\":\"de\",\"@id\":\"https:\\\/\\\/brouwerijdehemel.nl\\\/#\\\/schema\\\/logo\\\/image\\\/\",\"url\":\"https:\\\/\\\/brouwerijdehemel.nl\\\/wp-content\\\/uploads\\\/2023\\\/08\\\/bdh-logo.svg\",\"contentUrl\":\"https:\\\/\\\/brouwerijdehemel.nl\\\/wp-content\\\/uploads\\\/2023\\\/08\\\/bdh-logo.svg\",\"caption\":\"Brouwerij De Hemel\"},\"image\":{\"@id\":\"https:\\\/\\\/brouwerijdehemel.nl\\\/#\\\/schema\\\/logo\\\/image\\\/\"},\"sameAs\":[\"https:\\\/\\\/www.facebook.com\\\/DeHemelBrouwerij\\\/\",\"https:\\\/\\\/www.linkedin.com\\\/company\\\/brouwerij-de-hemel\\\/\",\"https:\\\/\\\/www.instagram.com\\\/de_hemel\\\/\"]}]}<\/script>\n<!-- \/ Yoast SEO plugin. -->","yoast_head_json":{"title":"F\u00fchrung mit Verkostung f\u00fcr Gruppen ab 10 Personen - Brewery de Hemel","robots":{"index":"index","follow":"follow","max-snippet":"max-snippet:-1","max-image-preview":"max-image-preview:large","max-video-preview":"max-video-preview:-1"},"canonical":"https:\/\/brouwerijdehemel.nl\/de\/produkt\/rondleiding-met-proeverij-groepen-van-10-personen-of-meer\/","og_locale":"de_DE","og_type":"article","og_title":"RONDLEIDING MET PROEVERIJ GROEPEN VAN 10 PERSONEN OF MEER - Brouwerij de Hemel","og_description":"Wat kun je verwachten? Ontdek de wereld van speciaalbier, brouwen en Brouwerij de Hemel! Breng een bezoek aan onze brouwerij, waar je wordt ondergedompeld in de fascinerende wereld van bier. Leer alles over de geheimen van het brouwproces, de zorgvuldig geselecteerde ingredi\u00ebnten en de rijke geschiedenis van onze brouwerij. Maar dat is nog niet alles! ... Weiterlesen","og_url":"https:\/\/brouwerijdehemel.nl\/de\/produkt\/rondleiding-met-proeverij-groepen-van-10-personen-of-meer\/","og_site_name":"Brouwerij de Hemel","article_publisher":"https:\/\/www.facebook.com\/DeHemelBrouwerij\/","article_modified_time":"2025-11-12T14:36:32+00:00","og_image":[{"width":630,"height":700,"url":"https:\/\/brouwerijdehemel.nl\/wp-content\/uploads\/2023\/09\/Brouwerij-de-Hemel-RONDLEIDING-MET-PROEVERIJ.png","type":"image\/png"}],"twitter_card":"summary_large_image","twitter_misc":{"Gesch\u00e4tzte Lesezeit":"2\u00a0Minuten"},"schema":{"@context":"https:\/\/schema.org","@graph":[{"@type":"WebPage","@id":"https:\/\/brouwerijdehemel.nl\/product\/rondleiding-met-proeverij-groepen-van-10-personen-of-meer\/","url":"https:\/\/brouwerijdehemel.nl\/product\/rondleiding-met-proeverij-groepen-van-10-personen-of-meer\/","name":"F\u00fchrung mit Verkostung f\u00fcr Gruppen ab 10 Personen - Brewery de Hemel","isPartOf":{"@id":"https:\/\/brouwerijdehemel.nl\/#website"},"primaryImageOfPage":{"@id":"https:\/\/brouwerijdehemel.nl\/product\/rondleiding-met-proeverij-groepen-van-10-personen-of-meer\/#primaryimage"},"image":{"@id":"https:\/\/brouwerijdehemel.nl\/product\/rondleiding-met-proeverij-groepen-van-10-personen-of-meer\/#primaryimage"},"thumbnailUrl":"https:\/\/brouwerijdehemel.nl\/wp-content\/uploads\/2023\/09\/Brouwerij-de-Hemel-RONDLEIDING-MET-PROEVERIJ.png","datePublished":"2023-09-01T12:33:04+00:00","dateModified":"2025-11-12T14:36:32+00:00","breadcrumb":{"@id":"https:\/\/brouwerijdehemel.nl\/product\/rondleiding-met-proeverij-groepen-van-10-personen-of-meer\/#breadcrumb"},"inLanguage":"de","potentialAction":[{"@type":"ReadAction","target":["https:\/\/brouwerijdehemel.nl\/product\/rondleiding-met-proeverij-groepen-van-10-personen-of-meer\/"]}]},{"@type":"ImageObject","inLanguage":"de","@id":"https:\/\/brouwerijdehemel.nl\/product\/rondleiding-met-proeverij-groepen-van-10-personen-of-meer\/#primaryimage","url":"https:\/\/brouwerijdehemel.nl\/wp-content\/uploads\/2023\/09\/Brouwerij-de-Hemel-RONDLEIDING-MET-PROEVERIJ.png","contentUrl":"https:\/\/brouwerijdehemel.nl\/wp-content\/uploads\/2023\/09\/Brouwerij-de-Hemel-RONDLEIDING-MET-PROEVERIJ.png","width":630,"height":700},{"@type":"BreadcrumbList","@id":"https:\/\/brouwerijdehemel.nl\/product\/rondleiding-met-proeverij-groepen-van-10-personen-of-meer\/#breadcrumb","itemListElement":[{"@type":"ListItem","position":1,"name":"Home","item":"https:\/\/brouwerijdehemel.nl\/"},{"@type":"ListItem","position":2,"name":"Products","item":"https:\/\/brouwerijdehemel.nl\/en\/shop\/"},{"@type":"ListItem","position":3,"name":"RONDLEIDING MET PROEVERIJ GROEPEN VAN 10 PERSONEN OF MEER"}]},{"@type":"WebSite","@id":"https:\/\/brouwerijdehemel.nl\/#website","url":"https:\/\/brouwerijdehemel.nl\/","name":"Brouwerij de Hemel","description":"","publisher":{"@id":"https:\/\/brouwerijdehemel.nl\/#organization"},"potentialAction":[{"@type":"SearchAction","target":{"@type":"EntryPoint","urlTemplate":"https:\/\/brouwerijdehemel.nl\/?s={search_term_string}"},"query-input":{"@type":"PropertyValueSpecification","valueRequired":true,"valueName":"search_term_string"}}],"inLanguage":"de"},{"@type":"Organization","@id":"https:\/\/brouwerijdehemel.nl\/#organization","name":"Die Himmelsbrauerei","url":"https:\/\/brouwerijdehemel.nl\/","logo":{"@type":"ImageObject","inLanguage":"de","@id":"https:\/\/brouwerijdehemel.nl\/#\/schema\/logo\/image\/","url":"https:\/\/brouwerijdehemel.nl\/wp-content\/uploads\/2023\/08\/bdh-logo.svg","contentUrl":"https:\/\/brouwerijdehemel.nl\/wp-content\/uploads\/2023\/08\/bdh-logo.svg","caption":"Brouwerij De Hemel"},"image":{"@id":"https:\/\/brouwerijdehemel.nl\/#\/schema\/logo\/image\/"},"sameAs":["https:\/\/www.facebook.com\/DeHemelBrouwerij\/","https:\/\/www.linkedin.com\/company\/brouwerij-de-hemel\/","https:\/\/www.instagram.com\/de_hemel\/"]}]}},"_links":{"self":[{"href":"https:\/\/brouwerijdehemel.nl\/de\/wp-json\/wp\/v2\/product\/1445","targetHints":{"allow":["GET"]}}],"collection":[{"href":"https:\/\/brouwerijdehemel.nl\/de\/wp-json\/wp\/v2\/product"}],"about":[{"href":"https:\/\/brouwerijdehemel.nl\/de\/wp-json\/wp\/v2\/types\/product"}],"wp:featuredmedia":[{"embeddable":true,"href":"https:\/\/brouwerijdehemel.nl\/de\/wp-json\/wp\/v2\/media\/1818"}],"wp:attachment":[{"href":"https:\/\/brouwerijdehemel.nl\/de\/wp-json\/wp\/v2\/media?parent=1445"}],"wp:term":[{"taxonomy":"product_brand","embeddable":true,"href":"https:\/\/brouwerijdehemel.nl\/de\/wp-json\/wp\/v2\/product_brand?post=1445"},{"taxonomy":"product_cat","embeddable":true,"href":"https:\/\/brouwerijdehemel.nl\/de\/wp-json\/wp\/v2\/product_cat?post=1445"},{"taxonomy":"product_tag","embeddable":true,"href":"https:\/\/brouwerijdehemel.nl\/de\/wp-json\/wp\/v2\/product_tag?post=1445"}],"curies":[{"name":"wp","href":"https:\/\/api.w.org\/{rel}","templated":true}]}}