{"id":1073,"date":"2023-08-03T13:31:28","date_gmt":"2023-08-03T11:31:28","guid":{"rendered":"https:\/\/brouwerijdehemel.clarq.nl\/?post_type=product&#038;p=1073"},"modified":"2026-03-24T13:48:35","modified_gmt":"2026-03-24T12:48:35","slug":"helse-engel","status":"publish","type":"product","link":"https:\/\/brouwerijdehemel.nl\/de\/produkt\/helse-engel\/","title":{"rendered":"Helse Engel 30cl"},"content":{"rendered":"<p>Ein tr\u00fcgerischer Tripel, wie der Name schon sagt. Ein kr\u00e4ftiges Bier voller Aromen von Malz und Hopfen. Charakteristisch und doch zug\u00e4nglich durch den s\u00fc\u00dfen Abgang, der typisch f\u00fcr ein Tripel ist. Trotz des Alkoholgehalts von 8% ist dies ein gef\u00e4hrlich schmackhaftes Bier, von dem man gerne ein zweites trinkt. <\/p>\n<p>Das meistverkaufte und sicherlich eines der bekanntesten Biere der Brauerei. <\/p>\n<p>Das Bier hat seinen Namen von seiner leichten Trinkbarkeit. Das Bier schmeckt wie ein Engel, von dem man am liebsten noch ein Glas trinken w\u00fcrde. Einerseits ist das nat\u00fcrlich eine sehr gute Eigenschaft, aber wie viele aus Erfahrung wissen, kann das h\u00f6llische Folgen haben!<\/p>","protected":false},"excerpt":{"rendered":"<p>Tripel, 8%. <br \/>\nEin kr\u00e4ftiges Bier mit viel Malz und Hopfen. Der s\u00fc\u00dfe Abgang macht es zu einem gef\u00e4hrlich leckeren Bier!<\/p>","protected":false},"featured_media":4459,"template":"","meta":{"_acf_changed":false},"product_brand":[],"product_cat":[18],"product_tag":[],"class_list":{"0":"post-1073","1":"product","2":"type-product","3":"status-publish","4":"has-post-thumbnail","6":"product_cat-bieren","7":"product_deptype-statiegeld-10-cent","9":"first","10":"instock","11":"taxable","12":"shipping-taxable","13":"purchasable","14":"product-type-simple"},"booking_location":null,"booking_location_type":null,"booking_duration":null,"booking_duration_unit":null,"booking_buffer":null,"booking_cost":null,"booking_resources":null,"exclude_global_add_ons":[],"addons":[],"acf":[],"yoast_head":"<!-- This site is optimized with the Yoast SEO plugin v27.4 - https:\/\/yoast.com\/product\/yoast-seo-wordpress\/ -->\n<title>Helse Engel 30cl - Brouwerij de Hemel<\/title>\n<meta name=\"robots\" content=\"index, follow, max-snippet:-1, max-image-preview:large, max-video-preview:-1\" \/>\n<link rel=\"canonical\" href=\"https:\/\/brouwerijdehemel.nl\/de\/produkt\/helse-engel\/\" \/>\n<meta property=\"og:locale\" content=\"de_DE\" \/>\n<meta property=\"og:type\" content=\"article\" \/>\n<meta property=\"og:title\" content=\"Helse Engel 30cl - Brouwerij de Hemel\" \/>\n<meta property=\"og:description\" content=\"Tripel, 8%.  Stevig bier vol mout en hop. Dankzij de zoete afdronk is dit een gevaarlijk lekker bier!\" \/>\n<meta property=\"og:url\" content=\"https:\/\/brouwerijdehemel.nl\/de\/produkt\/helse-engel\/\" \/>\n<meta property=\"og:site_name\" content=\"Brouwerij de Hemel\" \/>\n<meta property=\"article:publisher\" content=\"https:\/\/www.facebook.com\/DeHemelBrouwerij\/\" \/>\n<meta property=\"article:modified_time\" content=\"2026-03-24T12:48:35+00:00\" \/>\n<meta property=\"og:image\" content=\"https:\/\/brouwerijdehemel.nl\/wp-content\/uploads\/2024\/11\/helseengel_webshop.jpg\" \/>\n\t<meta property=\"og:image:width\" content=\"996\" \/>\n\t<meta property=\"og:image:height\" content=\"1386\" \/>\n\t<meta property=\"og:image:type\" content=\"image\/jpeg\" \/>\n<meta name=\"twitter:card\" content=\"summary_large_image\" \/>\n<meta name=\"twitter:label1\" content=\"Gesch\u00e4tzte Lesezeit\" \/>\n\t<meta name=\"twitter:data1\" content=\"1\u00a0Minute\" \/>\n<script type=\"application\/ld+json\" class=\"yoast-schema-graph\">{\"@context\":\"https:\\\/\\\/schema.org\",\"@graph\":[{\"@type\":\"WebPage\",\"@id\":\"https:\\\/\\\/brouwerijdehemel.nl\\\/product\\\/helse-engel\\\/\",\"url\":\"https:\\\/\\\/brouwerijdehemel.nl\\\/product\\\/helse-engel\\\/\",\"name\":\"Helse Engel 30cl - Brouwerij de Hemel\",\"isPartOf\":{\"@id\":\"https:\\\/\\\/brouwerijdehemel.nl\\\/#website\"},\"primaryImageOfPage\":{\"@id\":\"https:\\\/\\\/brouwerijdehemel.nl\\\/product\\\/helse-engel\\\/#primaryimage\"},\"image\":{\"@id\":\"https:\\\/\\\/brouwerijdehemel.nl\\\/product\\\/helse-engel\\\/#primaryimage\"},\"thumbnailUrl\":\"https:\\\/\\\/brouwerijdehemel.nl\\\/wp-content\\\/uploads\\\/2024\\\/11\\\/helseengel_webshop.jpg\",\"datePublished\":\"2023-08-03T11:31:28+00:00\",\"dateModified\":\"2026-03-24T12:48:35+00:00\",\"breadcrumb\":{\"@id\":\"https:\\\/\\\/brouwerijdehemel.nl\\\/product\\\/helse-engel\\\/#breadcrumb\"},\"inLanguage\":\"de\",\"potentialAction\":[{\"@type\":\"ReadAction\",\"target\":[\"https:\\\/\\\/brouwerijdehemel.nl\\\/product\\\/helse-engel\\\/\"]}]},{\"@type\":\"ImageObject\",\"inLanguage\":\"de\",\"@id\":\"https:\\\/\\\/brouwerijdehemel.nl\\\/product\\\/helse-engel\\\/#primaryimage\",\"url\":\"https:\\\/\\\/brouwerijdehemel.nl\\\/wp-content\\\/uploads\\\/2024\\\/11\\\/helseengel_webshop.jpg\",\"contentUrl\":\"https:\\\/\\\/brouwerijdehemel.nl\\\/wp-content\\\/uploads\\\/2024\\\/11\\\/helseengel_webshop.jpg\",\"width\":996,\"height\":1386},{\"@type\":\"BreadcrumbList\",\"@id\":\"https:\\\/\\\/brouwerijdehemel.nl\\\/product\\\/helse-engel\\\/#breadcrumb\",\"itemListElement\":[{\"@type\":\"ListItem\",\"position\":1,\"name\":\"Home\",\"item\":\"https:\\\/\\\/brouwerijdehemel.nl\\\/\"},{\"@type\":\"ListItem\",\"position\":2,\"name\":\"Products\",\"item\":\"https:\\\/\\\/brouwerijdehemel.nl\\\/en\\\/shop\\\/\"},{\"@type\":\"ListItem\",\"position\":3,\"name\":\"Helse Engel 30cl\"}]},{\"@type\":\"WebSite\",\"@id\":\"https:\\\/\\\/brouwerijdehemel.nl\\\/#website\",\"url\":\"https:\\\/\\\/brouwerijdehemel.nl\\\/\",\"name\":\"Brouwerij de Hemel\",\"description\":\"\",\"publisher\":{\"@id\":\"https:\\\/\\\/brouwerijdehemel.nl\\\/#organization\"},\"potentialAction\":[{\"@type\":\"SearchAction\",\"target\":{\"@type\":\"EntryPoint\",\"urlTemplate\":\"https:\\\/\\\/brouwerijdehemel.nl\\\/?s={search_term_string}\"},\"query-input\":{\"@type\":\"PropertyValueSpecification\",\"valueRequired\":true,\"valueName\":\"search_term_string\"}}],\"inLanguage\":\"de\"},{\"@type\":\"Organization\",\"@id\":\"https:\\\/\\\/brouwerijdehemel.nl\\\/#organization\",\"name\":\"Brouwerij De Hemel\",\"url\":\"https:\\\/\\\/brouwerijdehemel.nl\\\/\",\"logo\":{\"@type\":\"ImageObject\",\"inLanguage\":\"de\",\"@id\":\"https:\\\/\\\/brouwerijdehemel.nl\\\/#\\\/schema\\\/logo\\\/image\\\/\",\"url\":\"https:\\\/\\\/brouwerijdehemel.nl\\\/wp-content\\\/uploads\\\/2023\\\/08\\\/bdh-logo.svg\",\"contentUrl\":\"https:\\\/\\\/brouwerijdehemel.nl\\\/wp-content\\\/uploads\\\/2023\\\/08\\\/bdh-logo.svg\",\"caption\":\"Brouwerij De Hemel\"},\"image\":{\"@id\":\"https:\\\/\\\/brouwerijdehemel.nl\\\/#\\\/schema\\\/logo\\\/image\\\/\"},\"sameAs\":[\"https:\\\/\\\/www.facebook.com\\\/DeHemelBrouwerij\\\/\",\"https:\\\/\\\/www.linkedin.com\\\/company\\\/brouwerij-de-hemel\\\/\",\"https:\\\/\\\/www.instagram.com\\\/de_hemel\\\/\"]}]}<\/script>\n<!-- \/ Yoast SEO plugin. -->","yoast_head_json":{"title":"Helse Engel 30cl - Brouwerij de Hemel","robots":{"index":"index","follow":"follow","max-snippet":"max-snippet:-1","max-image-preview":"max-image-preview:large","max-video-preview":"max-video-preview:-1"},"canonical":"https:\/\/brouwerijdehemel.nl\/de\/produkt\/helse-engel\/","og_locale":"de_DE","og_type":"article","og_title":"Helse Engel 30cl - Brouwerij de Hemel","og_description":"Tripel, 8%.  Stevig bier vol mout en hop. Dankzij de zoete afdronk is dit een gevaarlijk lekker bier!","og_url":"https:\/\/brouwerijdehemel.nl\/de\/produkt\/helse-engel\/","og_site_name":"Brouwerij de Hemel","article_publisher":"https:\/\/www.facebook.com\/DeHemelBrouwerij\/","article_modified_time":"2026-03-24T12:48:35+00:00","og_image":[{"width":996,"height":1386,"url":"https:\/\/brouwerijdehemel.nl\/wp-content\/uploads\/2024\/11\/helseengel_webshop.jpg","type":"image\/jpeg"}],"twitter_card":"summary_large_image","twitter_misc":{"Gesch\u00e4tzte Lesezeit":"1\u00a0Minute"},"schema":{"@context":"https:\/\/schema.org","@graph":[{"@type":"WebPage","@id":"https:\/\/brouwerijdehemel.nl\/product\/helse-engel\/","url":"https:\/\/brouwerijdehemel.nl\/product\/helse-engel\/","name":"Helse Engel 30cl - Brouwerij de Hemel","isPartOf":{"@id":"https:\/\/brouwerijdehemel.nl\/#website"},"primaryImageOfPage":{"@id":"https:\/\/brouwerijdehemel.nl\/product\/helse-engel\/#primaryimage"},"image":{"@id":"https:\/\/brouwerijdehemel.nl\/product\/helse-engel\/#primaryimage"},"thumbnailUrl":"https:\/\/brouwerijdehemel.nl\/wp-content\/uploads\/2024\/11\/helseengel_webshop.jpg","datePublished":"2023-08-03T11:31:28+00:00","dateModified":"2026-03-24T12:48:35+00:00","breadcrumb":{"@id":"https:\/\/brouwerijdehemel.nl\/product\/helse-engel\/#breadcrumb"},"inLanguage":"de","potentialAction":[{"@type":"ReadAction","target":["https:\/\/brouwerijdehemel.nl\/product\/helse-engel\/"]}]},{"@type":"ImageObject","inLanguage":"de","@id":"https:\/\/brouwerijdehemel.nl\/product\/helse-engel\/#primaryimage","url":"https:\/\/brouwerijdehemel.nl\/wp-content\/uploads\/2024\/11\/helseengel_webshop.jpg","contentUrl":"https:\/\/brouwerijdehemel.nl\/wp-content\/uploads\/2024\/11\/helseengel_webshop.jpg","width":996,"height":1386},{"@type":"BreadcrumbList","@id":"https:\/\/brouwerijdehemel.nl\/product\/helse-engel\/#breadcrumb","itemListElement":[{"@type":"ListItem","position":1,"name":"Home","item":"https:\/\/brouwerijdehemel.nl\/"},{"@type":"ListItem","position":2,"name":"Products","item":"https:\/\/brouwerijdehemel.nl\/en\/shop\/"},{"@type":"ListItem","position":3,"name":"Helse Engel 30cl"}]},{"@type":"WebSite","@id":"https:\/\/brouwerijdehemel.nl\/#website","url":"https:\/\/brouwerijdehemel.nl\/","name":"Brouwerij de Hemel","description":"","publisher":{"@id":"https:\/\/brouwerijdehemel.nl\/#organization"},"potentialAction":[{"@type":"SearchAction","target":{"@type":"EntryPoint","urlTemplate":"https:\/\/brouwerijdehemel.nl\/?s={search_term_string}"},"query-input":{"@type":"PropertyValueSpecification","valueRequired":true,"valueName":"search_term_string"}}],"inLanguage":"de"},{"@type":"Organization","@id":"https:\/\/brouwerijdehemel.nl\/#organization","name":"Die Himmelsbrauerei","url":"https:\/\/brouwerijdehemel.nl\/","logo":{"@type":"ImageObject","inLanguage":"de","@id":"https:\/\/brouwerijdehemel.nl\/#\/schema\/logo\/image\/","url":"https:\/\/brouwerijdehemel.nl\/wp-content\/uploads\/2023\/08\/bdh-logo.svg","contentUrl":"https:\/\/brouwerijdehemel.nl\/wp-content\/uploads\/2023\/08\/bdh-logo.svg","caption":"Brouwerij De Hemel"},"image":{"@id":"https:\/\/brouwerijdehemel.nl\/#\/schema\/logo\/image\/"},"sameAs":["https:\/\/www.facebook.com\/DeHemelBrouwerij\/","https:\/\/www.linkedin.com\/company\/brouwerij-de-hemel\/","https:\/\/www.instagram.com\/de_hemel\/"]}]}},"_links":{"self":[{"href":"https:\/\/brouwerijdehemel.nl\/de\/wp-json\/wp\/v2\/product\/1073","targetHints":{"allow":["GET"]}}],"collection":[{"href":"https:\/\/brouwerijdehemel.nl\/de\/wp-json\/wp\/v2\/product"}],"about":[{"href":"https:\/\/brouwerijdehemel.nl\/de\/wp-json\/wp\/v2\/types\/product"}],"wp:featuredmedia":[{"embeddable":true,"href":"https:\/\/brouwerijdehemel.nl\/de\/wp-json\/wp\/v2\/media\/4459"}],"wp:attachment":[{"href":"https:\/\/brouwerijdehemel.nl\/de\/wp-json\/wp\/v2\/media?parent=1073"}],"wp:term":[{"taxonomy":"product_brand","embeddable":true,"href":"https:\/\/brouwerijdehemel.nl\/de\/wp-json\/wp\/v2\/product_brand?post=1073"},{"taxonomy":"product_cat","embeddable":true,"href":"https:\/\/brouwerijdehemel.nl\/de\/wp-json\/wp\/v2\/product_cat?post=1073"},{"taxonomy":"product_tag","embeddable":true,"href":"https:\/\/brouwerijdehemel.nl\/de\/wp-json\/wp\/v2\/product_tag?post=1073"}],"curies":[{"name":"wp","href":"https:\/\/api.w.org\/{rel}","templated":true}]}}