{"id":687,"date":"2023-07-10T13:09:14","date_gmt":"2023-07-10T13:09:14","guid":{"rendered":"https:\/\/brouwerijdehemel.clarq.nl\/?page_id=687"},"modified":"2023-09-21T14:53:56","modified_gmt":"2023-09-21T12:53:56","slug":"arrangementen","status":"publish","type":"page","link":"https:\/\/brouwerijdehemel.nl\/de\/arrangementen\/","title":{"rendered":"Pakete"},"content":{"rendered":"<div class=\"gb-container gb-container-acceb59f\">\n<div class=\"gb-container gb-container-8b2369ef\">\n<div class=\"gb-container gb-container-d026b3cd intro-home-left-container intro-home-left-container-tablet responsive-tablet  mask-header\">\n<div class=\"gb-container gb-container-accbf547 mobile-header-responsive\">\n\n<h2 class=\"wp-block-heading responsive-title-mobile\" style=\"text-transform:uppercase\">HIMMLISCHE ARRANGEMENTS<\/h2>\n\n\n\n<p class=\"text-header-homepage\">Treten Sie ein in das Paradies der Bierliebhaber, wo wir die himmlische Kunst des Bierbrauens umarmen. <br>Entdecken Sie unsere Pakete: von leckeren Bierverkostungen bis zu besonderen<br>F\u00fchrungen durch Nijmegen. Probier, genie\u00df und lassen Sie Ihre Geschmacksknospen in bierselige H\u00f6hen steigen! <br>Der Himmel auf Erden beginnt hier, mit jedem Schluck, den Sie nehmen.<\/p>\n\n<\/div>\n<\/div>\n<\/div>\n<\/div>\n\n<div class=\"gb-container gb-container-2299af69 container-width responsive-tablet responsive-bottom-mobile margin-mobile-top\">\n\n<div class=\"wp-block-columns is-layout-flex wp-container-core-columns-is-layout-9d6595d7 wp-block-columns-is-layout-flex\">\n<div class=\"wp-block-column left-column-visit is-layout-flow wp-block-column-is-layout-flow\" style=\"flex-basis:45%\"><div class=\"gb-container gb-container-de272054 reserveer-container\">\n\n<figure class=\"wp-block-image size-full\"><a href=\"https:\/\/brouwerijdehemel.nl\/de\/produkt\/stadswandeling-door-nijmegen-rondleiding-met-bierproeverij\/\"><img decoding=\"async\" width=\"1080\" height=\"720\" src=\"https:\/\/brouwerijdehemel.nl\/wp-content\/uploads\/2023\/08\/Rondleiding-Nijmegen.jpg\" alt=\"\" class=\"wp-image-1197\" srcset=\"https:\/\/brouwerijdehemel.nl\/wp-content\/uploads\/2023\/08\/Rondleiding-Nijmegen.jpg 1080w, https:\/\/brouwerijdehemel.nl\/wp-content\/uploads\/2023\/08\/Rondleiding-Nijmegen-300x200.jpg 300w, https:\/\/brouwerijdehemel.nl\/wp-content\/uploads\/2023\/08\/Rondleiding-Nijmegen-768x512.jpg 768w, https:\/\/brouwerijdehemel.nl\/wp-content\/uploads\/2023\/08\/Rondleiding-Nijmegen-600x400.jpg 600w\" sizes=\"(max-width: 1080px) 100vw, 1080px\" \/><\/a><\/figure>\n\n\n<div class=\"gb-container gb-container-a5dd03c2\">\n\n<h2 class=\"price-per-person-arrangement\">27,50<span>\/pro Person<\/span><\/h2>\n\n<\/div>\n\n\n<ul class=\"list-visit wp-block-list\" style=\"font-size:16px\">\n<li>Entdecken Sie die Geschichte der Befreiung<\/li>\n\n\n\n<li>Mit dem Fahrrad oder zu Fu\u00df durch das historische Nimwegen<\/li>\n\n\n\n<li>Trinken Sie das \u00e4lteste Spezialbier der Stadt<\/li>\n<\/ul>\n\n\n\n<div class=\"wp-block-buttons reserveer-button is-layout-flex wp-block-buttons-is-layout-flex\">\n<div class=\"wp-block-button has-custom-width wp-block-button__width-75 is-style-outline is-style-outline--1\"><a class=\"wp-block-button__link has-link-color has-bg-color-background-color has-text-color has-background wp-element-button\" href=\"https:\/\/brouwerijdehemel.nl\/de\/produkt\/stadswandeling-door-nijmegen-rondleiding-met-bierproeverij\/\"><strong>Buchung<\/strong><\/a><\/div>\n<\/div>\n\n<\/div><\/div>\n\n\n\n<div class=\"wp-block-column grid-arrangement-right-column mobile-height-arrangement-responsive tablet-height-arrangement-responsive is-layout-flow wp-block-column-is-layout-flow\" style=\"flex-basis:50%\">\n<h2 class=\"wp-block-heading responsive-title-tablet arrangement-heading\" style=\"font-size:33px\">Stadtrundgang durch Nijmegen &amp; F\u00fchrung mit Bierverkostung<\/h2>\n\n\n\n<p style=\"font-size:16px\">Cecile von <em>Bei Nimwegen<\/em> bietet mehrere thematische Spazierg\u00e4nge an. Kombinieren Sie einen Stadtspaziergang mit einer Besichtigung und Bierverkostung in unserer Brauerei!<br>&nbsp;<br>Gruppen k\u00f6nnen die Brauerei die ganze Woche \u00fcber nach Vereinbarung besuchen. Nach der Besichtigung werden Sie 6 oder 10 Himmlische Bieren verkosten.<br><br>Auf dem historischen Spaziergang <em>Nijmegen Altstadt<\/em> besuchen Sie die Orte mit den besten Geschichten und die eine oder andere \u00fcberraschende Ecke von Nijmegen. Beenden Sie den Tag in der Brauerei und probieren Sie die \u00e4ltesten Spezialbiere von Nimwegen.<\/p>\n\n\n\n<p style=\"font-size:16px\">Kosten Stadtf\u00fchrung 125 \u20ac pro Gruppe. Preis Tour mit Verkostung in der Brauerei ab 15 \u20ac pro Person. Gesamtpreis ab 27,50 \u20ac pro Person, abh\u00e4ngig von den gew\u00e4hlten Optionen und der Gruppengr\u00f6\u00dfe. Gesamtdauer des Pakets 3-4,5 Stunden. Ma\u00dfgeschneiderte Arrangements in Absprache.<\/p>\n<\/div>\n<\/div>\n\n<\/div>\n\n<div class=\"gb-container gb-container-0b471b16 container-width responsive-tablet responsive-bottom-mobile margin-mobile-top\">\n\n<div class=\"wp-block-columns is-layout-flex wp-container-core-columns-is-layout-9d6595d7 wp-block-columns-is-layout-flex\">\n<div class=\"wp-block-column left-column-visit is-layout-flow wp-block-column-is-layout-flow\" style=\"flex-basis:45%\"><div class=\"gb-container gb-container-297327f5 reserveer-container\">\n\n<figure class=\"wp-block-image size-full\"><img decoding=\"async\" width=\"1644\" height=\"1088\" src=\"https:\/\/brouwerijdehemel.nl\/wp-content\/uploads\/2023\/09\/e-chopper-Brouwerij-de-Hemel.jpg\" alt=\"\" class=\"wp-image-1603\" srcset=\"https:\/\/brouwerijdehemel.nl\/wp-content\/uploads\/2023\/09\/e-chopper-Brouwerij-de-Hemel.jpg 1644w, https:\/\/brouwerijdehemel.nl\/wp-content\/uploads\/2023\/09\/e-chopper-Brouwerij-de-Hemel-300x199.jpg 300w, https:\/\/brouwerijdehemel.nl\/wp-content\/uploads\/2023\/09\/e-chopper-Brouwerij-de-Hemel-768x508.jpg 768w, https:\/\/brouwerijdehemel.nl\/wp-content\/uploads\/2023\/09\/e-chopper-Brouwerij-de-Hemel-1536x1017.jpg 1536w, https:\/\/brouwerijdehemel.nl\/wp-content\/uploads\/2023\/09\/e-chopper-Brouwerij-de-Hemel-600x397.jpg 600w\" sizes=\"(max-width: 1644px) 100vw, 1644px\" \/><\/figure>\n\n\n<div class=\"gb-container gb-container-3eb167b3\">\n\n<h2 class=\"price-per-person-arrangement\">43,-<span>\/pro Person<\/span><\/h2>\n\n<\/div>\n\n\n<ul class=\"list-visit wp-block-list\" style=\"font-size:16px\">\n<li>Erkunden Sie Nijmegen mit dem E-Scooter<\/li>\n\n\n\n<li>Gef\u00fchrte Besichtigung der Brauerei<\/li>\n\n\n\n<li>Verkostung von 6 Spezialbieren<\/li>\n<\/ul>\n\n\n\n<div class=\"wp-block-buttons reserveer-button is-layout-flex wp-block-buttons-is-layout-flex\">\n<div class=\"wp-block-button has-custom-width wp-block-button__width-75 is-style-outline is-style-outline--2\"><a class=\"wp-block-button__link has-link-color has-bg-color-background-color has-text-color has-background wp-element-button\" href=\"https:\/\/brouwerijdehemel.nl\/de\/produkt\/e-step-of-e-chopper-tour-rondleiding-met-bierproeverij\/\"><strong>Buchung<\/strong><\/a><\/div>\n<\/div>\n\n<\/div><\/div>\n\n\n\n<div class=\"wp-block-column grid-arrangement-right-column tablet-height-arrangement-2-responsive mobile-height-arrangement-2-responsive is-layout-flow wp-block-column-is-layout-flow\" style=\"flex-basis:50%\">\n<h2 class=\"wp-block-heading responsive-title-tablet arrangement-heading\" style=\"font-size:33px\">E-Step oder E-Chopper Tour &amp;<br>Gef\u00fchrte Tour mit Bierverkostung<\/h2>\n\n\n\n<p style=\"font-size:16px\">Mit der Gruppe auf Elektrorollern oder Choppern herumfahren und dann die Welt des Bieres entdecken? Dann buchen Sie dieses Paket von Nijmegen Outdoor! <br><br>Sehen Sie die Highlights von Nijmegen und durchqueren Sie die nahe gelegene Natur. Parken Sie den Roller oder Chopper und gehen Sie zu Fu\u00df zur Brauerei, um den Tag mit einem Craft Beer ausklingen zu lassen! Erfahren Sie, wie wir seit Jahren Hemels-Bier herstellen und probier sechs unserer leckersten Biere. F\u00fcr die Verkostung ben\u00f6tigen Sie mindestens 8 Personen.<br><br><strong>Programm ( 3h 45m )<\/strong><\/p>\n\n\n\n<ul class=\"wp-block-list\">\n<li>Einchecken<\/li>\n\n\n\n<li>Empfang &amp; Erkl\u00e4rung<\/li>\n\n\n\n<li>Estep-Tour (2 Stunden)<\/li>\n\n\n\n<li>Gef\u00fchrte Besichtigung der Brauerei de Hemel<\/li>\n\n\n\n<li>Bierverkostung 6 Spezialbiere<\/li>\n<\/ul>\n<\/div>\n<\/div>\n\n<\/div>\n\n<div class=\"gb-container gb-container-ad007579 container-width responsive-tablet responsive-bottom-mobile margin-mobile-top\">\n\n<div class=\"wp-block-columns is-layout-flex wp-container-core-columns-is-layout-9d6595d7 wp-block-columns-is-layout-flex\">\n<div class=\"wp-block-column left-column-visit is-layout-flow wp-block-column-is-layout-flow\" style=\"flex-basis:45%\"><div class=\"gb-container gb-container-97fcd960 reserveer-container\">\n\n<figure class=\"wp-block-image size-full\"><a href=\"https:\/\/brouwerijdehemel.nl\/de\/produkt\/stadswandeling-nymatours-rondleiding-met-bierproeverij\/\"><img decoding=\"async\" width=\"503\" height=\"295\" src=\"https:\/\/brouwerijdehemel.nl\/wp-content\/uploads\/2023\/07\/Arrangement3.png\" alt=\"\" class=\"wp-image-708\" srcset=\"https:\/\/brouwerijdehemel.nl\/wp-content\/uploads\/2023\/07\/Arrangement3.png 503w, https:\/\/brouwerijdehemel.nl\/wp-content\/uploads\/2023\/07\/Arrangement3-300x176.png 300w\" sizes=\"(max-width: 503px) 100vw, 503px\" \/><\/a><\/figure>\n\n\n<div class=\"gb-container gb-container-daf46b93\">\n\n<h2 class=\"price-per-person-arrangement\">15,-<span>\/pro Person<\/span><\/h2>\n\n<\/div>\n\n\n<ul class=\"list-visit wp-block-list\" style=\"font-size:16px\">\n<li>Nijmegen entdecken<\/li>\n\n\n\n<li>Gruppenwanderung oder individuelle Audiotour<\/li>\n\n\n\n<li>Wanderroute auf Ihrem Handy<\/li>\n<\/ul>\n\n\n\n<div class=\"wp-block-buttons reserveer-button is-layout-flex wp-block-buttons-is-layout-flex\">\n<div class=\"wp-block-button has-custom-width wp-block-button__width-75 is-style-outline is-style-outline--3\"><a class=\"wp-block-button__link has-link-color has-bg-color-background-color has-text-color has-background wp-element-button\" href=\"https:\/\/brouwerijdehemel.nl\/de\/produkt\/stadswandeling-nymatours-rondleiding-met-bierproeverij\/\"><strong>Buchung<\/strong><\/a><\/div>\n<\/div>\n\n<\/div><\/div>\n\n\n\n<div class=\"wp-block-column grid-arrangement-right-column tablet-height-arrangement-3-responsive mobile-height-arrangement-3-responsive is-layout-flow wp-block-column-is-layout-flow\" style=\"flex-basis:50%\">\n<h2 class=\"wp-block-heading responsive-title-tablet arrangement-heading\" style=\"font-size:33px\">Stadtrundfahrt Nymatours &amp; Stadtf\u00fchrung mit Bierverkostung<\/h2>\n\n\n\n<p style=\"font-size:16px\">Kombinieren Sie unsere Tour mit Verkostung mit einem Paket von Nymatours. Machen Sie eine selbstst\u00e4ndige Audiotour oder schlie\u00dfen Sie sich einer gef\u00fchrten Wander- oder Radtour an!<br><br>Die Preise von Nymatours liegen bei 119,95 \u20ac pro Gruppe f\u00fcr einen gef\u00fchrten Spaziergang und 15 \u20ac pro Person f\u00fcr die Brauereif\u00fchrung mit Bierverkostung von 6 Bieren. Individuelle Audiotour, gefolgt von einer F\u00fchrung mit Bierverkostung von 6 Bieren f\u00fcr 39,95 \u20ac pro Person. Ma\u00dfgeschneiderte Arrangements in Absprache.<\/p>\n<\/div>\n<\/div>\n\n<\/div>","protected":false},"excerpt":{"rendered":"<p>HEMELY ARRANGEMENTS Treten Sie ein in das Paradies der Bierliebhaber, wo wir uns der himmlischen Kunst des Bierbrauens verschrieben haben. Entdecken Sie unsere Pakete: von leckeren Bierverkostungen bis hin zu speziellen F\u00fchrungen durch Nimwegen. Probieren Sie, genie\u00dfen Sie und lassen Sie Ihre Geschmacksknospen in bierseliger Ekstase schweben. Der Himmel auf Erden beginnt hier, mit jedem Schluck, den Sie nehmen. 27,50\/pro Person Stadtrundgang durch Nijmegen &amp; F\u00fchrung ... <a title=\"Pakete\" class=\"read-more\" href=\"https:\/\/brouwerijdehemel.nl\/de\/arrangementen\/\" aria-label=\"Weitere Informationen \u00fcber Pakete\">Weiterlesen<\/a><\/p>","protected":false},"author":2,"featured_media":0,"parent":0,"menu_order":0,"comment_status":"closed","ping_status":"closed","template":"","meta":{"_acf_changed":false,"footnotes":""},"class_list":["post-687","page","type-page","status-publish"],"acf":[],"yoast_head":"<!-- This site is optimized with the Yoast SEO plugin v27.4 - https:\/\/yoast.com\/product\/yoast-seo-wordpress\/ -->\n<title>Arrangementen - Brouwerij de Hemel<\/title>\n<meta name=\"robots\" content=\"index, follow, max-snippet:-1, max-image-preview:large, max-video-preview:-1\" \/>\n<link rel=\"canonical\" href=\"https:\/\/brouwerijdehemel.nl\/de\/arrangementen\/\" \/>\n<meta property=\"og:locale\" content=\"de_DE\" \/>\n<meta property=\"og:type\" content=\"article\" \/>\n<meta property=\"og:title\" content=\"Arrangementen - Brouwerij de Hemel\" \/>\n<meta property=\"og:description\" content=\"HEMELSE ARRANGEMENTEN Stap in het paradijs voor bierliefhebbers, waar we de hemelse kunst van het brouwen omarmen. Ontdek onze arrangementen: van smaakvolle bierproeverijen tot bijzondererondleidingen door Nijmegen. Proef, geniet en laat je smaakpapillen zweven in bierige extase. Hemel op aarde begint hier, met elke slok die je neemt. 27,50\/per persoon Stadswandeling Door Nijmegen &amp; Rondleiding ... Weiterlesen\" \/>\n<meta property=\"og:url\" content=\"https:\/\/brouwerijdehemel.nl\/de\/arrangementen\/\" \/>\n<meta property=\"og:site_name\" content=\"Brouwerij de Hemel\" \/>\n<meta property=\"article:publisher\" content=\"https:\/\/www.facebook.com\/DeHemelBrouwerij\/\" \/>\n<meta property=\"article:modified_time\" content=\"2023-09-21T12:53:56+00:00\" \/>\n<meta property=\"og:image\" content=\"https:\/\/brouwerijdehemel.nl\/wp-content\/uploads\/2023\/08\/Rondleiding-Nijmegen.jpg\" \/>\n<meta name=\"twitter:card\" content=\"summary_large_image\" \/>\n<meta name=\"twitter:label1\" content=\"Gesch\u00e4tzte Lesezeit\" \/>\n\t<meta name=\"twitter:data1\" content=\"3\u00a0Minuten\" \/>\n<script type=\"application\/ld+json\" class=\"yoast-schema-graph\">{\"@context\":\"https:\\\/\\\/schema.org\",\"@graph\":[{\"@type\":\"WebPage\",\"@id\":\"https:\\\/\\\/brouwerijdehemel.nl\\\/arrangementen\\\/\",\"url\":\"https:\\\/\\\/brouwerijdehemel.nl\\\/arrangementen\\\/\",\"name\":\"Arrangementen - Brouwerij de Hemel\",\"isPartOf\":{\"@id\":\"https:\\\/\\\/brouwerijdehemel.nl\\\/#website\"},\"primaryImageOfPage\":{\"@id\":\"https:\\\/\\\/brouwerijdehemel.nl\\\/arrangementen\\\/#primaryimage\"},\"image\":{\"@id\":\"https:\\\/\\\/brouwerijdehemel.nl\\\/arrangementen\\\/#primaryimage\"},\"thumbnailUrl\":\"https:\\\/\\\/brouwerijdehemel.nl\\\/wp-content\\\/uploads\\\/2023\\\/08\\\/Rondleiding-Nijmegen.jpg\",\"datePublished\":\"2023-07-10T13:09:14+00:00\",\"dateModified\":\"2023-09-21T12:53:56+00:00\",\"breadcrumb\":{\"@id\":\"https:\\\/\\\/brouwerijdehemel.nl\\\/arrangementen\\\/#breadcrumb\"},\"inLanguage\":\"de\",\"potentialAction\":[{\"@type\":\"ReadAction\",\"target\":[\"https:\\\/\\\/brouwerijdehemel.nl\\\/arrangementen\\\/\"]}]},{\"@type\":\"ImageObject\",\"inLanguage\":\"de\",\"@id\":\"https:\\\/\\\/brouwerijdehemel.nl\\\/arrangementen\\\/#primaryimage\",\"url\":\"https:\\\/\\\/brouwerijdehemel.nl\\\/wp-content\\\/uploads\\\/2023\\\/08\\\/Rondleiding-Nijmegen.jpg\",\"contentUrl\":\"https:\\\/\\\/brouwerijdehemel.nl\\\/wp-content\\\/uploads\\\/2023\\\/08\\\/Rondleiding-Nijmegen.jpg\"},{\"@type\":\"BreadcrumbList\",\"@id\":\"https:\\\/\\\/brouwerijdehemel.nl\\\/arrangementen\\\/#breadcrumb\",\"itemListElement\":[{\"@type\":\"ListItem\",\"position\":1,\"name\":\"Home\",\"item\":\"https:\\\/\\\/brouwerijdehemel.nl\\\/\"},{\"@type\":\"ListItem\",\"position\":2,\"name\":\"Arrangementen\"}]},{\"@type\":\"WebSite\",\"@id\":\"https:\\\/\\\/brouwerijdehemel.nl\\\/#website\",\"url\":\"https:\\\/\\\/brouwerijdehemel.nl\\\/\",\"name\":\"Brouwerij de Hemel\",\"description\":\"\",\"publisher\":{\"@id\":\"https:\\\/\\\/brouwerijdehemel.nl\\\/#organization\"},\"potentialAction\":[{\"@type\":\"SearchAction\",\"target\":{\"@type\":\"EntryPoint\",\"urlTemplate\":\"https:\\\/\\\/brouwerijdehemel.nl\\\/?s={search_term_string}\"},\"query-input\":{\"@type\":\"PropertyValueSpecification\",\"valueRequired\":true,\"valueName\":\"search_term_string\"}}],\"inLanguage\":\"de\"},{\"@type\":\"Organization\",\"@id\":\"https:\\\/\\\/brouwerijdehemel.nl\\\/#organization\",\"name\":\"Brouwerij De Hemel\",\"url\":\"https:\\\/\\\/brouwerijdehemel.nl\\\/\",\"logo\":{\"@type\":\"ImageObject\",\"inLanguage\":\"de\",\"@id\":\"https:\\\/\\\/brouwerijdehemel.nl\\\/#\\\/schema\\\/logo\\\/image\\\/\",\"url\":\"https:\\\/\\\/brouwerijdehemel.nl\\\/wp-content\\\/uploads\\\/2023\\\/08\\\/bdh-logo.svg\",\"contentUrl\":\"https:\\\/\\\/brouwerijdehemel.nl\\\/wp-content\\\/uploads\\\/2023\\\/08\\\/bdh-logo.svg\",\"caption\":\"Brouwerij De Hemel\"},\"image\":{\"@id\":\"https:\\\/\\\/brouwerijdehemel.nl\\\/#\\\/schema\\\/logo\\\/image\\\/\"},\"sameAs\":[\"https:\\\/\\\/www.facebook.com\\\/DeHemelBrouwerij\\\/\",\"https:\\\/\\\/www.linkedin.com\\\/company\\\/brouwerij-de-hemel\\\/\",\"https:\\\/\\\/www.instagram.com\\\/de_hemel\\\/\"]}]}<\/script>\n<!-- \/ Yoast SEO plugin. -->","yoast_head_json":{"title":"Pauschalangebote - Brauerei de Hemel","robots":{"index":"index","follow":"follow","max-snippet":"max-snippet:-1","max-image-preview":"max-image-preview:large","max-video-preview":"max-video-preview:-1"},"canonical":"https:\/\/brouwerijdehemel.nl\/de\/arrangementen\/","og_locale":"de_DE","og_type":"article","og_title":"Arrangementen - Brouwerij de Hemel","og_description":"HEMELSE ARRANGEMENTEN Stap in het paradijs voor bierliefhebbers, waar we de hemelse kunst van het brouwen omarmen. Ontdek onze arrangementen: van smaakvolle bierproeverijen tot bijzondererondleidingen door Nijmegen. Proef, geniet en laat je smaakpapillen zweven in bierige extase. Hemel op aarde begint hier, met elke slok die je neemt. 27,50\/per persoon Stadswandeling Door Nijmegen &amp; Rondleiding ... Weiterlesen","og_url":"https:\/\/brouwerijdehemel.nl\/de\/arrangementen\/","og_site_name":"Brouwerij de Hemel","article_publisher":"https:\/\/www.facebook.com\/DeHemelBrouwerij\/","article_modified_time":"2023-09-21T12:53:56+00:00","og_image":[{"url":"https:\/\/brouwerijdehemel.nl\/wp-content\/uploads\/2023\/08\/Rondleiding-Nijmegen.jpg","type":"","width":"","height":""}],"twitter_card":"summary_large_image","twitter_misc":{"Gesch\u00e4tzte Lesezeit":"3\u00a0Minuten"},"schema":{"@context":"https:\/\/schema.org","@graph":[{"@type":"WebPage","@id":"https:\/\/brouwerijdehemel.nl\/arrangementen\/","url":"https:\/\/brouwerijdehemel.nl\/arrangementen\/","name":"Pauschalangebote - Brauerei de Hemel","isPartOf":{"@id":"https:\/\/brouwerijdehemel.nl\/#website"},"primaryImageOfPage":{"@id":"https:\/\/brouwerijdehemel.nl\/arrangementen\/#primaryimage"},"image":{"@id":"https:\/\/brouwerijdehemel.nl\/arrangementen\/#primaryimage"},"thumbnailUrl":"https:\/\/brouwerijdehemel.nl\/wp-content\/uploads\/2023\/08\/Rondleiding-Nijmegen.jpg","datePublished":"2023-07-10T13:09:14+00:00","dateModified":"2023-09-21T12:53:56+00:00","breadcrumb":{"@id":"https:\/\/brouwerijdehemel.nl\/arrangementen\/#breadcrumb"},"inLanguage":"de","potentialAction":[{"@type":"ReadAction","target":["https:\/\/brouwerijdehemel.nl\/arrangementen\/"]}]},{"@type":"ImageObject","inLanguage":"de","@id":"https:\/\/brouwerijdehemel.nl\/arrangementen\/#primaryimage","url":"https:\/\/brouwerijdehemel.nl\/wp-content\/uploads\/2023\/08\/Rondleiding-Nijmegen.jpg","contentUrl":"https:\/\/brouwerijdehemel.nl\/wp-content\/uploads\/2023\/08\/Rondleiding-Nijmegen.jpg"},{"@type":"BreadcrumbList","@id":"https:\/\/brouwerijdehemel.nl\/arrangementen\/#breadcrumb","itemListElement":[{"@type":"ListItem","position":1,"name":"Home","item":"https:\/\/brouwerijdehemel.nl\/"},{"@type":"ListItem","position":2,"name":"Arrangementen"}]},{"@type":"WebSite","@id":"https:\/\/brouwerijdehemel.nl\/#website","url":"https:\/\/brouwerijdehemel.nl\/","name":"Brouwerij de Hemel","description":"","publisher":{"@id":"https:\/\/brouwerijdehemel.nl\/#organization"},"potentialAction":[{"@type":"SearchAction","target":{"@type":"EntryPoint","urlTemplate":"https:\/\/brouwerijdehemel.nl\/?s={search_term_string}"},"query-input":{"@type":"PropertyValueSpecification","valueRequired":true,"valueName":"search_term_string"}}],"inLanguage":"de"},{"@type":"Organization","@id":"https:\/\/brouwerijdehemel.nl\/#organization","name":"Die Himmelsbrauerei","url":"https:\/\/brouwerijdehemel.nl\/","logo":{"@type":"ImageObject","inLanguage":"de","@id":"https:\/\/brouwerijdehemel.nl\/#\/schema\/logo\/image\/","url":"https:\/\/brouwerijdehemel.nl\/wp-content\/uploads\/2023\/08\/bdh-logo.svg","contentUrl":"https:\/\/brouwerijdehemel.nl\/wp-content\/uploads\/2023\/08\/bdh-logo.svg","caption":"Brouwerij De Hemel"},"image":{"@id":"https:\/\/brouwerijdehemel.nl\/#\/schema\/logo\/image\/"},"sameAs":["https:\/\/www.facebook.com\/DeHemelBrouwerij\/","https:\/\/www.linkedin.com\/company\/brouwerij-de-hemel\/","https:\/\/www.instagram.com\/de_hemel\/"]}]}},"_links":{"self":[{"href":"https:\/\/brouwerijdehemel.nl\/de\/wp-json\/wp\/v2\/pages\/687","targetHints":{"allow":["GET"]}}],"collection":[{"href":"https:\/\/brouwerijdehemel.nl\/de\/wp-json\/wp\/v2\/pages"}],"about":[{"href":"https:\/\/brouwerijdehemel.nl\/de\/wp-json\/wp\/v2\/types\/page"}],"author":[{"embeddable":true,"href":"https:\/\/brouwerijdehemel.nl\/de\/wp-json\/wp\/v2\/users\/2"}],"replies":[{"embeddable":true,"href":"https:\/\/brouwerijdehemel.nl\/de\/wp-json\/wp\/v2\/comments?post=687"}],"version-history":[{"count":43,"href":"https:\/\/brouwerijdehemel.nl\/de\/wp-json\/wp\/v2\/pages\/687\/revisions"}],"predecessor-version":[{"id":1715,"href":"https:\/\/brouwerijdehemel.nl\/de\/wp-json\/wp\/v2\/pages\/687\/revisions\/1715"}],"wp:attachment":[{"href":"https:\/\/brouwerijdehemel.nl\/de\/wp-json\/wp\/v2\/media?parent=687"}],"curies":[{"name":"wp","href":"https:\/\/api.w.org\/{rel}","templated":true}]}}