{"id":594,"date":"2023-07-10T11:19:12","date_gmt":"2023-07-10T11:19:12","guid":{"rendered":"https:\/\/brouwerijdehemel.clarq.nl\/?page_id=594"},"modified":"2026-03-24T11:13:05","modified_gmt":"2026-03-24T10:13:05","slug":"bezoek-de-brouwerij","status":"publish","type":"page","link":"https:\/\/brouwerijdehemel.nl\/de\/bezoek-de-brouwerij\/","title":{"rendered":"Besuchen Sie die Brauerei"},"content":{"rendered":"<div class=\"gb-container gb-container-acceb59f\">\n<div class=\"gb-container gb-container-8b2369ef\">\n<div class=\"gb-container gb-container-d026b3cd intro-home-left-container intro-home-left-container-tablet responsive-tablet  mask-header\">\n<div class=\"gb-container gb-container-accbf547 mobile-header-responsive\">\n\n<h2 class=\"wp-block-heading responsive-title-mobile\" style=\"text-transform:uppercase\">BESUCHEN SIE UNSERE BRAUEREI<\/h2>\n\n\n\n<p class=\"text-header-homepage translation-block\">M\u00f6chten Sie mehr \u00fcber spezielles Bier, das Brauen und die Brauerei de Hemel erfahren? In unserer Brauerei werden Sie mit dem Brauprozess, den Zutaten und unserer Geschichte vertraut gemacht. So erfahren Sie alles \u00fcber Bier, aber auch \u00fcber die Herstellung von Essig, <br>Senf und Spirituosen.<\/p>\n\n\n\n<div class=\"wp-block-buttons is-layout-flex wp-block-buttons-is-layout-flex\">\n<div class=\"wp-block-button\"><a class=\"wp-block-button__link wp-element-button\" href=\"https:\/\/brouwerijdehemel.nl\/de\/produkt\/rondleiding-met-proeverij\/\" style=\"font-style:normal;font-weight:600\">Besuchen Sie die Brauerei<\/a><\/div>\n<\/div>\n\n<\/div>\n<\/div>\n<\/div>\n<\/div>\n\n<div class=\"gb-container gb-container-2299af69 container-width responsive-tablet responsive-bottom-mobile margin-mobile-top\">\n\n<div class=\"wp-block-columns is-layout-flex wp-container-core-columns-is-layout-9d6595d7 wp-block-columns-is-layout-flex\">\n<div class=\"wp-block-column left-column-visit is-layout-flow wp-block-column-is-layout-flow\" style=\"flex-basis:45%\"><div class=\"gb-container gb-container-de272054 reserveer-container\">\n\n<figure class=\"wp-block-image size-full\"><img decoding=\"async\" width=\"1080\" height=\"720\" src=\"https:\/\/brouwerijdehemel.nl\/wp-content\/uploads\/2023\/08\/Brouwerij-de-Hemel-Rondleiding.jpg\" alt=\"\" class=\"wp-image-1200\" srcset=\"https:\/\/brouwerijdehemel.nl\/wp-content\/uploads\/2023\/08\/Brouwerij-de-Hemel-Rondleiding.jpg 1080w, https:\/\/brouwerijdehemel.nl\/wp-content\/uploads\/2023\/08\/Brouwerij-de-Hemel-Rondleiding-300x200.jpg 300w, https:\/\/brouwerijdehemel.nl\/wp-content\/uploads\/2023\/08\/Brouwerij-de-Hemel-Rondleiding-768x512.jpg 768w, https:\/\/brouwerijdehemel.nl\/wp-content\/uploads\/2023\/08\/Brouwerij-de-Hemel-Rondleiding-600x400.jpg 600w\" sizes=\"(max-width: 1080px) 100vw, 1080px\" \/><\/figure>\n\n\n<div class=\"gb-container gb-container-e21e69e2 text-most-chosen\">\n\n<p class=\"has-white-color has-text-color\" style=\"font-style:normal;font-weight:700\">AUSGEW\u00c4HLT<\/p>\n\n<\/div>\n\n<div class=\"gb-container gb-container-a5dd03c2\">\n\n<h2 class=\"price-per-person\">17,50<span>\/pro Person<\/span><\/h2>\n\n<\/div>\n\n\n<ul style=\"font-size:16px\" class=\"wp-block-list list-visit\">\n<li>Verkostung von 6 Bieren<\/li>\n\n\n\n<li>Erkunden Sie die Brauerei mit einem F\u00fchrer<\/li>\n\n\n\n<li>Und werfen Sie einen Blick in den Br\u00fchkessel<\/li>\n<\/ul>\n\n\n\n<div class=\"wp-block-buttons reserveer-button is-layout-flex wp-block-buttons-is-layout-flex\">\n<div class=\"wp-block-button has-custom-width wp-block-button__width-75 is-style-outline is-style-outline--1\"><a class=\"wp-block-button__link has-link-color has-bg-color-background-color has-text-color has-background wp-element-button\" href=\"https:\/\/brouwerijdehemel.nl\/de\/produkt\/rondleiding-met-proeverij\/\"><strong>Buchung<\/strong><\/a><\/div>\n<\/div>\n\n<\/div><\/div>\n\n\n\n<div class=\"wp-block-column grid-visit-right-column grid-visit-right-column-responsive-tablet mobile-height-visit-responsive is-layout-flow wp-block-column-is-layout-flow\" style=\"flex-basis:50%\">\n<h1 class=\"wp-block-heading responsive-title-tablet\" style=\"font-size:39px\">GEF\u00dcHRTE TOUR MIT VERKOSTUNG<\/h1>\n\n\n\n<p style=\"font-size:16px\"><strong>Was k\u00f6nnen Sie erwarten?<\/strong><br>Entdecken Sie die Welt der Bierspezialit\u00e4ten, des Bierbrauens und der Brauerei de Hemel! Besuchen Sie unsere Brauerei, wo Sie in die faszinierende Welt des Bieres eintauchen k\u00f6nnen. Erfahren Sie alles \u00fcber die Geheimnisse des Brauprozesses, die sorgf\u00e4ltig ausgew\u00e4hlten Zutaten und die reiche Geschichte unserer Brauerei. Aber das ist noch nicht alles! Entdecken Sie die Kunst der Destillation und erfahren Sie, wie wir Essig und Senf herstellen. Lassen Sie sich \u00fcberraschen von der Vielfalt der Geschmacksrichtungen und des Handwerks, die wir zu bieten haben. <br>\u00a0<br><strong>Eintrittspreis gef\u00fchrte Tour mit 6 Bieren<\/strong>17,50 \u20ac pro Person <br><br><strong>Gruppen von weniger als 10 Personen (nur auf Niederl\u00e4ndisch oder Englisch):<\/strong>Schlie\u00dfen Sie sich unserer F\u00fchrung am Samstag um 14.00 oder 16.00 Uhr an! (Reservierung erforderlich). In der Hochsaison (Apr-Jul) bieten wir auch zus\u00e4tzliche F\u00fchrungen samstags um 18:00 Uhr (auf Englisch) und sonntags um 15:00 Uhr an!<br><br><strong>Gruppen von 10 Personen oder mehr<\/strong>: Reservieren Sie eine Gruppenf\u00fchrung. Jeder Tag der Woche m\u00f6glich, je nach Verf\u00fcgbarkeit. Erweitern Sie die Gruppenf\u00fchrung mit gemischten Snacks f\u00fcr 6 \u20ac pro Person oder nehmen Sie an einer ausf\u00fchrlichen Verkostung von 9 Bieren + 1 hausgebrauten Lik\u00f6r oder Gin f\u00fcr 22 \u20ac pro Person teil.<br><br><strong>Dauer<\/strong>: ca. 1,5 Stunden f\u00fcr eine F\u00fchrung mit Verkostung von 6 Bieren und 2,5 Stunden f\u00fcr eine ausf\u00fchrliche Verkostung.<br><br><\/p>\n\n\n\n<p class=\"has-link-color has-text-color has-small-font-size\"><strong><em>Junggesellenabschiede<\/em><\/strong><\/p>\n\n\n\n<p class=\"has-small-font-size\"><em>Wir verstehen, dass es Spa\u00df macht, Ihren Junggesellenabschied bei uns zu feiern, das m\u00f6chten wir Ihnen gerne erm\u00f6glichen. Aber bitte tun Sie dies fr\u00fch am Tag und nicht in einem betrunkenen Zustand.<\/em><\/p>\n\n\n\n<p class=\"has-small-font-size\"><em>Die sp\u00e4teste Startzeit f\u00fcr Junggesellenabschiede ist 14.00 Uhr am Nachmittag. Dar\u00fcber hinaus k\u00f6nnen unsere F\u00fchrer Gruppen ablehnen, die in deutlich alkoholisiertem Zustand bei uns eintreffen<\/em>.<\/p>\n\n\n\n<p class=\"has-small-font-size\"><em>Wir hoffen auf eure Mithilfe, um euren Junggesellenabschied zu einem angenehmen und lustigen Tag f\u00fcr euch, unsere Mitarbeiter und unsere anderen G\u00e4ste zu machen!<\/em><\/p>\n<\/div>\n<\/div>\n\n<\/div>\n\n<div class=\"gb-container gb-container-9b6ac654\">\n\n<div style=\"height:100px\" aria-hidden=\"true\" class=\"wp-block-spacer\"><\/div>\n\n\n\n<div class=\"slideshow-container\">\n\n<div class=\"mySlides fade\">\n  <img decoding=\"async\" src=\"\/wp-content\/themes\/generatepress_child\/images\/slider1.jpg\" style=\"width:100%\" class=\"prevent-lazy\">\n<\/div>\n\n<div class=\"mySlides fade\">\n  <img decoding=\"async\" src=\"\/wp-content\/themes\/generatepress_child\/images\/slider2.jpg\" style=\"width:100%\" class=\"prevent-lazy\">\n<\/div>\n\n<div class=\"mySlides fade\">\n <img decoding=\"async\" src=\"\/wp-content\/themes\/generatepress_child\/images\/slider3.jpg\" style=\"width:100%\" class=\"prevent-lazy\">\n<\/div>\n\n<div class=\"mySlides fade\">\n <img decoding=\"async\" src=\"\/wp-content\/themes\/generatepress_child\/images\/slider4.jpg\" style=\"width:100%\" class=\"prevent-lazy\">\n<\/div>\n\n<div class=\"mySlides fade\">\n <img decoding=\"async\" src=\"\/wp-content\/themes\/generatepress_child\/images\/slider5.jpg\" style=\"width:100%\" class=\"prevent-lazy\">\n<\/div>\n\n<div class=\"mySlides fade\">\n <img decoding=\"async\" src=\"\/wp-content\/themes\/generatepress_child\/images\/slider6.jpg\" style=\"width:100%\" class=\"prevent-lazy\">\n<\/div>\n\n<div class=\"mySlides fade\">\n <img decoding=\"async\" src=\"\/wp-content\/themes\/generatepress_child\/images\/slider7.jpg\" style=\"width:100%\" class=\"prevent-lazy\">\n<\/div>\n\n<div class=\"mySlides fade\">\n <img decoding=\"async\" src=\"\/wp-content\/themes\/generatepress_child\/images\/slider8.jpg\" style=\"width:100%\" class=\"prevent-lazy\">\n<\/div>\n\n<div class=\"mySlides fade\">\n <img decoding=\"async\" src=\"\/wp-content\/themes\/generatepress_child\/images\/slider9.jpg\" style=\"width:100%\" class=\"prevent-lazy\">\n<\/div>\n<div class=\"mySlides fade\">\n <img decoding=\"async\" src=\"\/wp-content\/themes\/generatepress_child\/images\/slider10.jpg\" style=\"width:100%\" class=\"prevent-lazy\">\n<\/div>\n<div class=\"mySlides fade\">\n <img decoding=\"async\" src=\"\/wp-content\/themes\/generatepress_child\/images\/slider11.jpg\" style=\"width:100%\" class=\"prevent-lazy\">\n<\/div>\n<div class=\"mySlides fade\">\n <img decoding=\"async\" src=\"\/wp-content\/themes\/generatepress_child\/images\/slider12.jpg\" style=\"width:100%\" class=\"prevent-lazy\">\n<\/div>\n<a class=\"prev\"><\/a>\n<a class=\"next\"><\/a>\n<\/div>\n\n\n\n<div style=\"height:100px\" aria-hidden=\"true\" class=\"wp-block-spacer\"><\/div>\n\n\n\n<div class=\"wp-block-buttons is-horizontal is-content-justification-center is-layout-flex wp-container-core-buttons-is-layout-499968f5 wp-block-buttons-is-layout-flex\">\n<div class=\"wp-block-button\"><a class=\"wp-block-button__link wp-element-button\" href=\"https:\/\/brouwerijdehemel.nl\/de\/arrangementen\/\" style=\"font-style:normal;font-weight:600\">Arrangements in Zusammenarbeit mit unseren Partnern <\/a><\/div>\n<\/div>\n\n<\/div>","protected":false},"excerpt":{"rendered":"<p>BESUCHEN SIE UNSERE BRUDEREI M\u00f6chten Sie mehr \u00fcber spezielles Bier, das Brauen und die Brauerei de Hemel erfahren? In unserer Brauerei erfahren Sie mehr \u00fcber den Brauprozess, die Zutaten und unsere Geschichte. Sie erfahren alles \u00fcber Bier, aber auch \u00fcber die Herstellung von Essig, Senf und Spirituosen. AUSGEW\u00c4HLT 17,50\/pro Person F\u00dcHRUNG ... <a title=\"Besuchen Sie die Brauerei\" class=\"read-more\" href=\"https:\/\/brouwerijdehemel.nl\/de\/bezoek-de-brouwerij\/\" aria-label=\"Mehr Informationen \u00fcber Besuchen Sie die Brauerei\">Weiterlesen<\/a><\/p>","protected":false},"author":2,"featured_media":0,"parent":0,"menu_order":0,"comment_status":"closed","ping_status":"closed","template":"","meta":{"_acf_changed":false,"footnotes":""},"class_list":["post-594","page","type-page","status-publish"],"acf":[],"yoast_head":"<!-- This site is optimized with the Yoast SEO plugin v27.4 - https:\/\/yoast.com\/product\/yoast-seo-wordpress\/ -->\n<title>Bezoek de brouwerij - Brouwerij de Hemel<\/title>\n<meta name=\"robots\" content=\"index, follow, max-snippet:-1, max-image-preview:large, max-video-preview:-1\" \/>\n<link rel=\"canonical\" href=\"https:\/\/brouwerijdehemel.nl\/de\/bezoek-de-brouwerij\/\" \/>\n<meta property=\"og:locale\" content=\"de_DE\" \/>\n<meta property=\"og:type\" content=\"article\" \/>\n<meta property=\"og:title\" content=\"Bezoek de brouwerij - Brouwerij de Hemel\" \/>\n<meta property=\"og:description\" content=\"BEZOEK ONZE BROUWERIJ Wil je meer weten over speciaal bier, brouwen en Brouwerij de Hemel? Kom dan op bezoek!In onze brouwerij maak je kennis met het brouwproces, de ingredi\u00ebnten en onzegeschiedenis. Zo kom je alles te weten over bier, maar ook over het maken van azijn, mosterd en gedistilleerde dranken. MEEST GEKOZEN 17,50\/per persoon RONDLEIDING ... Weiterlesen\" \/>\n<meta property=\"og:url\" content=\"https:\/\/brouwerijdehemel.nl\/de\/bezoek-de-brouwerij\/\" \/>\n<meta property=\"og:site_name\" content=\"Brouwerij de Hemel\" \/>\n<meta property=\"article:publisher\" content=\"https:\/\/www.facebook.com\/DeHemelBrouwerij\/\" \/>\n<meta property=\"article:modified_time\" content=\"2026-03-24T10:13:05+00:00\" \/>\n<meta property=\"og:image\" content=\"https:\/\/brouwerijdehemel.nl\/wp-content\/uploads\/2023\/08\/Brouwerij-de-Hemel-Rondleiding.jpg\" \/>\n\t<meta property=\"og:image:width\" content=\"1080\" \/>\n\t<meta property=\"og:image:height\" content=\"720\" \/>\n\t<meta property=\"og:image:type\" content=\"image\/jpeg\" \/>\n<meta name=\"twitter:card\" content=\"summary_large_image\" \/>\n<meta name=\"twitter:label1\" content=\"Gesch\u00e4tzte Lesezeit\" \/>\n\t<meta name=\"twitter:data1\" content=\"5\u00a0Minuten\" \/>\n<script type=\"application\/ld+json\" class=\"yoast-schema-graph\">{\"@context\":\"https:\\\/\\\/schema.org\",\"@graph\":[{\"@type\":\"WebPage\",\"@id\":\"https:\\\/\\\/brouwerijdehemel.nl\\\/bezoek-de-brouwerij\\\/\",\"url\":\"https:\\\/\\\/brouwerijdehemel.nl\\\/bezoek-de-brouwerij\\\/\",\"name\":\"Bezoek de brouwerij - Brouwerij de Hemel\",\"isPartOf\":{\"@id\":\"https:\\\/\\\/brouwerijdehemel.nl\\\/#website\"},\"primaryImageOfPage\":{\"@id\":\"https:\\\/\\\/brouwerijdehemel.nl\\\/bezoek-de-brouwerij\\\/#primaryimage\"},\"image\":{\"@id\":\"https:\\\/\\\/brouwerijdehemel.nl\\\/bezoek-de-brouwerij\\\/#primaryimage\"},\"thumbnailUrl\":\"https:\\\/\\\/brouwerijdehemel.nl\\\/wp-content\\\/uploads\\\/2023\\\/08\\\/Brouwerij-de-Hemel-Rondleiding.jpg\",\"datePublished\":\"2023-07-10T11:19:12+00:00\",\"dateModified\":\"2026-03-24T10:13:05+00:00\",\"breadcrumb\":{\"@id\":\"https:\\\/\\\/brouwerijdehemel.nl\\\/bezoek-de-brouwerij\\\/#breadcrumb\"},\"inLanguage\":\"de\",\"potentialAction\":[{\"@type\":\"ReadAction\",\"target\":[\"https:\\\/\\\/brouwerijdehemel.nl\\\/bezoek-de-brouwerij\\\/\"]}]},{\"@type\":\"ImageObject\",\"inLanguage\":\"de\",\"@id\":\"https:\\\/\\\/brouwerijdehemel.nl\\\/bezoek-de-brouwerij\\\/#primaryimage\",\"url\":\"https:\\\/\\\/brouwerijdehemel.nl\\\/wp-content\\\/uploads\\\/2023\\\/08\\\/Brouwerij-de-Hemel-Rondleiding.jpg\",\"contentUrl\":\"https:\\\/\\\/brouwerijdehemel.nl\\\/wp-content\\\/uploads\\\/2023\\\/08\\\/Brouwerij-de-Hemel-Rondleiding.jpg\"},{\"@type\":\"BreadcrumbList\",\"@id\":\"https:\\\/\\\/brouwerijdehemel.nl\\\/bezoek-de-brouwerij\\\/#breadcrumb\",\"itemListElement\":[{\"@type\":\"ListItem\",\"position\":1,\"name\":\"Home\",\"item\":\"https:\\\/\\\/brouwerijdehemel.nl\\\/\"},{\"@type\":\"ListItem\",\"position\":2,\"name\":\"Bezoek de brouwerij\"}]},{\"@type\":\"WebSite\",\"@id\":\"https:\\\/\\\/brouwerijdehemel.nl\\\/#website\",\"url\":\"https:\\\/\\\/brouwerijdehemel.nl\\\/\",\"name\":\"Brouwerij de Hemel\",\"description\":\"\",\"publisher\":{\"@id\":\"https:\\\/\\\/brouwerijdehemel.nl\\\/#organization\"},\"potentialAction\":[{\"@type\":\"SearchAction\",\"target\":{\"@type\":\"EntryPoint\",\"urlTemplate\":\"https:\\\/\\\/brouwerijdehemel.nl\\\/?s={search_term_string}\"},\"query-input\":{\"@type\":\"PropertyValueSpecification\",\"valueRequired\":true,\"valueName\":\"search_term_string\"}}],\"inLanguage\":\"de\"},{\"@type\":\"Organization\",\"@id\":\"https:\\\/\\\/brouwerijdehemel.nl\\\/#organization\",\"name\":\"Brouwerij De Hemel\",\"url\":\"https:\\\/\\\/brouwerijdehemel.nl\\\/\",\"logo\":{\"@type\":\"ImageObject\",\"inLanguage\":\"de\",\"@id\":\"https:\\\/\\\/brouwerijdehemel.nl\\\/#\\\/schema\\\/logo\\\/image\\\/\",\"url\":\"https:\\\/\\\/brouwerijdehemel.nl\\\/wp-content\\\/uploads\\\/2023\\\/08\\\/bdh-logo.svg\",\"contentUrl\":\"https:\\\/\\\/brouwerijdehemel.nl\\\/wp-content\\\/uploads\\\/2023\\\/08\\\/bdh-logo.svg\",\"caption\":\"Brouwerij De Hemel\"},\"image\":{\"@id\":\"https:\\\/\\\/brouwerijdehemel.nl\\\/#\\\/schema\\\/logo\\\/image\\\/\"},\"sameAs\":[\"https:\\\/\\\/www.facebook.com\\\/DeHemelBrouwerij\\\/\",\"https:\\\/\\\/www.linkedin.com\\\/company\\\/brouwerij-de-hemel\\\/\",\"https:\\\/\\\/www.instagram.com\\\/de_hemel\\\/\"]}]}<\/script>\n<!-- \/ Yoast SEO plugin. -->","yoast_head_json":{"title":"Besuchen Sie die Brauerei - Brewery de Hemel","robots":{"index":"index","follow":"follow","max-snippet":"max-snippet:-1","max-image-preview":"max-image-preview:large","max-video-preview":"max-video-preview:-1"},"canonical":"https:\/\/brouwerijdehemel.nl\/de\/bezoek-de-brouwerij\/","og_locale":"de_DE","og_type":"article","og_title":"Bezoek de brouwerij - Brouwerij de Hemel","og_description":"BEZOEK ONZE BROUWERIJ Wil je meer weten over speciaal bier, brouwen en Brouwerij de Hemel? Kom dan op bezoek!In onze brouwerij maak je kennis met het brouwproces, de ingredi\u00ebnten en onzegeschiedenis. Zo kom je alles te weten over bier, maar ook over het maken van azijn, mosterd en gedistilleerde dranken. MEEST GEKOZEN 17,50\/per persoon RONDLEIDING ... Weiterlesen","og_url":"https:\/\/brouwerijdehemel.nl\/de\/bezoek-de-brouwerij\/","og_site_name":"Brouwerij de Hemel","article_publisher":"https:\/\/www.facebook.com\/DeHemelBrouwerij\/","article_modified_time":"2026-03-24T10:13:05+00:00","og_image":[{"width":1080,"height":720,"url":"https:\/\/brouwerijdehemel.nl\/wp-content\/uploads\/2023\/08\/Brouwerij-de-Hemel-Rondleiding.jpg","type":"image\/jpeg"}],"twitter_card":"summary_large_image","twitter_misc":{"Gesch\u00e4tzte Lesezeit":"5\u00a0Minuten"},"schema":{"@context":"https:\/\/schema.org","@graph":[{"@type":"WebPage","@id":"https:\/\/brouwerijdehemel.nl\/bezoek-de-brouwerij\/","url":"https:\/\/brouwerijdehemel.nl\/bezoek-de-brouwerij\/","name":"Besuchen Sie die Brauerei - Brewery de Hemel","isPartOf":{"@id":"https:\/\/brouwerijdehemel.nl\/#website"},"primaryImageOfPage":{"@id":"https:\/\/brouwerijdehemel.nl\/bezoek-de-brouwerij\/#primaryimage"},"image":{"@id":"https:\/\/brouwerijdehemel.nl\/bezoek-de-brouwerij\/#primaryimage"},"thumbnailUrl":"https:\/\/brouwerijdehemel.nl\/wp-content\/uploads\/2023\/08\/Brouwerij-de-Hemel-Rondleiding.jpg","datePublished":"2023-07-10T11:19:12+00:00","dateModified":"2026-03-24T10:13:05+00:00","breadcrumb":{"@id":"https:\/\/brouwerijdehemel.nl\/bezoek-de-brouwerij\/#breadcrumb"},"inLanguage":"de","potentialAction":[{"@type":"ReadAction","target":["https:\/\/brouwerijdehemel.nl\/bezoek-de-brouwerij\/"]}]},{"@type":"ImageObject","inLanguage":"de","@id":"https:\/\/brouwerijdehemel.nl\/bezoek-de-brouwerij\/#primaryimage","url":"https:\/\/brouwerijdehemel.nl\/wp-content\/uploads\/2023\/08\/Brouwerij-de-Hemel-Rondleiding.jpg","contentUrl":"https:\/\/brouwerijdehemel.nl\/wp-content\/uploads\/2023\/08\/Brouwerij-de-Hemel-Rondleiding.jpg"},{"@type":"BreadcrumbList","@id":"https:\/\/brouwerijdehemel.nl\/bezoek-de-brouwerij\/#breadcrumb","itemListElement":[{"@type":"ListItem","position":1,"name":"Home","item":"https:\/\/brouwerijdehemel.nl\/"},{"@type":"ListItem","position":2,"name":"Bezoek de brouwerij"}]},{"@type":"WebSite","@id":"https:\/\/brouwerijdehemel.nl\/#website","url":"https:\/\/brouwerijdehemel.nl\/","name":"Brouwerij de Hemel","description":"","publisher":{"@id":"https:\/\/brouwerijdehemel.nl\/#organization"},"potentialAction":[{"@type":"SearchAction","target":{"@type":"EntryPoint","urlTemplate":"https:\/\/brouwerijdehemel.nl\/?s={search_term_string}"},"query-input":{"@type":"PropertyValueSpecification","valueRequired":true,"valueName":"search_term_string"}}],"inLanguage":"de"},{"@type":"Organization","@id":"https:\/\/brouwerijdehemel.nl\/#organization","name":"Die Himmelsbrauerei","url":"https:\/\/brouwerijdehemel.nl\/","logo":{"@type":"ImageObject","inLanguage":"de","@id":"https:\/\/brouwerijdehemel.nl\/#\/schema\/logo\/image\/","url":"https:\/\/brouwerijdehemel.nl\/wp-content\/uploads\/2023\/08\/bdh-logo.svg","contentUrl":"https:\/\/brouwerijdehemel.nl\/wp-content\/uploads\/2023\/08\/bdh-logo.svg","caption":"Brouwerij De Hemel"},"image":{"@id":"https:\/\/brouwerijdehemel.nl\/#\/schema\/logo\/image\/"},"sameAs":["https:\/\/www.facebook.com\/DeHemelBrouwerij\/","https:\/\/www.linkedin.com\/company\/brouwerij-de-hemel\/","https:\/\/www.instagram.com\/de_hemel\/"]}]}},"_links":{"self":[{"href":"https:\/\/brouwerijdehemel.nl\/de\/wp-json\/wp\/v2\/pages\/594","targetHints":{"allow":["GET"]}}],"collection":[{"href":"https:\/\/brouwerijdehemel.nl\/de\/wp-json\/wp\/v2\/pages"}],"about":[{"href":"https:\/\/brouwerijdehemel.nl\/de\/wp-json\/wp\/v2\/types\/page"}],"author":[{"embeddable":true,"href":"https:\/\/brouwerijdehemel.nl\/de\/wp-json\/wp\/v2\/users\/2"}],"replies":[{"embeddable":true,"href":"https:\/\/brouwerijdehemel.nl\/de\/wp-json\/wp\/v2\/comments?post=594"}],"version-history":[{"count":158,"href":"https:\/\/brouwerijdehemel.nl\/de\/wp-json\/wp\/v2\/pages\/594\/revisions"}],"predecessor-version":[{"id":7640,"href":"https:\/\/brouwerijdehemel.nl\/de\/wp-json\/wp\/v2\/pages\/594\/revisions\/7640"}],"wp:attachment":[{"href":"https:\/\/brouwerijdehemel.nl\/de\/wp-json\/wp\/v2\/media?parent=594"}],"curies":[{"name":"wp","href":"https:\/\/api.w.org\/{rel}","templated":true}]}}