{"id":7349,"date":"2026-02-19T10:03:46","date_gmt":"2026-02-19T09:03:46","guid":{"rendered":"https:\/\/brouwerijdehemel.nl\/?post_type=product&#038;p=7349"},"modified":"2026-04-29T15:09:49","modified_gmt":"2026-04-29T13:09:49","slug":"single-cask-bierbrand","status":"publish","type":"product","link":"http:\/\/brouwerijdehemel.nl\/de\/produkt\/single-cask-bierbrand\/","title":{"rendered":"Einzelfass-Biermarke"},"content":{"rendered":"<p>Dieser Premium-Bierbrand ist mild im Geschmack und verdankt seinen malzigen Charakter dem Bier, das bei der Herstellung verwendet wird.<\/p>\n<p>Zur Herstellung dieses whisky\u00e4hnlichen Getr\u00e4nks verwenden wir die Biere aus unserer Brauerei. Die Malzmaische aus dem Brauprozess und das Restbier aus den Ausschankf\u00e4ssern destillieren wir durch eine dreifache Destillationskolonne, um ein reines und klares Destillat mit einem Alkoholgehalt von nicht weniger als 75% zu erhalten. Dieses Destillat wird in einem franz\u00f6sischen Eichenfass aus Limousin gereift, das in der Vergangenheit f\u00fcr die Reifung von deutschem Rotwein verwendet wurde.<\/p>\n<p>Nach drei Jahren Lagerzeit w\u00e4hlen wir das Fass mit dem besten Reifegeschmack aus, um es l\u00e4nger reifen zu lassen. Wir vermischen dieses Fass nicht mit anderen F\u00e4ssern, weshalb es den Namen Single Cask tragen darf. Durch die zus\u00e4tzliche Reifung und Oxidation verliert dieser Bierbrand seine Sch\u00e4rfe und die vorhandenen Aromen werden untereinander immer ausgewogener. Unser Single-Cask-Bierbrand ist weicher als unser drei Jahre alter Single-Malt-Bierbrand und mit jedem Schluck werden Sie neue Geschmacksrichtungen entdecken.<\/p>\n<p>Alkoholgehalt: 45% Vol.<\/p>","protected":false},"excerpt":{"rendered":"<p>Dieser Single-Cask-Bierbrand wird aus Bier destilliert und reift acht Jahre lang in Holzf\u00e4ssern.<\/p>","protected":false},"featured_media":7601,"template":"","meta":{"_acf_changed":false},"product_brand":[],"product_cat":[129],"product_tag":[],"class_list":{"0":"post-7349","1":"product","2":"type-product","3":"status-publish","4":"has-post-thumbnail","6":"product_cat-distillaten","8":"first","9":"instock","10":"taxable","11":"shipping-taxable","12":"purchasable","13":"product-type-variable"},"booking_location":null,"booking_location_type":null,"booking_duration":null,"booking_duration_unit":null,"booking_buffer":null,"booking_cost":null,"booking_resources":null,"exclude_global_add_ons":[],"addons":[],"acf":[],"yoast_head":"<!-- This site is optimized with the Yoast SEO plugin v27.5 - https:\/\/yoast.com\/product\/yoast-seo-wordpress\/ -->\n<title>Single Cask Bierbrand - Brouwerij de Hemel<\/title>\n<meta name=\"robots\" content=\"index, follow, max-snippet:-1, max-image-preview:large, max-video-preview:-1\" \/>\n<link rel=\"canonical\" href=\"https:\/\/brouwerijdehemel.nl\/de\/produkt\/single-cask-bierbrand\/\" \/>\n<meta property=\"og:locale\" content=\"de_DE\" \/>\n<meta property=\"og:type\" content=\"article\" \/>\n<meta property=\"og:title\" content=\"Single Cask Bierbrand - Brouwerij de Hemel\" \/>\n<meta property=\"og:description\" content=\"Deze single cask bierbrand wordt uit bier gestookt en heeft acht jaar gelagerd op houten vaten.\" \/>\n<meta property=\"og:url\" content=\"https:\/\/brouwerijdehemel.nl\/de\/produkt\/single-cask-bierbrand\/\" \/>\n<meta property=\"og:site_name\" content=\"Brouwerij de Hemel\" \/>\n<meta property=\"article:publisher\" content=\"https:\/\/www.facebook.com\/DeHemelBrouwerij\/\" \/>\n<meta property=\"article:modified_time\" content=\"2026-04-29T13:09:49+00:00\" \/>\n<meta property=\"og:image\" content=\"https:\/\/brouwerijdehemel.nl\/wp-content\/uploads\/2026\/03\/webshop-SC-8jaar.jpg\" \/>\n\t<meta property=\"og:image:width\" content=\"999\" \/>\n\t<meta property=\"og:image:height\" content=\"1386\" \/>\n\t<meta property=\"og:image:type\" content=\"image\/jpeg\" \/>\n<meta name=\"twitter:card\" content=\"summary_large_image\" \/>\n<meta name=\"twitter:label1\" content=\"Gesch\u00e4tzte Lesezeit\" \/>\n\t<meta name=\"twitter:data1\" content=\"2\u00a0Minuten\" \/>\n<script type=\"application\/ld+json\" class=\"yoast-schema-graph\">{\"@context\":\"https:\\\/\\\/schema.org\",\"@graph\":[{\"@type\":\"WebPage\",\"@id\":\"https:\\\/\\\/brouwerijdehemel.nl\\\/product\\\/single-cask-bierbrand\\\/\",\"url\":\"https:\\\/\\\/brouwerijdehemel.nl\\\/product\\\/single-cask-bierbrand\\\/\",\"name\":\"Single Cask Bierbrand - Brouwerij de Hemel\",\"isPartOf\":{\"@id\":\"https:\\\/\\\/brouwerijdehemel.nl\\\/#website\"},\"primaryImageOfPage\":{\"@id\":\"https:\\\/\\\/brouwerijdehemel.nl\\\/product\\\/single-cask-bierbrand\\\/#primaryimage\"},\"image\":{\"@id\":\"https:\\\/\\\/brouwerijdehemel.nl\\\/product\\\/single-cask-bierbrand\\\/#primaryimage\"},\"thumbnailUrl\":\"https:\\\/\\\/brouwerijdehemel.nl\\\/wp-content\\\/uploads\\\/2026\\\/03\\\/webshop-SC-8jaar.jpg\",\"datePublished\":\"2026-02-19T09:03:46+00:00\",\"dateModified\":\"2026-04-29T13:09:49+00:00\",\"breadcrumb\":{\"@id\":\"https:\\\/\\\/brouwerijdehemel.nl\\\/product\\\/single-cask-bierbrand\\\/#breadcrumb\"},\"inLanguage\":\"de\",\"potentialAction\":[{\"@type\":\"ReadAction\",\"target\":[\"https:\\\/\\\/brouwerijdehemel.nl\\\/product\\\/single-cask-bierbrand\\\/\"]}]},{\"@type\":\"ImageObject\",\"inLanguage\":\"de\",\"@id\":\"https:\\\/\\\/brouwerijdehemel.nl\\\/product\\\/single-cask-bierbrand\\\/#primaryimage\",\"url\":\"https:\\\/\\\/brouwerijdehemel.nl\\\/wp-content\\\/uploads\\\/2026\\\/03\\\/webshop-SC-8jaar.jpg\",\"contentUrl\":\"https:\\\/\\\/brouwerijdehemel.nl\\\/wp-content\\\/uploads\\\/2026\\\/03\\\/webshop-SC-8jaar.jpg\",\"width\":999,\"height\":1386},{\"@type\":\"BreadcrumbList\",\"@id\":\"https:\\\/\\\/brouwerijdehemel.nl\\\/product\\\/single-cask-bierbrand\\\/#breadcrumb\",\"itemListElement\":[{\"@type\":\"ListItem\",\"position\":1,\"name\":\"Home\",\"item\":\"https:\\\/\\\/brouwerijdehemel.nl\\\/\"},{\"@type\":\"ListItem\",\"position\":2,\"name\":\"Products\",\"item\":\"https:\\\/\\\/brouwerijdehemel.nl\\\/en\\\/shop\\\/\"},{\"@type\":\"ListItem\",\"position\":3,\"name\":\"Single Cask Bierbrand\"}]},{\"@type\":\"WebSite\",\"@id\":\"https:\\\/\\\/brouwerijdehemel.nl\\\/#website\",\"url\":\"https:\\\/\\\/brouwerijdehemel.nl\\\/\",\"name\":\"Brouwerij de Hemel\",\"description\":\"\",\"publisher\":{\"@id\":\"https:\\\/\\\/brouwerijdehemel.nl\\\/#organization\"},\"potentialAction\":[{\"@type\":\"SearchAction\",\"target\":{\"@type\":\"EntryPoint\",\"urlTemplate\":\"https:\\\/\\\/brouwerijdehemel.nl\\\/?s={search_term_string}\"},\"query-input\":{\"@type\":\"PropertyValueSpecification\",\"valueRequired\":true,\"valueName\":\"search_term_string\"}}],\"inLanguage\":\"de\"},{\"@type\":\"Organization\",\"@id\":\"https:\\\/\\\/brouwerijdehemel.nl\\\/#organization\",\"name\":\"Brouwerij De Hemel\",\"url\":\"https:\\\/\\\/brouwerijdehemel.nl\\\/\",\"logo\":{\"@type\":\"ImageObject\",\"inLanguage\":\"de\",\"@id\":\"https:\\\/\\\/brouwerijdehemel.nl\\\/#\\\/schema\\\/logo\\\/image\\\/\",\"url\":\"https:\\\/\\\/brouwerijdehemel.nl\\\/wp-content\\\/uploads\\\/2023\\\/08\\\/bdh-logo.svg\",\"contentUrl\":\"https:\\\/\\\/brouwerijdehemel.nl\\\/wp-content\\\/uploads\\\/2023\\\/08\\\/bdh-logo.svg\",\"caption\":\"Brouwerij De Hemel\"},\"image\":{\"@id\":\"https:\\\/\\\/brouwerijdehemel.nl\\\/#\\\/schema\\\/logo\\\/image\\\/\"},\"sameAs\":[\"https:\\\/\\\/www.facebook.com\\\/DeHemelBrouwerij\\\/\",\"https:\\\/\\\/www.linkedin.com\\\/company\\\/brouwerij-de-hemel\\\/\",\"https:\\\/\\\/www.instagram.com\\\/de_hemel\\\/\"]}]}<\/script>\n<!-- \/ Yoast SEO plugin. -->","yoast_head_json":{"title":"Single Cask Bierbrand - Brouwerij de Hemel","robots":{"index":"index","follow":"follow","max-snippet":"max-snippet:-1","max-image-preview":"max-image-preview:large","max-video-preview":"max-video-preview:-1"},"canonical":"https:\/\/brouwerijdehemel.nl\/de\/produkt\/single-cask-bierbrand\/","og_locale":"de_DE","og_type":"article","og_title":"Single Cask Bierbrand - Brouwerij de Hemel","og_description":"Deze single cask bierbrand wordt uit bier gestookt en heeft acht jaar gelagerd op houten vaten.","og_url":"https:\/\/brouwerijdehemel.nl\/de\/produkt\/single-cask-bierbrand\/","og_site_name":"Brouwerij de Hemel","article_publisher":"https:\/\/www.facebook.com\/DeHemelBrouwerij\/","article_modified_time":"2026-04-29T13:09:49+00:00","og_image":[{"width":999,"height":1386,"url":"https:\/\/brouwerijdehemel.nl\/wp-content\/uploads\/2026\/03\/webshop-SC-8jaar.jpg","type":"image\/jpeg"}],"twitter_card":"summary_large_image","twitter_misc":{"Gesch\u00e4tzte Lesezeit":"2\u00a0Minuten"},"schema":{"@context":"https:\/\/schema.org","@graph":[{"@type":"WebPage","@id":"https:\/\/brouwerijdehemel.nl\/product\/single-cask-bierbrand\/","url":"https:\/\/brouwerijdehemel.nl\/product\/single-cask-bierbrand\/","name":"Single Cask Bierbrand - Brouwerij de Hemel","isPartOf":{"@id":"https:\/\/brouwerijdehemel.nl\/#website"},"primaryImageOfPage":{"@id":"https:\/\/brouwerijdehemel.nl\/product\/single-cask-bierbrand\/#primaryimage"},"image":{"@id":"https:\/\/brouwerijdehemel.nl\/product\/single-cask-bierbrand\/#primaryimage"},"thumbnailUrl":"https:\/\/brouwerijdehemel.nl\/wp-content\/uploads\/2026\/03\/webshop-SC-8jaar.jpg","datePublished":"2026-02-19T09:03:46+00:00","dateModified":"2026-04-29T13:09:49+00:00","breadcrumb":{"@id":"https:\/\/brouwerijdehemel.nl\/product\/single-cask-bierbrand\/#breadcrumb"},"inLanguage":"de","potentialAction":[{"@type":"ReadAction","target":["https:\/\/brouwerijdehemel.nl\/product\/single-cask-bierbrand\/"]}]},{"@type":"ImageObject","inLanguage":"de","@id":"https:\/\/brouwerijdehemel.nl\/product\/single-cask-bierbrand\/#primaryimage","url":"https:\/\/brouwerijdehemel.nl\/wp-content\/uploads\/2026\/03\/webshop-SC-8jaar.jpg","contentUrl":"https:\/\/brouwerijdehemel.nl\/wp-content\/uploads\/2026\/03\/webshop-SC-8jaar.jpg","width":999,"height":1386},{"@type":"BreadcrumbList","@id":"https:\/\/brouwerijdehemel.nl\/product\/single-cask-bierbrand\/#breadcrumb","itemListElement":[{"@type":"ListItem","position":1,"name":"Home","item":"https:\/\/brouwerijdehemel.nl\/"},{"@type":"ListItem","position":2,"name":"Products","item":"https:\/\/brouwerijdehemel.nl\/en\/shop\/"},{"@type":"ListItem","position":3,"name":"Single Cask Bierbrand"}]},{"@type":"WebSite","@id":"https:\/\/brouwerijdehemel.nl\/#website","url":"https:\/\/brouwerijdehemel.nl\/","name":"Brouwerij de Hemel","description":"","publisher":{"@id":"https:\/\/brouwerijdehemel.nl\/#organization"},"potentialAction":[{"@type":"SearchAction","target":{"@type":"EntryPoint","urlTemplate":"https:\/\/brouwerijdehemel.nl\/?s={search_term_string}"},"query-input":{"@type":"PropertyValueSpecification","valueRequired":true,"valueName":"search_term_string"}}],"inLanguage":"de"},{"@type":"Organization","@id":"https:\/\/brouwerijdehemel.nl\/#organization","name":"Die Himmelsbrauerei","url":"https:\/\/brouwerijdehemel.nl\/","logo":{"@type":"ImageObject","inLanguage":"de","@id":"https:\/\/brouwerijdehemel.nl\/#\/schema\/logo\/image\/","url":"https:\/\/brouwerijdehemel.nl\/wp-content\/uploads\/2023\/08\/bdh-logo.svg","contentUrl":"https:\/\/brouwerijdehemel.nl\/wp-content\/uploads\/2023\/08\/bdh-logo.svg","caption":"Brouwerij De Hemel"},"image":{"@id":"https:\/\/brouwerijdehemel.nl\/#\/schema\/logo\/image\/"},"sameAs":["https:\/\/www.facebook.com\/DeHemelBrouwerij\/","https:\/\/www.linkedin.com\/company\/brouwerij-de-hemel\/","https:\/\/www.instagram.com\/de_hemel\/"]}]}},"_links":{"self":[{"href":"http:\/\/brouwerijdehemel.nl\/de\/wp-json\/wp\/v2\/product\/7349","targetHints":{"allow":["GET"]}}],"collection":[{"href":"http:\/\/brouwerijdehemel.nl\/de\/wp-json\/wp\/v2\/product"}],"about":[{"href":"http:\/\/brouwerijdehemel.nl\/de\/wp-json\/wp\/v2\/types\/product"}],"wp:featuredmedia":[{"embeddable":true,"href":"http:\/\/brouwerijdehemel.nl\/de\/wp-json\/wp\/v2\/media\/7601"}],"wp:attachment":[{"href":"http:\/\/brouwerijdehemel.nl\/de\/wp-json\/wp\/v2\/media?parent=7349"}],"wp:term":[{"taxonomy":"product_brand","embeddable":true,"href":"http:\/\/brouwerijdehemel.nl\/de\/wp-json\/wp\/v2\/product_brand?post=7349"},{"taxonomy":"product_cat","embeddable":true,"href":"http:\/\/brouwerijdehemel.nl\/de\/wp-json\/wp\/v2\/product_cat?post=7349"},{"taxonomy":"product_tag","embeddable":true,"href":"http:\/\/brouwerijdehemel.nl\/de\/wp-json\/wp\/v2\/product_tag?post=7349"}],"curies":[{"name":"wp","href":"https:\/\/api.w.org\/{rel}","templated":true}]}}